{"id":2096302,"date":"2025-02-14T06:58:20","date_gmt":"2025-02-14T05:58:20","guid":{"rendered":"https:\/\/eu.tilta.com\/shop\/montagehalterung-fuer-tilta-mirage-pro-matte-box\/"},"modified":"2026-02-16T09:03:38","modified_gmt":"2026-02-16T08:03:38","slug":"mounting-bracket-for-tilta-mirage-pro-matte-box","status":"publish","type":"product","link":"https:\/\/eu.tilta.com\/de\/shop\/mounting-bracket-for-tilta-mirage-pro-matte-box\/","title":{"rendered":"Montagehalterung f\u00fcr Tilta Mirage Pro Matte Box"},"content":{"rendered":"<p><em>Wir stellen Ihnen die Montagehalterung f\u00fcr die Tilta Mirage Matte Box vor.<\/em><\/p>\n<p>Mit dieser Halterung k\u00f6nnen Sie die Mirage Pro Matte Box \u00fcber 15mm LWS oder 19mm Studiostangen befestigen.<\/p>\n<p>Auf diese Weise l\u00e4sst sich die Mirage Pro in Ihr bestehendes Setup integrieren und kann zum Wechseln der Objektive einfach nach vorne geschoben werden, solange die Stangen lang genug sind.<\/p>\n<p>In Kombination mit einer Klemmhalterung dient diese Halterung als zus\u00e4tzliche St\u00fctze f\u00fcr schwerere Objektive.<\/p>\n<p>Bitte beachten Sie, dass es sich hierbei um einen Adapter mit fester H\u00f6he handelt, der die Mitte der Matte Box auf den LWS- oder Studio-Standard ausrichtet.<\/p>\n<p>Wenn Sie nicht die richtige LWS- oder Studio-Basisplatte f\u00fcr Ihr Kamerageh\u00e4use verwenden, kann es sein, dass dieser Adapter nicht korrekt auf Ihr Objektiv ausgerichtet ist.<\/p>\n","protected":false},"excerpt":{"rendered":"<p>Wir stellen Ihnen die Montagehalterung f\u00fcr die Tilta Mirage Matte Box vor. Mit dieser Halterung k\u00f6nnen Sie die Mirage Pro Matte Box \u00fcber 15mm LWS oder 19mm Studiostangen befestigen. Auf diese Weise l\u00e4sst sich die Mirage Pro in Ihr bestehendes [&hellip;]<\/p>\n","protected":false},"featured_media":2086867,"comment_status":"open","ping_status":"closed","template":"","meta":[],"product_cat":[4448,3765],"product_tag":[],"acf":[],"gallery_images":[2086853],"_links":{"self":[{"href":"https:\/\/eu.tilta.com\/de\/wp-json\/wp\/v2\/product\/2096302"}],"collection":[{"href":"https:\/\/eu.tilta.com\/de\/wp-json\/wp\/v2\/product"}],"about":[{"href":"https:\/\/eu.tilta.com\/de\/wp-json\/wp\/v2\/types\/product"}],"replies":[{"embeddable":true,"href":"https:\/\/eu.tilta.com\/de\/wp-json\/wp\/v2\/comments?post=2096302"}],"wp:featuredmedia":[{"embeddable":true,"href":"https:\/\/eu.tilta.com\/de\/wp-json\/wp\/v2\/media\/2086867"}],"wp:attachment":[{"href":"https:\/\/eu.tilta.com\/de\/wp-json\/wp\/v2\/media?parent=2096302"}],"wp:term":[{"taxonomy":"product_cat","embeddable":true,"href":"https:\/\/eu.tilta.com\/de\/wp-json\/wp\/v2\/product_cat?post=2096302"},{"taxonomy":"product_tag","embeddable":true,"href":"https:\/\/eu.tilta.com\/de\/wp-json\/wp\/v2\/product_tag?post=2096302"}],"curies":[{"name":"wp","href":"https:\/\/api.w.org\/{rel}","templated":true}]}}