{"id":2096304,"date":"2025-02-14T08:04:07","date_gmt":"2025-02-14T07:04:07","guid":{"rendered":"https:\/\/eu.tilta.com\/shop\/4x5-65-filtereinsatz-fuer-tilta-mirage-pro-matte-box\/"},"modified":"2026-02-16T09:03:38","modified_gmt":"2026-02-16T08:03:38","slug":"4x5-65-filter-tray-body-for-tilta-mirage-pro-matte-box","status":"publish","type":"product","link":"https:\/\/eu.tilta.com\/de\/shop\/4x5-65-filter-tray-body-for-tilta-mirage-pro-matte-box\/","title":{"rendered":"4\u00d75.65 Filtereinsatz f\u00fcr Tilta Mirage Pro Matte Box"},"content":{"rendered":"<p><em>Wir stellen das 4\u00d75,65 Filter Tray Body f\u00fcr Tilta Mirage Pro Matte Box vor<\/em><\/p>\n<p>Diese 3 Komponenten werden direkt am Geh\u00e4use der Mirage Pro Matte Box befestigt, um jedes der 4\u00d75,65 Filter Trays aufzunehmen.<\/p>\n<p>Bitte beachten Sie: Diese Teile dienen als Ersatz f\u00fcr die im Lieferumfang der Matte Box enthaltenen Teile.<\/p>\n","protected":false},"excerpt":{"rendered":"<p>Wir stellen das 4\u00d75,65 Filter Tray Body f\u00fcr Tilta Mirage Pro Matte Box vor Diese 3 Komponenten werden direkt am Geh\u00e4use der Mirage Pro Matte Box befestigt, um jedes der 4\u00d75,65 Filter Trays aufzunehmen. Bitte beachten Sie: Diese Teile dienen [&hellip;]<\/p>\n","protected":false},"featured_media":2087354,"comment_status":"open","ping_status":"closed","template":"","meta":[],"product_cat":[4448,3765],"product_tag":[],"acf":[],"gallery_images":[],"_links":{"self":[{"href":"https:\/\/eu.tilta.com\/de\/wp-json\/wp\/v2\/product\/2096304"}],"collection":[{"href":"https:\/\/eu.tilta.com\/de\/wp-json\/wp\/v2\/product"}],"about":[{"href":"https:\/\/eu.tilta.com\/de\/wp-json\/wp\/v2\/types\/product"}],"replies":[{"embeddable":true,"href":"https:\/\/eu.tilta.com\/de\/wp-json\/wp\/v2\/comments?post=2096304"}],"wp:featuredmedia":[{"embeddable":true,"href":"https:\/\/eu.tilta.com\/de\/wp-json\/wp\/v2\/media\/2087354"}],"wp:attachment":[{"href":"https:\/\/eu.tilta.com\/de\/wp-json\/wp\/v2\/media?parent=2096304"}],"wp:term":[{"taxonomy":"product_cat","embeddable":true,"href":"https:\/\/eu.tilta.com\/de\/wp-json\/wp\/v2\/product_cat?post=2096304"},{"taxonomy":"product_tag","embeddable":true,"href":"https:\/\/eu.tilta.com\/de\/wp-json\/wp\/v2\/product_tag?post=2096304"}],"curies":[{"name":"wp","href":"https:\/\/api.w.org\/{rel}","templated":true}]}}