{"id":2096336,"date":"2025-02-14T08:30:34","date_gmt":"2025-02-14T07:30:34","guid":{"rendered":"https:\/\/eu.tilta.com\/shop\/flagge-fuer-tilta-mirage-pro-matte-box\/"},"modified":"2026-02-16T09:03:39","modified_gmt":"2026-02-16T08:03:39","slug":"flag-for-tilta-mirage-pro-matte-box","status":"publish","type":"product","link":"https:\/\/eu.tilta.com\/de\/shop\/flag-for-tilta-mirage-pro-matte-box\/","title":{"rendered":"Flagge f\u00fcr Tilta Mirage Pro Matte Box"},"content":{"rendered":"<p><em>Wir stellen Ihnen die Top, Bottom und Side Flags f\u00fcr die Tilta Mirage Pro Matte Box vor.<\/em><\/p>\n<p>Diese Flaggen f\u00fcr die Mirage Pro Matte Box werden \u00fcber 1\/4\u2033-20 Schrauben mit Passstiften direkt am Geh\u00e4use der Matte Box befestigt.<\/p>\n<p>Sie sind in der Lage, selbst bei schwierigsten Lichtverh\u00e4ltnissen Fackeln zu blockieren.<\/p>\n<p>Sie k\u00f6nnen auch erweitert oder zusammengeklappt werden, um das Licht je nach Bedarf zu blockieren.<\/p>\n","protected":false},"excerpt":{"rendered":"<p>Wir stellen Ihnen die Top, Bottom und Side Flags f\u00fcr die Tilta Mirage Pro Matte Box vor. Diese Flaggen f\u00fcr die Mirage Pro Matte Box werden \u00fcber 1\/4\u2033-20 Schrauben mit Passstiften direkt am Geh\u00e4use der Matte Box befestigt. Sie sind [&hellip;]<\/p>\n","protected":false},"featured_media":2087521,"comment_status":"open","ping_status":"closed","template":"","meta":[],"product_cat":[4448,3765],"product_tag":[],"acf":[],"gallery_images":[],"_links":{"self":[{"href":"https:\/\/eu.tilta.com\/de\/wp-json\/wp\/v2\/product\/2096336"}],"collection":[{"href":"https:\/\/eu.tilta.com\/de\/wp-json\/wp\/v2\/product"}],"about":[{"href":"https:\/\/eu.tilta.com\/de\/wp-json\/wp\/v2\/types\/product"}],"replies":[{"embeddable":true,"href":"https:\/\/eu.tilta.com\/de\/wp-json\/wp\/v2\/comments?post=2096336"}],"wp:featuredmedia":[{"embeddable":true,"href":"https:\/\/eu.tilta.com\/de\/wp-json\/wp\/v2\/media\/2087521"}],"wp:attachment":[{"href":"https:\/\/eu.tilta.com\/de\/wp-json\/wp\/v2\/media?parent=2096336"}],"wp:term":[{"taxonomy":"product_cat","embeddable":true,"href":"https:\/\/eu.tilta.com\/de\/wp-json\/wp\/v2\/product_cat?post=2096336"},{"taxonomy":"product_tag","embeddable":true,"href":"https:\/\/eu.tilta.com\/de\/wp-json\/wp\/v2\/product_tag?post=2096336"}],"curies":[{"name":"wp","href":"https:\/\/api.w.org\/{rel}","templated":true}]}}