{"id":2096364,"date":"2025-02-14T04:56:50","date_gmt":"2025-02-14T03:56:50","guid":{"rendered":"https:\/\/eu.tilta.com\/shop\/stabadapter-fuer-tilta-mirage-pro-matte-box\/"},"modified":"2026-02-16T09:03:40","modified_gmt":"2026-02-16T08:03:40","slug":"rod-adapter-for-tilta-mirage-pro-matte-box","status":"publish","type":"product","link":"https:\/\/eu.tilta.com\/de\/shop\/rod-adapter-for-tilta-mirage-pro-matte-box\/","title":{"rendered":"Stabadapter f\u00fcr Tilta Mirage Pro Matte Box"},"content":{"rendered":"<div class=\"overview-text\">\n<p class=\"p1\"><em>Wir stellen den Rod Adapter f\u00fcr Tilta Mirage Matte Box vor<\/em><\/p>\n<p>Mit diesem Stangenadapter k\u00f6nnen Sie die Mirage Pro \u00fcber 15mm LWS oder 19mm Studiostangen montieren.<\/p>\n<p class=\"p1\">Dadurch l\u00e4sst sich die Mirage Pro leicht in Ihr bestehendes Setup integrieren, da sie f\u00fcr einen schnellen Objektivwechsel weggeschwenkt werden kann.<\/p>\n<p>HINWEIS: Dieser Stangenadapter ben\u00f6tigt den Swing Away Adapter, um die Mirage Pro Matte Box an 15mm oder 19mm Stangen zu befestigen.<\/p>\n<\/div>\n","protected":false},"excerpt":{"rendered":"<p>Wir stellen den Rod Adapter f\u00fcr Tilta Mirage Matte Box vor Mit diesem Stangenadapter k\u00f6nnen Sie die Mirage Pro \u00fcber 15mm LWS oder 19mm Studiostangen montieren. Dadurch l\u00e4sst sich die Mirage Pro leicht in Ihr bestehendes Setup integrieren, da sie [&hellip;]<\/p>\n","protected":false},"featured_media":2086295,"comment_status":"open","ping_status":"closed","template":"","meta":[],"product_cat":[4448,3765],"product_tag":[],"acf":[],"gallery_images":[2086281],"_links":{"self":[{"href":"https:\/\/eu.tilta.com\/de\/wp-json\/wp\/v2\/product\/2096364"}],"collection":[{"href":"https:\/\/eu.tilta.com\/de\/wp-json\/wp\/v2\/product"}],"about":[{"href":"https:\/\/eu.tilta.com\/de\/wp-json\/wp\/v2\/types\/product"}],"replies":[{"embeddable":true,"href":"https:\/\/eu.tilta.com\/de\/wp-json\/wp\/v2\/comments?post=2096364"}],"wp:featuredmedia":[{"embeddable":true,"href":"https:\/\/eu.tilta.com\/de\/wp-json\/wp\/v2\/media\/2086295"}],"wp:attachment":[{"href":"https:\/\/eu.tilta.com\/de\/wp-json\/wp\/v2\/media?parent=2096364"}],"wp:term":[{"taxonomy":"product_cat","embeddable":true,"href":"https:\/\/eu.tilta.com\/de\/wp-json\/wp\/v2\/product_cat?post=2096364"},{"taxonomy":"product_tag","embeddable":true,"href":"https:\/\/eu.tilta.com\/de\/wp-json\/wp\/v2\/product_tag?post=2096364"}],"curies":[{"name":"wp","href":"https:\/\/api.w.org\/{rel}","templated":true}]}}