{"id":2096401,"date":"2025-02-14T04:42:56","date_gmt":"2025-02-14T03:42:56","guid":{"rendered":"https:\/\/eu.tilta.com\/shop\/klemmadapter-fuer-tilta-mirage-pro-matte-box\/"},"modified":"2026-02-16T09:03:41","modified_gmt":"2026-02-16T08:03:41","slug":"clamp-on-adapter-for-tilta-mirage-pro-matte-box","status":"publish","type":"product","link":"https:\/\/eu.tilta.com\/de\/shop\/clamp-on-adapter-for-tilta-mirage-pro-matte-box\/","title":{"rendered":"Klemmadapter f\u00fcr Tilta Mirage Pro Matte Box"},"content":{"rendered":"<p><em>Wir stellen Ihnen den Clamp On Adapter f\u00fcr die Mirage Pro Matte Box vor.<\/em><\/p>\n<p>Diese Klemmhalterung ist in verschiedenen Gr\u00f6\u00dfen erh\u00e4ltlich, um unterschiedlich gro\u00dfe Objektive aufzunehmen, und kann bei Bedarf einfach ausgetauscht werden.<\/p>\n<p>Der 95-mm-Adapter kann \u00fcber unsere Mirage-Adapter, die \u00fcber Filtergewinde befestigt werden, mit Fotoobjektiven kompatibel gemacht werden.<\/p>\n","protected":false},"excerpt":{"rendered":"<p>Wir stellen Ihnen den Clamp On Adapter f\u00fcr die Mirage Pro Matte Box vor. Diese Klemmhalterung ist in verschiedenen Gr\u00f6\u00dfen erh\u00e4ltlich, um unterschiedlich gro\u00dfe Objektive aufzunehmen, und kann bei Bedarf einfach ausgetauscht werden. Der 95-mm-Adapter kann \u00fcber unsere Mirage-Adapter, die [&hellip;]<\/p>\n","protected":false},"featured_media":2086027,"comment_status":"open","ping_status":"closed","template":"","meta":[],"product_cat":[3765],"product_tag":[],"acf":[],"gallery_images":[],"_links":{"self":[{"href":"https:\/\/eu.tilta.com\/de\/wp-json\/wp\/v2\/product\/2096401"}],"collection":[{"href":"https:\/\/eu.tilta.com\/de\/wp-json\/wp\/v2\/product"}],"about":[{"href":"https:\/\/eu.tilta.com\/de\/wp-json\/wp\/v2\/types\/product"}],"replies":[{"embeddable":true,"href":"https:\/\/eu.tilta.com\/de\/wp-json\/wp\/v2\/comments?post=2096401"}],"wp:featuredmedia":[{"embeddable":true,"href":"https:\/\/eu.tilta.com\/de\/wp-json\/wp\/v2\/media\/2086027"}],"wp:attachment":[{"href":"https:\/\/eu.tilta.com\/de\/wp-json\/wp\/v2\/media?parent=2096401"}],"wp:term":[{"taxonomy":"product_cat","embeddable":true,"href":"https:\/\/eu.tilta.com\/de\/wp-json\/wp\/v2\/product_cat?post=2096401"},{"taxonomy":"product_tag","embeddable":true,"href":"https:\/\/eu.tilta.com\/de\/wp-json\/wp\/v2\/product_tag?post=2096401"}],"curies":[{"name":"wp","href":"https:\/\/api.w.org\/{rel}","templated":true}]}}