{"id":2096402,"date":"2025-02-13T09:21:54","date_gmt":"2025-02-13T08:21:54","guid":{"rendered":"https:\/\/eu.tilta.com\/shop\/universeller-befestigungsgurt-fuer-zubehoer-1-4%e2%80%b3-20-schwarz\/"},"modified":"2025-12-05T14:14:23","modified_gmt":"2025-12-05T13:14:23","slug":"universal-accessory-mounting-strap-1-4%e2%80%b3-20-black","status":"publish","type":"product","link":"https:\/\/eu.tilta.com\/de\/shop\/universal-accessory-mounting-strap-1-4%e2%80%b3-20-black\/","title":{"rendered":"Universeller Befestigungsgurt f\u00fcr Zubeh\u00f6r (1\/4\u2033-20) &#8211; Schwarz"},"content":{"rendered":"<p><em>Einf\u00fchrung des universellen Befestigungsriemens f\u00fcr Zubeh\u00f6r<\/em><\/p>\n<p>Dieser leichte Klettverschlussriemen ist schnell zu montieren und verf\u00fcgt \u00fcber ein 1\/4\u2033-20 oder 3\/8\u2033-16 Gewinde, um eine Vielzahl von Zubeh\u00f6r oder kleinen Kameras zu tragen.<\/p>\n<p>Das native 3\/8&#8243;-16 Gewinde kann mit dem mitgelieferten Gewindeadapter an 1\/4\u2033-20 basiertes Zubeh\u00f6r angepasst werden.<\/p>\n<p>Dieses hochfeste Silikonband ist fein gewebt und tr\u00e4gt bis zu 10 lbs, wenn es gesichert ist.<\/p>\n<p>Dies ist die perfekte L\u00f6sung, um Zubeh\u00f6r direkt am Objektiv zu befestigen, wie z.B. LiDAR-Entfernungsmesser, Smartphones oder LED-Beleuchtungen auf der Kamera.<\/p>\n<p>Sie kann auch als kreative Befestigungsl\u00f6sung f\u00fcr kleinere Action-Kameras an nicht-traditionellen Befestigungspunkten wie B\u00e4umen, Stra\u00dfenschildern und mehr verwendet werden.<\/p>\n","protected":false},"excerpt":{"rendered":"<p>Einf\u00fchrung des universellen Befestigungsriemens f\u00fcr Zubeh\u00f6r Dieser leichte Klettverschlussriemen ist schnell zu montieren und verf\u00fcgt \u00fcber ein 1\/4\u2033-20 oder 3\/8\u2033-16 Gewinde, um eine Vielzahl von Zubeh\u00f6r oder kleinen Kameras zu tragen. Das native 3\/8&#8243;-16 Gewinde kann mit dem mitgelieferten Gewindeadapter [&hellip;]<\/p>\n","protected":false},"featured_media":2080559,"comment_status":"open","ping_status":"closed","template":"","meta":[],"product_cat":[1219,1299],"product_tag":[],"acf":[],"gallery_images":[2080553,2080547,2080541,2080534,2080528,2080522,2080516],"_links":{"self":[{"href":"https:\/\/eu.tilta.com\/de\/wp-json\/wp\/v2\/product\/2096402"}],"collection":[{"href":"https:\/\/eu.tilta.com\/de\/wp-json\/wp\/v2\/product"}],"about":[{"href":"https:\/\/eu.tilta.com\/de\/wp-json\/wp\/v2\/types\/product"}],"replies":[{"embeddable":true,"href":"https:\/\/eu.tilta.com\/de\/wp-json\/wp\/v2\/comments?post=2096402"}],"wp:featuredmedia":[{"embeddable":true,"href":"https:\/\/eu.tilta.com\/de\/wp-json\/wp\/v2\/media\/2080559"}],"wp:attachment":[{"href":"https:\/\/eu.tilta.com\/de\/wp-json\/wp\/v2\/media?parent=2096402"}],"wp:term":[{"taxonomy":"product_cat","embeddable":true,"href":"https:\/\/eu.tilta.com\/de\/wp-json\/wp\/v2\/product_cat?post=2096402"},{"taxonomy":"product_tag","embeddable":true,"href":"https:\/\/eu.tilta.com\/de\/wp-json\/wp\/v2\/product_tag?post=2096402"}],"curies":[{"name":"wp","href":"https:\/\/api.w.org\/{rel}","templated":true}]}}