{"id":2096408,"date":"2025-02-14T04:24:09","date_gmt":"2025-02-14T03:24:09","guid":{"rendered":"https:\/\/eu.tilta.com\/shop\/114mm-variable-nd-filter-fuer-tilta-mirage-pro-matte-box\/"},"modified":"2025-12-05T14:14:26","modified_gmt":"2025-12-05T13:14:26","slug":"114mm-variable-nd-filter-for-tilta-mirage-pro-matte-box","status":"publish","type":"product","link":"https:\/\/eu.tilta.com\/de\/shop\/114mm-variable-nd-filter-for-tilta-mirage-pro-matte-box\/","title":{"rendered":"114mm Variable ND-Filter f\u00fcr Tilta Mirage Pro Matte Box"},"content":{"rendered":"<p><em>Wir stellen das 114mm Variable ND f\u00fcr die Mirage Pro Matte Box vor<\/em><\/p>\n<p>Dieser Filter wurde in Zusammenarbeit mit erstklassigen Optikherstellern entwickelt, um die gleiche Leistung wie unsere kleinere 95-mm-Version zu bieten.<\/p>\n<p>Dank der aktualisierten PL + CPL-Technologie kann dieser VND-Filter \u00fcber seinen gesamten Dichtebereich hinweg akkurate Farben erzeugen und unterst\u00fctzt Objektive bis zu 114 mm.<\/p>\n<p>Der variable ND-Wert kann stufenweise eingestellt werden, so dass Sie eine gleichm\u00e4\u00dfige Belichtung beibehalten k\u00f6nnen, wenn sich die Lichtverh\u00e4ltnisse unerwartet \u00e4ndern.<\/p>\n<p>Ein optionaler Stabadapter unterst\u00fctzt kleine kabellose Motoren wie unseren Nano 2 Motor zur kabellosen Steuerung der ND.<\/p>\n<p>Dies ist ideal f\u00fcr Situationen, in denen sich die Beleuchtung an teilweise bew\u00f6lkten Tagen pl\u00f6tzlich \u00e4ndert oder wenn die Kamera physisch nicht zug\u00e4nglich ist, z. B. bei einer Steadicam oder einem Kran.<\/p>\n","protected":false},"excerpt":{"rendered":"<p>Wir stellen das 114mm Variable ND f\u00fcr die Mirage Pro Matte Box vor Dieser Filter wurde in Zusammenarbeit mit erstklassigen Optikherstellern entwickelt, um die gleiche Leistung wie unsere kleinere 95-mm-Version zu bieten. Dank der aktualisierten PL + CPL-Technologie kann dieser [&hellip;]<\/p>\n","protected":false},"featured_media":2085908,"comment_status":"open","ping_status":"closed","template":"","meta":[],"product_cat":[3765,1196],"product_tag":[],"acf":[],"gallery_images":[2085914,2085922,2085930],"_links":{"self":[{"href":"https:\/\/eu.tilta.com\/de\/wp-json\/wp\/v2\/product\/2096408"}],"collection":[{"href":"https:\/\/eu.tilta.com\/de\/wp-json\/wp\/v2\/product"}],"about":[{"href":"https:\/\/eu.tilta.com\/de\/wp-json\/wp\/v2\/types\/product"}],"replies":[{"embeddable":true,"href":"https:\/\/eu.tilta.com\/de\/wp-json\/wp\/v2\/comments?post=2096408"}],"wp:featuredmedia":[{"embeddable":true,"href":"https:\/\/eu.tilta.com\/de\/wp-json\/wp\/v2\/media\/2085908"}],"wp:attachment":[{"href":"https:\/\/eu.tilta.com\/de\/wp-json\/wp\/v2\/media?parent=2096408"}],"wp:term":[{"taxonomy":"product_cat","embeddable":true,"href":"https:\/\/eu.tilta.com\/de\/wp-json\/wp\/v2\/product_cat?post=2096408"},{"taxonomy":"product_tag","embeddable":true,"href":"https:\/\/eu.tilta.com\/de\/wp-json\/wp\/v2\/product_tag?post=2096408"}],"curies":[{"name":"wp","href":"https:\/\/api.w.org\/{rel}","templated":true}]}}