{"id":2096447,"date":"2025-02-14T07:07:17","date_gmt":"2025-02-14T06:07:17","guid":{"rendered":"https:\/\/eu.tilta.com\/shop\/4x565-filtereinsatz-fuer-tilta-mirage-pro-matte-box\/"},"modified":"2025-12-05T14:14:48","modified_gmt":"2025-12-05T13:14:48","slug":"4x5-65-filter-tray-for-tilta-mirage-pro-matte-box","status":"publish","type":"product","link":"https:\/\/eu.tilta.com\/de\/shop\/4x5-65-filter-tray-for-tilta-mirage-pro-matte-box\/","title":{"rendered":"4\u00d75,65 Filtereinsatz f\u00fcr Tilta Mirage Pro Matte Box"},"content":{"rendered":"<p>Mit diesem 4\u00d75,65 Filter Tray k\u00f6nnen Sie 4\u00d75,65 Filter in die Mirage Pro Matte Box einsetzen.<\/p>\n<p>Diese Industriestandardgr\u00f6\u00dfe unterst\u00fctzt eine Reihe von Filtern mit einer Dicke zwischen 2 mm und 4 mm.<\/p>\n<p>Au\u00dferdem ist er so konzipiert, dass er sicher in der Matte Box sitzt und das Risiko eines versehentlichen Abrei\u00dfens der Verbindung minimiert.<\/p>\n","protected":false},"excerpt":{"rendered":"<p>Mit diesem 4\u00d75,65 Filter Tray k\u00f6nnen Sie 4\u00d75,65 Filter in die Mirage Pro Matte Box einsetzen. Diese Industriestandardgr\u00f6\u00dfe unterst\u00fctzt eine Reihe von Filtern mit einer Dicke zwischen 2 mm und 4 mm. Au\u00dferdem ist er so konzipiert, dass er sicher [&hellip;]<\/p>\n","protected":false},"featured_media":2086919,"comment_status":"open","ping_status":"closed","template":"","meta":[],"product_cat":[3765],"product_tag":[],"acf":[],"gallery_images":[],"_links":{"self":[{"href":"https:\/\/eu.tilta.com\/de\/wp-json\/wp\/v2\/product\/2096447"}],"collection":[{"href":"https:\/\/eu.tilta.com\/de\/wp-json\/wp\/v2\/product"}],"about":[{"href":"https:\/\/eu.tilta.com\/de\/wp-json\/wp\/v2\/types\/product"}],"replies":[{"embeddable":true,"href":"https:\/\/eu.tilta.com\/de\/wp-json\/wp\/v2\/comments?post=2096447"}],"wp:featuredmedia":[{"embeddable":true,"href":"https:\/\/eu.tilta.com\/de\/wp-json\/wp\/v2\/media\/2086919"}],"wp:attachment":[{"href":"https:\/\/eu.tilta.com\/de\/wp-json\/wp\/v2\/media?parent=2096447"}],"wp:term":[{"taxonomy":"product_cat","embeddable":true,"href":"https:\/\/eu.tilta.com\/de\/wp-json\/wp\/v2\/product_cat?post=2096447"},{"taxonomy":"product_tag","embeddable":true,"href":"https:\/\/eu.tilta.com\/de\/wp-json\/wp\/v2\/product_tag?post=2096447"}],"curies":[{"name":"wp","href":"https:\/\/api.w.org\/{rel}","templated":true}]}}