{"id":2096448,"date":"2025-02-14T07:14:02","date_gmt":"2025-02-14T06:14:02","guid":{"rendered":"https:\/\/eu.tilta.com\/shop\/swing-away-adapter-fuer-tilta-mirage-pro-matte-box\/"},"modified":"2025-12-05T14:14:48","modified_gmt":"2025-12-05T13:14:48","slug":"swing-away-adapter-for-tilta-mirage-pro-matte-box","status":"publish","type":"product","link":"https:\/\/eu.tilta.com\/de\/shop\/swing-away-adapter-for-tilta-mirage-pro-matte-box\/","title":{"rendered":"Swing Away Adapter f\u00fcr Tilta Mirage Pro Matte Box"},"content":{"rendered":"<p>Dieser Swing Away Adapter wird an der Mirage Pro Matte Box befestigt und ben\u00f6tigt eine optionale Stangenhalterung f\u00fcr 15mm oder 19mm Stangen.<\/p>\n<p>Dadurch l\u00e4sst sich die Mirage Pro leicht in Ihr bestehendes Setup integrieren, da sie f\u00fcr einen schnellen Objektivwechsel weggeschwenkt werden kann.<\/p>\n<p>Dieser Swing Away Adapter verf\u00fcgt au\u00dferdem \u00fcber einen Kippmechanismus, mit dem Sie Geisterbilder und andere reflektierende Artefakte bek\u00e4mpfen k\u00f6nnen, indem Sie das Geh\u00e4use der Matte Box leicht nach vorne oder hinten kippen.<\/p>\n<p>Dieser Adapter verf\u00fcgt au\u00dferdem \u00fcber eine standardgro\u00dfe Focus Whip-Halterung, mit der Sie die Neigung aus kurzer Entfernung mit einer Focus Whip einstellen k\u00f6nnen.<\/p>\n","protected":false},"excerpt":{"rendered":"<p>Dieser Swing Away Adapter wird an der Mirage Pro Matte Box befestigt und ben\u00f6tigt eine optionale Stangenhalterung f\u00fcr 15mm oder 19mm Stangen. Dadurch l\u00e4sst sich die Mirage Pro leicht in Ihr bestehendes Setup integrieren, da sie f\u00fcr einen schnellen Objektivwechsel [&hellip;]<\/p>\n","protected":false},"featured_media":2086953,"comment_status":"open","ping_status":"closed","template":"","meta":[],"product_cat":[3765],"product_tag":[],"acf":[],"gallery_images":[],"_links":{"self":[{"href":"https:\/\/eu.tilta.com\/de\/wp-json\/wp\/v2\/product\/2096448"}],"collection":[{"href":"https:\/\/eu.tilta.com\/de\/wp-json\/wp\/v2\/product"}],"about":[{"href":"https:\/\/eu.tilta.com\/de\/wp-json\/wp\/v2\/types\/product"}],"replies":[{"embeddable":true,"href":"https:\/\/eu.tilta.com\/de\/wp-json\/wp\/v2\/comments?post=2096448"}],"wp:featuredmedia":[{"embeddable":true,"href":"https:\/\/eu.tilta.com\/de\/wp-json\/wp\/v2\/media\/2086953"}],"wp:attachment":[{"href":"https:\/\/eu.tilta.com\/de\/wp-json\/wp\/v2\/media?parent=2096448"}],"wp:term":[{"taxonomy":"product_cat","embeddable":true,"href":"https:\/\/eu.tilta.com\/de\/wp-json\/wp\/v2\/product_cat?post=2096448"},{"taxonomy":"product_tag","embeddable":true,"href":"https:\/\/eu.tilta.com\/de\/wp-json\/wp\/v2\/product_tag?post=2096448"}],"curies":[{"name":"wp","href":"https:\/\/api.w.org\/{rel}","templated":true}]}}