{"id":2096453,"date":"2025-02-14T07:38:13","date_gmt":"2025-02-14T06:38:13","guid":{"rendered":"https:\/\/eu.tilta.com\/shop\/gummi-donut-kit-fuer-tilta-mirage-pro-matte-box\/"},"modified":"2026-01-29T23:52:49","modified_gmt":"2026-01-29T22:52:49","slug":"rubber-donut-kit-for-tilta-mirage-pro-matte-box","status":"publish","type":"product","link":"https:\/\/eu.tilta.com\/de\/shop\/rubber-donut-kit-for-tilta-mirage-pro-matte-box\/","title":{"rendered":"Gummi-Donut-Kit f\u00fcr Tilta Mirage Pro Matte Box"},"content":{"rendered":"<p><em>Wir stellen das Rubber Donut Kit f\u00fcr die Tilta Mirage Pro Matte Box vor<\/em><\/p>\n<p>Dieses Kit enth\u00e4lt 3 verschiedene Gr\u00f6\u00dfen von Gummidonuts, die das Licht f\u00fcr Gl\u00e4ser abhalten, die nicht in die Standardhalterungen passen.<\/p>\n<p>Diese Rubber Donuts werden an der R\u00fcckseite der Matte Box befestigt und passen auf eine Reihe von Objektivgr\u00f6\u00dfen, ohne unerw\u00fcnschtes Licht durchzulassen.<\/p>\n<p>Dies ist \u00e4u\u00dferst n\u00fctzlich, da das Blockieren von unerw\u00fcnschtem Licht hinter den Filtern Geisterbilder und andere reflektierende Artefakte reduzieren kann.<\/p>\n<p>Dieses Kit eignet sich f\u00fcr Objektive mit einem Frontdurchmesser von 80mm-95mm, 95mm-114mm und 114mm-136mm.<\/p>\n<p><strong>Bitte beachten Sie, dass die Matte Box f\u00fcr die Verwendung dieses Zubeh\u00f6rs an einer Stange befestigt werden muss und die 136mm Klemmhalterung ben\u00f6tigt wird.<\/strong><\/p>\n","protected":false},"excerpt":{"rendered":"<p>Wir stellen das Rubber Donut Kit f\u00fcr die Tilta Mirage Pro Matte Box vor Dieses Kit enth\u00e4lt 3 verschiedene Gr\u00f6\u00dfen von Gummidonuts, die das Licht f\u00fcr Gl\u00e4ser abhalten, die nicht in die Standardhalterungen passen. Diese Rubber Donuts werden an der [&hellip;]<\/p>\n","protected":false},"featured_media":2087254,"comment_status":"open","ping_status":"closed","template":"","meta":[],"product_cat":[3765],"product_tag":[],"acf":[],"gallery_images":[],"_links":{"self":[{"href":"https:\/\/eu.tilta.com\/de\/wp-json\/wp\/v2\/product\/2096453"}],"collection":[{"href":"https:\/\/eu.tilta.com\/de\/wp-json\/wp\/v2\/product"}],"about":[{"href":"https:\/\/eu.tilta.com\/de\/wp-json\/wp\/v2\/types\/product"}],"replies":[{"embeddable":true,"href":"https:\/\/eu.tilta.com\/de\/wp-json\/wp\/v2\/comments?post=2096453"}],"wp:featuredmedia":[{"embeddable":true,"href":"https:\/\/eu.tilta.com\/de\/wp-json\/wp\/v2\/media\/2087254"}],"wp:attachment":[{"href":"https:\/\/eu.tilta.com\/de\/wp-json\/wp\/v2\/media?parent=2096453"}],"wp:term":[{"taxonomy":"product_cat","embeddable":true,"href":"https:\/\/eu.tilta.com\/de\/wp-json\/wp\/v2\/product_cat?post=2096453"},{"taxonomy":"product_tag","embeddable":true,"href":"https:\/\/eu.tilta.com\/de\/wp-json\/wp\/v2\/product_tag?post=2096453"}],"curies":[{"name":"wp","href":"https:\/\/api.w.org\/{rel}","templated":true}]}}