{"id":2096475,"date":"2025-02-14T07:33:02","date_gmt":"2025-02-14T06:33:02","guid":{"rendered":"https:\/\/eu.tilta.com\/shop\/hartmatte-kit-fuer-tilta-mirage-pro-matte-box\/"},"modified":"2025-12-05T14:15:04","modified_gmt":"2025-12-05T13:15:04","slug":"hard-matte-kit-for-tilta-mirage-pro-matte-box","status":"publish","type":"product","link":"https:\/\/eu.tilta.com\/de\/shop\/hard-matte-kit-for-tilta-mirage-pro-matte-box\/","title":{"rendered":"Hartmatte-Kit f\u00fcr Tilta Mirage Pro Matte Box"},"content":{"rendered":"<p>Mit diesem Hard Matte Kit f\u00fcr die Mirage Pro Matte Box k\u00f6nnen Sie die Lichtmenge begrenzen, die das Objektiv erreichen kann.<\/p>\n<p>Dieses Kit wird mit unterschiedlich gro\u00dfen Hartmatten geliefert, um verschiedene Brennweiten zu erm\u00f6glichen.<\/p>\n<p>Sie lassen sich schnell und sicher in das Geh\u00e4use der Mirage Pro Matte Box einrasten.<\/p>\n<p>Dieses Kit enth\u00e4lt 5 Hartmattierungen, die die folgenden Brennweiten abdecken:<\/p>\n<p>16mm &#8211; 20mm<br \/>\n24mm &#8211; 28mm<br \/>\n32mm &#8211; 35mm<br \/>\n50mm &#8211; 65mm<br \/>\n65mm -180mm<\/p>\n","protected":false},"excerpt":{"rendered":"<p>Mit diesem Hard Matte Kit f\u00fcr die Mirage Pro Matte Box k\u00f6nnen Sie die Lichtmenge begrenzen, die das Objektiv erreichen kann. Dieses Kit wird mit unterschiedlich gro\u00dfen Hartmatten geliefert, um verschiedene Brennweiten zu erm\u00f6glichen. Sie lassen sich schnell und sicher [&hellip;]<\/p>\n","protected":false},"featured_media":2087133,"comment_status":"open","ping_status":"closed","template":"","meta":[],"product_cat":[3765],"product_tag":[],"acf":[],"gallery_images":[2087140],"_links":{"self":[{"href":"https:\/\/eu.tilta.com\/de\/wp-json\/wp\/v2\/product\/2096475"}],"collection":[{"href":"https:\/\/eu.tilta.com\/de\/wp-json\/wp\/v2\/product"}],"about":[{"href":"https:\/\/eu.tilta.com\/de\/wp-json\/wp\/v2\/types\/product"}],"replies":[{"embeddable":true,"href":"https:\/\/eu.tilta.com\/de\/wp-json\/wp\/v2\/comments?post=2096475"}],"wp:featuredmedia":[{"embeddable":true,"href":"https:\/\/eu.tilta.com\/de\/wp-json\/wp\/v2\/media\/2087133"}],"wp:attachment":[{"href":"https:\/\/eu.tilta.com\/de\/wp-json\/wp\/v2\/media?parent=2096475"}],"wp:term":[{"taxonomy":"product_cat","embeddable":true,"href":"https:\/\/eu.tilta.com\/de\/wp-json\/wp\/v2\/product_cat?post=2096475"},{"taxonomy":"product_tag","embeddable":true,"href":"https:\/\/eu.tilta.com\/de\/wp-json\/wp\/v2\/product_tag?post=2096475"}],"curies":[{"name":"wp","href":"https:\/\/api.w.org\/{rel}","templated":true}]}}