{"id":2096477,"date":"2025-02-14T07:26:59","date_gmt":"2025-02-14T06:26:59","guid":{"rendered":"https:\/\/eu.tilta.com\/shop\/universal-motor-adapter-fuer-tilta-mirage-pro-matte-box\/"},"modified":"2026-02-16T09:01:23","modified_gmt":"2026-02-16T08:01:23","slug":"universal-motor-adapter-for-tilta-mirage-pro-matte-box","status":"publish","type":"product","link":"https:\/\/eu.tilta.com\/de\/shop\/universal-motor-adapter-for-tilta-mirage-pro-matte-box\/","title":{"rendered":"Universal Motor Adapter f\u00fcr Tilta Mirage Pro Matte Box"},"content":{"rendered":"<p>Dieser Universal-Motoradapter kann auf den 114 mm variablen ND-Filter f\u00fcr die Mirage Pro Matte Box montiert werden.<\/p>\n<p>Dieser Adapter verf\u00fcgt \u00fcber einen 15-mm-Stab, der kleine drahtlose Motoren wie unseren Nucleus Nano 2 unterst\u00fctzt, um den variablen ND-Filter drahtlos zu steuern.<\/p>\n<p>Dies ist ideal f\u00fcr Situationen, in denen sich die Beleuchtung an teilweise bew\u00f6lkten Tagen pl\u00f6tzlich \u00e4ndert oder wenn die Kamera physisch nicht zug\u00e4nglich ist, z. B. bei einer Steadicam oder einem Kran.<\/p>\n","protected":false},"excerpt":{"rendered":"<p>Dieser Universal-Motoradapter kann auf den 114 mm variablen ND-Filter f\u00fcr die Mirage Pro Matte Box montiert werden. Dieser Adapter verf\u00fcgt \u00fcber einen 15-mm-Stab, der kleine drahtlose Motoren wie unseren Nucleus Nano 2 unterst\u00fctzt, um den variablen ND-Filter drahtlos zu steuern. [&hellip;]<\/p>\n","protected":false},"featured_media":2087042,"comment_status":"open","ping_status":"closed","template":"","meta":[],"product_cat":[4448,3765],"product_tag":[],"acf":[],"gallery_images":[],"_links":{"self":[{"href":"https:\/\/eu.tilta.com\/de\/wp-json\/wp\/v2\/product\/2096477"}],"collection":[{"href":"https:\/\/eu.tilta.com\/de\/wp-json\/wp\/v2\/product"}],"about":[{"href":"https:\/\/eu.tilta.com\/de\/wp-json\/wp\/v2\/types\/product"}],"replies":[{"embeddable":true,"href":"https:\/\/eu.tilta.com\/de\/wp-json\/wp\/v2\/comments?post=2096477"}],"wp:featuredmedia":[{"embeddable":true,"href":"https:\/\/eu.tilta.com\/de\/wp-json\/wp\/v2\/media\/2087042"}],"wp:attachment":[{"href":"https:\/\/eu.tilta.com\/de\/wp-json\/wp\/v2\/media?parent=2096477"}],"wp:term":[{"taxonomy":"product_cat","embeddable":true,"href":"https:\/\/eu.tilta.com\/de\/wp-json\/wp\/v2\/product_cat?post=2096477"},{"taxonomy":"product_tag","embeddable":true,"href":"https:\/\/eu.tilta.com\/de\/wp-json\/wp\/v2\/product_tag?post=2096477"}],"curies":[{"name":"wp","href":"https:\/\/api.w.org\/{rel}","templated":true}]}}