{"id":2112517,"date":"2025-02-18T12:30:46","date_gmt":"2025-02-18T11:30:46","guid":{"rendered":"https:\/\/eu.tilta.com\/shop\/kamerakaefig-mit-kuehlsystem-fuer-canon-r5-mark-ii-base-kit-schwarz\/"},"modified":"2025-12-05T14:15:24","modified_gmt":"2025-12-05T13:15:24","slug":"camera-cage-with-cooling-system-for-canon-r5-mark-ii-base-kit-black","status":"publish","type":"product","link":"https:\/\/eu.tilta.com\/de\/shop\/camera-cage-with-cooling-system-for-canon-r5-mark-ii-base-kit-black\/","title":{"rendered":"Kamerak\u00e4fig mit K\u00fchlsystem f\u00fcr Canon R5 Mark II Base Kit &#8211; Schwarz"},"content":{"rendered":"<p><em>Wir stellen vor: Kamerak\u00e4fig mit K\u00fchlsystem f\u00fcr Canon R5 Mark II Advanced Kit<\/em><\/p>\n<p>Dieser Kamerak\u00e4fig bietet zus\u00e4tzlichen Schutz f\u00fcr das Kamerageh\u00e4use und erweitert gleichzeitig die Befestigungsm\u00f6glichkeiten f\u00fcr diverses Zubeh\u00f6r. Au\u00dferdem ist sie mit einem eingebauten K\u00fchlsystem ausgestattet, das die Aufnahmezeit der Kamera erheblich verl\u00e4ngert, ohne dass sie viel zus\u00e4tzliches Gewicht hat.<\/p>\n<p>Der Full Cage verf\u00fcgt \u00fcber einen Cold Shoe-Empf\u00e4nger, M3-Gewinde f\u00fcr die Aufnahme von Adaptern, Halterungen f\u00fcr Handgelenkschlaufen, 1\/4\u2033-20- und 3\/8\u2033-16-Gewinde, beide mit Fixierpunkten.<\/p>\n<p>Weiche Silikonpolsterung und mehrere Kontaktpunkte zwischen Kamera und K\u00e4fig sorgen f\u00fcr eine solide Verbindung und eine starke Basis f\u00fcr die Montage von Zubeh\u00f6r.<\/p>\n","protected":false},"excerpt":{"rendered":"<p>Wir stellen vor: Kamerak\u00e4fig mit K\u00fchlsystem f\u00fcr Canon R5 Mark II Advanced Kit Dieser Kamerak\u00e4fig bietet zus\u00e4tzlichen Schutz f\u00fcr das Kamerageh\u00e4use und erweitert gleichzeitig die Befestigungsm\u00f6glichkeiten f\u00fcr diverses Zubeh\u00f6r. Au\u00dferdem ist sie mit einem eingebauten K\u00fchlsystem ausgestattet, das die Aufnahmezeit [&hellip;]<\/p>\n","protected":false},"featured_media":2102259,"comment_status":"open","ping_status":"closed","template":"","meta":[],"product_cat":[3255],"product_tag":[],"acf":[],"gallery_images":[2102265,2102271,2102165,2102159,2102191],"_links":{"self":[{"href":"https:\/\/eu.tilta.com\/de\/wp-json\/wp\/v2\/product\/2112517"}],"collection":[{"href":"https:\/\/eu.tilta.com\/de\/wp-json\/wp\/v2\/product"}],"about":[{"href":"https:\/\/eu.tilta.com\/de\/wp-json\/wp\/v2\/types\/product"}],"replies":[{"embeddable":true,"href":"https:\/\/eu.tilta.com\/de\/wp-json\/wp\/v2\/comments?post=2112517"}],"wp:featuredmedia":[{"embeddable":true,"href":"https:\/\/eu.tilta.com\/de\/wp-json\/wp\/v2\/media\/2102259"}],"wp:attachment":[{"href":"https:\/\/eu.tilta.com\/de\/wp-json\/wp\/v2\/media?parent=2112517"}],"wp:term":[{"taxonomy":"product_cat","embeddable":true,"href":"https:\/\/eu.tilta.com\/de\/wp-json\/wp\/v2\/product_cat?post=2112517"},{"taxonomy":"product_tag","embeddable":true,"href":"https:\/\/eu.tilta.com\/de\/wp-json\/wp\/v2\/product_tag?post=2112517"}],"curies":[{"name":"wp","href":"https:\/\/api.w.org\/{rel}","templated":true}]}}