{"id":2155735,"date":"2025-03-05T03:14:27","date_gmt":"2025-03-05T02:14:27","guid":{"rendered":"https:\/\/eu.tilta.com\/shop\/tilta-np-fz100-akku-mit-usb-c-eingang-2400mah-gruen\/"},"modified":"2026-04-15T04:04:02","modified_gmt":"2026-04-15T02:04:02","slug":"tilta-np-fz100-battery-with-usb-c-input-2400mah-green","status":"publish","type":"product","link":"https:\/\/eu.tilta.com\/de\/shop\/tilta-np-fz100-battery-with-usb-c-input-2400mah-green\/","title":{"rendered":"Tilta NP-FZ100 Akku mit USB-C Eingang (2400mAh) &#8211; Gr\u00fcn"},"content":{"rendered":"<p>Der Akku NP-FZ100 mit hoher Kapazit\u00e4t wurde entwickelt, um Ihre Kamera zuverl\u00e4ssig und dauerhaft mit Strom zu versorgen, damit Sie l\u00e4nger ohne Unterbrechungen fotografieren k\u00f6nnen.<\/p>\n<p>Mit einer innovativen Akkuzelle mit hoher Energiedichte bietet dieser Akku eine l\u00e4ngere Ausdauer und ist damit ideal f\u00fcr Foto- und Videosessions.<\/p>\n<p>Der integrierte USB-C-Anschluss unterst\u00fctzt PD-Schnellladung, so dass Sie Ihren Akku bequem direkt aufladen k\u00f6nnen, ohne eine Ladestation zu ben\u00f6tigen.<\/p>\n<p>Dank seines Dekodierungschips bietet der NP-FZ100 genaue Akkustandsanzeigen ohne unzul\u00e4ssige Akkuwarnungen. Dieser professionell nach CIPA-Standards getestete Akku erm\u00f6glicht es Ihnen, mit einer einzigen Ladung bis zu 600 Fotos zu schie\u00dfen oder \u00fcber 2 Stunden Video aufzunehmen.<\/p>\n<p>Mit Abmessungen, die denen des Originals entsprechen, passt es nahtlos in Ihre Kamera und gew\u00e4hrleistet perfekte Kompatibilit\u00e4t. Au\u00dferdem ist es mit mehreren internationalen Sicherheitszertifikaten (CCC, FCC, CE, PSE, KC, UL, BSMI) ausgestattet und bietet Ihnen somit ein sicheres Gef\u00fchl und zuverl\u00e4ssigen Schutz.<\/p>\n<p>Ob Sie nun ein Profi oder ein Enthusiast sind, der NP-FZ100 ist eine intelligente, effiziente und sichere Energiel\u00f6sung f\u00fcr all Ihre Bed\u00fcrfnisse in der Fotografie und Videografie.<\/p>\n","protected":false},"excerpt":{"rendered":"<p>Der Akku NP-FZ100 mit hoher Kapazit\u00e4t wurde entwickelt, um Ihre Kamera zuverl\u00e4ssig und dauerhaft mit Strom zu versorgen, damit Sie l\u00e4nger ohne Unterbrechungen fotografieren k\u00f6nnen. Mit einer innovativen Akkuzelle mit hoher Energiedichte bietet dieser Akku eine l\u00e4ngere Ausdauer und ist [&hellip;]<\/p>\n","protected":false},"featured_media":2153680,"comment_status":"open","ping_status":"closed","template":"","meta":[],"product_cat":[3837],"product_tag":[],"acf":[],"gallery_images":[2153686,2153692,2153698,2153704,2153710,2153722,2153716],"_links":{"self":[{"href":"https:\/\/eu.tilta.com\/de\/wp-json\/wp\/v2\/product\/2155735"}],"collection":[{"href":"https:\/\/eu.tilta.com\/de\/wp-json\/wp\/v2\/product"}],"about":[{"href":"https:\/\/eu.tilta.com\/de\/wp-json\/wp\/v2\/types\/product"}],"replies":[{"embeddable":true,"href":"https:\/\/eu.tilta.com\/de\/wp-json\/wp\/v2\/comments?post=2155735"}],"wp:featuredmedia":[{"embeddable":true,"href":"https:\/\/eu.tilta.com\/de\/wp-json\/wp\/v2\/media\/2153680"}],"wp:attachment":[{"href":"https:\/\/eu.tilta.com\/de\/wp-json\/wp\/v2\/media?parent=2155735"}],"wp:term":[{"taxonomy":"product_cat","embeddable":true,"href":"https:\/\/eu.tilta.com\/de\/wp-json\/wp\/v2\/product_cat?post=2155735"},{"taxonomy":"product_tag","embeddable":true,"href":"https:\/\/eu.tilta.com\/de\/wp-json\/wp\/v2\/product_tag?post=2155735"}],"curies":[{"name":"wp","href":"https:\/\/api.w.org\/{rel}","templated":true}]}}