{"id":2155746,"date":"2025-02-21T08:36:31","date_gmt":"2025-02-21T07:36:31","guid":{"rendered":"https:\/\/eu.tilta.com\/shop\/adapter-fuer-drehbare-telefonhalterung-v2-schwarz\/"},"modified":"2026-02-27T05:15:18","modified_gmt":"2026-02-27T04:15:18","slug":"adapter-for-rotatable-phone-mounting-bracket-v2-black","status":"publish","type":"product","link":"https:\/\/eu.tilta.com\/de\/shop\/adapter-for-rotatable-phone-mounting-bracket-v2-black\/","title":{"rendered":"Adapter f\u00fcr drehbare Telefonhalterung V2 &#8211; Schwarz"},"content":{"rendered":"<p><em>Wir stellen den Adapter f\u00fcr die drehbare Telefonhalterung V2 vor  <\/em><\/p>\n<p>Mit dieser Serie von Adaptern k\u00f6nnen Sie die drehbare Telefonhalterung V2 \u00fcber mehrere verschiedene Anschlussm\u00f6glichkeiten montieren.<\/p>\n<p>Die 15-mm-Stangenhalterung ist ideal f\u00fcr den Anschluss an Kamerarigs, die 15-mm-Stangen verwenden, oder den zentralen Tragarm des Hydra Alien Mini.<\/p>\n<p>Weitere Optionen f\u00fcr die Montage dieses Zubeh\u00f6rs sind NATO, Cold Shoe, 1\/4\u2033-20 Gewinde und Lenker.<\/p>\n<p>Diese Adapter werden \u00fcber eine 1\/4\u2033-20-Schraube und Passstifte mit der Montagehalterung verbunden, wodurch eine leichte und dennoch sichere Verbindung entsteht.<\/p>\n","protected":false},"excerpt":{"rendered":"<p>Wir stellen den Adapter f\u00fcr die drehbare Telefonhalterung V2 vor Mit dieser Serie von Adaptern k\u00f6nnen Sie die drehbare Telefonhalterung V2 \u00fcber mehrere verschiedene Anschlussm\u00f6glichkeiten montieren. Die 15-mm-Stangenhalterung ist ideal f\u00fcr den Anschluss an Kamerarigs, die 15-mm-Stangen verwenden, oder den [&hellip;]<\/p>\n","protected":false},"featured_media":2119093,"comment_status":"open","ping_status":"closed","template":"","meta":[],"product_cat":[4448,1248,1247],"product_tag":[],"acf":[],"gallery_images":[2119111,2119217,2119098,2119211,2118463],"_links":{"self":[{"href":"https:\/\/eu.tilta.com\/de\/wp-json\/wp\/v2\/product\/2155746"}],"collection":[{"href":"https:\/\/eu.tilta.com\/de\/wp-json\/wp\/v2\/product"}],"about":[{"href":"https:\/\/eu.tilta.com\/de\/wp-json\/wp\/v2\/types\/product"}],"replies":[{"embeddable":true,"href":"https:\/\/eu.tilta.com\/de\/wp-json\/wp\/v2\/comments?post=2155746"}],"wp:featuredmedia":[{"embeddable":true,"href":"https:\/\/eu.tilta.com\/de\/wp-json\/wp\/v2\/media\/2119093"}],"wp:attachment":[{"href":"https:\/\/eu.tilta.com\/de\/wp-json\/wp\/v2\/media?parent=2155746"}],"wp:term":[{"taxonomy":"product_cat","embeddable":true,"href":"https:\/\/eu.tilta.com\/de\/wp-json\/wp\/v2\/product_cat?post=2155746"},{"taxonomy":"product_tag","embeddable":true,"href":"https:\/\/eu.tilta.com\/de\/wp-json\/wp\/v2\/product_tag?post=2155746"}],"curies":[{"name":"wp","href":"https:\/\/api.w.org\/{rel}","templated":true}]}}