{"id":2155810,"date":"2025-02-21T07:13:14","date_gmt":"2025-02-21T06:13:14","guid":{"rendered":"https:\/\/eu.tilta.com\/shop\/tilta-drehbare-telefonhalterung-v2-schwarz\/"},"modified":"2026-02-16T09:03:44","modified_gmt":"2026-02-16T08:03:44","slug":"tilta-rotatable-phone-mounting-bracket-v2-black","status":"publish","type":"product","link":"https:\/\/eu.tilta.com\/de\/shop\/tilta-rotatable-phone-mounting-bracket-v2-black\/","title":{"rendered":"Tilta Drehbare Telefonhalterung V2 &#8211; Schwarz"},"content":{"rendered":"<p>Mit der drehbaren Tilta Telefonhalterung V2 k\u00f6nnen Benutzer ihr Smartphone ganz einfach mit ihrer Kamera oder ihrem Tr\u00e4gersystem verbinden.<\/p>\n<p>Bei dieser Halterung steht die Flexibilit\u00e4t im Vordergrund: Sie l\u00e4sst sich um 180 Grad neigen und um 360 Grad drehen.<\/p>\n<p>Das Herzst\u00fcck dieses Zubeh\u00f6rs ist eine verstellbare Klemme, die Ger\u00e4te mit einer Breite zwischen 75 mm und 95 mm aufnehmen kann.<\/p>\n<p>Diese Klemme verf\u00fcgt \u00fcber eine Silikonpolsterung, die Ger\u00e4te vor Kratzern sch\u00fctzt und den Halt der Klemme f\u00fcr eine sicherere Verbindung verbessert.<\/p>\n<p>Zus\u00e4tzliche Befestigungspunkte unterst\u00fctzen Zubeh\u00f6r, das mit Kaltlichtschuhen oder 1\/4\u2033-20-Gewinden ausgestattet ist, und erm\u00f6glichen so einzigartige Aufbaum\u00f6glichkeiten.<\/p>\n<p>Die 15-mm-Stangenhalterung ist ideal f\u00fcr den Anschluss an Kamerarigs, die 15-mm-Stangen verwenden, oder den zentralen Tragarm des Hydra Alien Mini.<\/p>\n<p>Weitere Optionen f\u00fcr die Montage dieses Zubeh\u00f6rs sind NATO, Cold Shoe, 1\/4\u2033-20 Gewinde und Lenker.<\/p>\n","protected":false},"excerpt":{"rendered":"<p>Mit der drehbaren Tilta Telefonhalterung V2 k\u00f6nnen Benutzer ihr Smartphone ganz einfach mit ihrer Kamera oder ihrem Tr\u00e4gersystem verbinden. Bei dieser Halterung steht die Flexibilit\u00e4t im Vordergrund: Sie l\u00e4sst sich um 180 Grad neigen und um 360 Grad drehen. Das [&hellip;]<\/p>\n","protected":false},"featured_media":2118501,"comment_status":"open","ping_status":"closed","template":"","meta":[],"product_cat":[4448,1248,1247],"product_tag":[],"acf":[],"gallery_images":[2118487,2118481,2118475,2118469,2118493,2118457,2118445,2118451,2118463],"_links":{"self":[{"href":"https:\/\/eu.tilta.com\/de\/wp-json\/wp\/v2\/product\/2155810"}],"collection":[{"href":"https:\/\/eu.tilta.com\/de\/wp-json\/wp\/v2\/product"}],"about":[{"href":"https:\/\/eu.tilta.com\/de\/wp-json\/wp\/v2\/types\/product"}],"replies":[{"embeddable":true,"href":"https:\/\/eu.tilta.com\/de\/wp-json\/wp\/v2\/comments?post=2155810"}],"wp:featuredmedia":[{"embeddable":true,"href":"https:\/\/eu.tilta.com\/de\/wp-json\/wp\/v2\/media\/2118501"}],"wp:attachment":[{"href":"https:\/\/eu.tilta.com\/de\/wp-json\/wp\/v2\/media?parent=2155810"}],"wp:term":[{"taxonomy":"product_cat","embeddable":true,"href":"https:\/\/eu.tilta.com\/de\/wp-json\/wp\/v2\/product_cat?post=2155810"},{"taxonomy":"product_tag","embeddable":true,"href":"https:\/\/eu.tilta.com\/de\/wp-json\/wp\/v2\/product_tag?post=2155810"}],"curies":[{"name":"wp","href":"https:\/\/api.w.org\/{rel}","templated":true}]}}