{"id":2233519,"date":"2025-03-31T09:14:14","date_gmt":"2025-03-31T07:14:14","guid":{"rendered":"https:\/\/eu.tilta.com\/shop\/advanced-side-focus-handgriff-usb-c-steuerkabel-fuer-nucleus-nano-ii-motor-v2-35cm\/"},"modified":"2025-12-05T14:19:01","modified_gmt":"2025-12-05T13:19:01","slug":"advanced-side-focus-handle-usb-c-control-cable-for-nucleus-nano-ii-motor-v2-35cm","status":"publish","type":"product","link":"https:\/\/eu.tilta.com\/de\/shop\/advanced-side-focus-handle-usb-c-control-cable-for-nucleus-nano-ii-motor-v2-35cm\/","title":{"rendered":"Advanced Side Focus Handgriff USB-C Steuerkabel f\u00fcr Nucleus Nano II Motor V2 (35cm)"},"content":{"rendered":"<p>Wir stellen das Advanced Side Focus Handle USB-C Steuerkabel f\u00fcr Nucleus Nano II Motor V2 (35cm) vor.<\/p>\n<p>Mit diesem USB-C-auf-USB-C-Kabel k\u00f6nnen Sie den Nucleus Nano II Motor \u00fcber den Advanced Side Focus Handle steuern und mit Strom versorgen.<\/p>\n<p>Die L\u00e4nge von 30 cm bietet Flexibilit\u00e4t bei der Verwendung unterschiedlich gro\u00dfer Objektive und Griffpositionen.<\/p>\n","protected":false},"excerpt":{"rendered":"<p>Wir stellen das Advanced Side Focus Handle USB-C Steuerkabel f\u00fcr Nucleus Nano II Motor V2 (35cm) vor. Mit diesem USB-C-auf-USB-C-Kabel k\u00f6nnen Sie den Nucleus Nano II Motor \u00fcber den Advanced Side Focus Handle steuern und mit Strom versorgen. Die L\u00e4nge [&hellip;]<\/p>\n","protected":false},"featured_media":2226375,"comment_status":"open","ping_status":"closed","template":"","meta":[],"product_cat":[1066,1232],"product_tag":[],"acf":[],"gallery_images":[2226379,2226385],"_links":{"self":[{"href":"https:\/\/eu.tilta.com\/de\/wp-json\/wp\/v2\/product\/2233519"}],"collection":[{"href":"https:\/\/eu.tilta.com\/de\/wp-json\/wp\/v2\/product"}],"about":[{"href":"https:\/\/eu.tilta.com\/de\/wp-json\/wp\/v2\/types\/product"}],"replies":[{"embeddable":true,"href":"https:\/\/eu.tilta.com\/de\/wp-json\/wp\/v2\/comments?post=2233519"}],"wp:featuredmedia":[{"embeddable":true,"href":"https:\/\/eu.tilta.com\/de\/wp-json\/wp\/v2\/media\/2226375"}],"wp:attachment":[{"href":"https:\/\/eu.tilta.com\/de\/wp-json\/wp\/v2\/media?parent=2233519"}],"wp:term":[{"taxonomy":"product_cat","embeddable":true,"href":"https:\/\/eu.tilta.com\/de\/wp-json\/wp\/v2\/product_cat?post=2233519"},{"taxonomy":"product_tag","embeddable":true,"href":"https:\/\/eu.tilta.com\/de\/wp-json\/wp\/v2\/product_tag?post=2233519"}],"curies":[{"name":"wp","href":"https:\/\/api.w.org\/{rel}","templated":true}]}}