{"id":2233522,"date":"2025-03-24T09:07:08","date_gmt":"2025-03-24T08:07:08","guid":{"rendered":"https:\/\/eu.tilta.com\/shop\/tilta-fe-lanyard-und-schnallen-set-7mm\/"},"modified":"2026-04-15T03:56:11","modified_gmt":"2026-04-15T01:56:11","slug":"tilta-fe-lanyard-and-buckle-kit-7mm","status":"publish","type":"product","link":"https:\/\/eu.tilta.com\/de\/shop\/tilta-fe-lanyard-and-buckle-kit-7mm\/","title":{"rendered":"Tilta Fe Lanyard und Schnallen-Set (7mm)"},"content":{"rendered":"<div class=\"overview-text\">\n<p><em>Das Tilta Fe Lanyard and Buckle Kit ist ein elegantes und funktionelles Accessoire, das Ihnen beim Filmen und bei der t\u00e4glichen Nutzung Ihres Smartphones hilft.<\/em><\/p>\n<p>Dieses Set enth\u00e4lt zwei unterschiedlich gro\u00dfe Lanyards, so dass Sie die perfekte Passform f\u00fcr Ihre Einrichtung w\u00e4hlen k\u00f6nnen. Ganz gleich, ob Sie unterwegs Inhalte aufnehmen oder Ihr Telefon leicht zug\u00e4nglich aufbewahren m\u00f6chten.<\/p>\n<p>Das ged\u00e4mpfte Schnallensystem sorgt f\u00fcr eine reibungslose, nahtlose Drehung, so dass Sie Ihr Telefon w\u00e4hrend des Gebrauchs m\u00fchelos einstellen k\u00f6nnen.<\/p>\n<p>Dieses Kit wurde ausschlie\u00dflich f\u00fcr die Verwendung mit Smartphones entwickelt und erfordert zur sicheren Befestigung eine Smartphone-H\u00fclle. Sein hochwertiges Design f\u00fcgt sich nahtlos in das Khronos Phone Case und Ecosystem ein und ist damit eine ideale Erg\u00e4nzung f\u00fcr Ihre mobile Produktion.<\/p>\n<p><em>Bleiben Sie in Verbindung, haben Sie die H\u00e4nde frei und die Kontrolle mit dem Tilta Fe Lanyard and Buckle Kit &#8211; f\u00fcr Kreative, Profis und Alltagsnutzer gleicherma\u00dfen.<\/em><\/p>\n<\/div>\n","protected":false},"excerpt":{"rendered":"<p>Das Tilta Fe Lanyard and Buckle Kit ist ein elegantes und funktionelles Accessoire, das Ihnen beim Filmen und bei der t\u00e4glichen Nutzung Ihres Smartphones hilft. Dieses Set enth\u00e4lt zwei unterschiedlich gro\u00dfe Lanyards, so dass Sie die perfekte Passform f\u00fcr Ihre [&hellip;]<\/p>\n","protected":false},"featured_media":2204571,"comment_status":"open","ping_status":"closed","template":"","meta":[],"product_cat":[4493,1254],"product_tag":[],"acf":[],"gallery_images":[2204539,2204533,2204552,2204559,2204565,2204546],"_links":{"self":[{"href":"https:\/\/eu.tilta.com\/de\/wp-json\/wp\/v2\/product\/2233522"}],"collection":[{"href":"https:\/\/eu.tilta.com\/de\/wp-json\/wp\/v2\/product"}],"about":[{"href":"https:\/\/eu.tilta.com\/de\/wp-json\/wp\/v2\/types\/product"}],"replies":[{"embeddable":true,"href":"https:\/\/eu.tilta.com\/de\/wp-json\/wp\/v2\/comments?post=2233522"}],"wp:featuredmedia":[{"embeddable":true,"href":"https:\/\/eu.tilta.com\/de\/wp-json\/wp\/v2\/media\/2204571"}],"wp:attachment":[{"href":"https:\/\/eu.tilta.com\/de\/wp-json\/wp\/v2\/media?parent=2233522"}],"wp:term":[{"taxonomy":"product_cat","embeddable":true,"href":"https:\/\/eu.tilta.com\/de\/wp-json\/wp\/v2\/product_cat?post=2233522"},{"taxonomy":"product_tag","embeddable":true,"href":"https:\/\/eu.tilta.com\/de\/wp-json\/wp\/v2\/product_tag?post=2233522"}],"curies":[{"name":"wp","href":"https:\/\/api.w.org\/{rel}","templated":true}]}}