{"id":2233575,"date":"2025-03-22T19:08:20","date_gmt":"2025-03-22T18:08:20","guid":{"rendered":"https:\/\/eu.tilta.com\/shop\/hdmi-kabelklemme-fuer-sony-a1-ii-schwarz\/"},"modified":"2025-12-05T14:19:31","modified_gmt":"2025-12-05T13:19:31","slug":"hdmi-cable-clamp-for-sony-a1-ii-black","status":"publish","type":"product","link":"https:\/\/eu.tilta.com\/de\/shop\/hdmi-cable-clamp-for-sony-a1-ii-black\/","title":{"rendered":"HDMI-Kabelklemme f\u00fcr Sony a1 II &#8211; Schwarz"},"content":{"rendered":"<div class=\"overview-text\">\n<p>Diese HDMI-Kabelklemme wird an der Seite des Full Camera Cage f\u00fcr Sony a1 II\/a9 III befestigt.<\/p>\n<p>Damit k\u00f6nnen Sie ein HDMI-Stecker-auf-HDMI-Buchse-Adapterkabel sicher an Ihrem Kamerak\u00e4fig befestigen.<\/p>\n<p>Diese Klemme kann verhindern, dass sich das HDMI-Kabel w\u00e4hrend der Aufnahme l\u00f6st, und sie kann den Anschluss an Ihrem Kamerageh\u00e4use sch\u00fctzen.<\/p>\n<p>Dies kann besonders hilfreich sein, wenn Sie einen externen Rekorder verwenden.<\/p>\n<p><strong>HINWEIS: Diese Klemme passt nicht direkt auf die meisten HDMI-Kabel von Drittanbietern.<\/strong><\/p>\n<\/div>\n","protected":false},"excerpt":{"rendered":"<p>Diese HDMI-Kabelklemme wird an der Seite des Full Camera Cage f\u00fcr Sony a1 II\/a9 III befestigt. Damit k\u00f6nnen Sie ein HDMI-Stecker-auf-HDMI-Buchse-Adapterkabel sicher an Ihrem Kamerak\u00e4fig befestigen. Diese Klemme kann verhindern, dass sich das HDMI-Kabel w\u00e4hrend der Aufnahme l\u00f6st, und sie [&hellip;]<\/p>\n","protected":false},"featured_media":2201992,"comment_status":"open","ping_status":"closed","template":"","meta":[],"product_cat":[3890],"product_tag":[],"acf":[],"gallery_images":[2201996,2202002],"_links":{"self":[{"href":"https:\/\/eu.tilta.com\/de\/wp-json\/wp\/v2\/product\/2233575"}],"collection":[{"href":"https:\/\/eu.tilta.com\/de\/wp-json\/wp\/v2\/product"}],"about":[{"href":"https:\/\/eu.tilta.com\/de\/wp-json\/wp\/v2\/types\/product"}],"replies":[{"embeddable":true,"href":"https:\/\/eu.tilta.com\/de\/wp-json\/wp\/v2\/comments?post=2233575"}],"wp:featuredmedia":[{"embeddable":true,"href":"https:\/\/eu.tilta.com\/de\/wp-json\/wp\/v2\/media\/2201992"}],"wp:attachment":[{"href":"https:\/\/eu.tilta.com\/de\/wp-json\/wp\/v2\/media?parent=2233575"}],"wp:term":[{"taxonomy":"product_cat","embeddable":true,"href":"https:\/\/eu.tilta.com\/de\/wp-json\/wp\/v2\/product_cat?post=2233575"},{"taxonomy":"product_tag","embeddable":true,"href":"https:\/\/eu.tilta.com\/de\/wp-json\/wp\/v2\/product_tag?post=2233575"}],"curies":[{"name":"wp","href":"https:\/\/api.w.org\/{rel}","templated":true}]}}