{"id":2233583,"date":"2025-03-22T18:59:56","date_gmt":"2025-03-22T17:59:56","guid":{"rendered":"https:\/\/eu.tilta.com\/shop\/arca-bodenplatte-mit-kabeldurchfuehrung-fuer-a1-ii-a9-iii-schwarz\/"},"modified":"2025-12-05T14:19:35","modified_gmt":"2025-12-05T13:19:35","slug":"arca-bottom-plate-with-cable-passthrough-for-a1-ii-a9-iii-black","status":"publish","type":"product","link":"https:\/\/eu.tilta.com\/de\/shop\/arca-bottom-plate-with-cable-passthrough-for-a1-ii-a9-iii-black\/","title":{"rendered":"ARCA Bodenplatte mit Kabeldurchf\u00fchrung f\u00fcr a1 II\/a9 III &#8211; Schwarz"},"content":{"rendered":"<div class=\"overview-text\">\n<p>Einf\u00fchrung der ARCA Bodenplatte mit Kabeldurchf\u00fchrung f\u00fcr a1 II\/a9 III<\/p>\n<p>Diese ARCA Schnellwechselplatte kann direkt an der Unterseite des Full Camera Cage f\u00fcr Sony a1 II\/a9 III befestigt werden.<\/p>\n<p>Dadurch l\u00e4sst sich die Kamera problemlos an jedem ARCA-Empf\u00e4nger befestigen, wie z.B. an einem Gimbal der Ronin S-Serie oder an vielen leichten Stativen wie unserem VT-05 Travel Fluid Head Stativ.<\/p>\n<p>Diese Platte verf\u00fcgt \u00fcber einen speziellen Kabeldurchf\u00fchrungsschlitz, der es dem Benutzer erm\u00f6glicht, Kabel zwischen dem Kamerak\u00e4fig und der Bodenplatte zu f\u00fchren.<\/p>\n<p>Dies bietet eine bequeme M\u00f6glichkeit, die Kamera sauber zu halten, und verbessert die Kabelsicherheit, indem es ein versehentliches Trennen der Verbindung verhindert.<\/p>\n<p>Dieser Adapter ist so konzipiert, dass er sicher ist, da er zwei Kontaktpunkte zwischen dem Kamerak\u00e4fig und der Bodenplatte nutzt.<\/p>\n<\/div>\n","protected":false},"excerpt":{"rendered":"<p>Einf\u00fchrung der ARCA Bodenplatte mit Kabeldurchf\u00fchrung f\u00fcr a1 II\/a9 III Diese ARCA Schnellwechselplatte kann direkt an der Unterseite des Full Camera Cage f\u00fcr Sony a1 II\/a9 III befestigt werden. Dadurch l\u00e4sst sich die Kamera problemlos an jedem ARCA-Empf\u00e4nger befestigen, wie [&hellip;]<\/p>\n","protected":false},"featured_media":2201863,"comment_status":"open","ping_status":"closed","template":"","meta":[],"product_cat":[3890],"product_tag":[],"acf":[],"gallery_images":[2201882,2201888,2201876,2201870,2201598,2201610],"_links":{"self":[{"href":"https:\/\/eu.tilta.com\/de\/wp-json\/wp\/v2\/product\/2233583"}],"collection":[{"href":"https:\/\/eu.tilta.com\/de\/wp-json\/wp\/v2\/product"}],"about":[{"href":"https:\/\/eu.tilta.com\/de\/wp-json\/wp\/v2\/types\/product"}],"replies":[{"embeddable":true,"href":"https:\/\/eu.tilta.com\/de\/wp-json\/wp\/v2\/comments?post=2233583"}],"wp:featuredmedia":[{"embeddable":true,"href":"https:\/\/eu.tilta.com\/de\/wp-json\/wp\/v2\/media\/2201863"}],"wp:attachment":[{"href":"https:\/\/eu.tilta.com\/de\/wp-json\/wp\/v2\/media?parent=2233583"}],"wp:term":[{"taxonomy":"product_cat","embeddable":true,"href":"https:\/\/eu.tilta.com\/de\/wp-json\/wp\/v2\/product_cat?post=2233583"},{"taxonomy":"product_tag","embeddable":true,"href":"https:\/\/eu.tilta.com\/de\/wp-json\/wp\/v2\/product_tag?post=2233583"}],"curies":[{"name":"wp","href":"https:\/\/api.w.org\/{rel}","templated":true}]}}