{"id":2233594,"date":"2025-03-22T18:33:01","date_gmt":"2025-03-22T17:33:01","guid":{"rendered":"https:\/\/eu.tilta.com\/shop\/kamerakaefig-fuer-sony-a1-ii-a9-iii-base-kit-schwarz\/"},"modified":"2025-12-05T14:19:51","modified_gmt":"2025-12-05T13:19:51","slug":"camera-cage-for-sony-a1-ii-a9-iii-base-kit-black","status":"publish","type":"product","link":"https:\/\/eu.tilta.com\/de\/shop\/camera-cage-for-sony-a1-ii-a9-iii-base-kit-black\/","title":{"rendered":"Kamerak\u00e4fig f\u00fcr Sony a1 II\/a9 III Base Kit &#8211; Schwarz"},"content":{"rendered":"<div class=\"overview-text\">\n<p><em>Wir stellen das Camera Cage Base Kit f\u00fcr die Sony a1 II und a9 III vor<\/em><\/p>\n<p>Die Grundlage dieses Kits ist der vollst\u00e4ndige Kamerak\u00e4fig, der zus\u00e4tzlichen Schutz f\u00fcr das Kamerageh\u00e4use bietet und gleichzeitig die Befestigungsm\u00f6glichkeiten f\u00fcr diverses Zubeh\u00f6r erweitert.<\/p>\n<p>Der Full Cage verf\u00fcgt \u00fcber eine Cold Shoe-Aufnahme, M3-Gewinde, 1\/4\u2033-20-Gewinde mit Fixierpunkten und einen 3\/8\u2033-16 auf 1\/4\u2033-20 Gewindeadapter.<\/p>\n<p>Dieser K\u00e4fig verf\u00fcgt \u00fcber ein modulares Design, das es dem Benutzer erm\u00f6glicht, mit wenigen Schrauben von einem vollen K\u00e4fig zu einem halben K\u00e4fig zu wechseln. Die mitgelieferten HDMI-Kabelklemmen sorgen daf\u00fcr, dass ein HDMI-Kabel, das mit einem der beiden Kamerageh\u00e4use verwendet wird, sicher bleibt.<\/p>\n<p>In diesem Kit ist der XENO Oberer Handgriff enthalten, der mit einer 1\/4\u2033-20 Schraube an der Oberseite des K\u00e4figs befestigt wird und mit Hilfe von Fixierstiften sicher gehalten wird. Dieser Top Handle verbessert die Flexibilit\u00e4t bei der Aufnahme und Handhabung des Systems, was besonders bei niedrigeren Winkeln n\u00fctzlich ist.<\/p>\n<p>Der obere Handgriff erweitert au\u00dferdem die Befestigungsm\u00f6glichkeiten f\u00fcr Zubeh\u00f6r \u00fcber zus\u00e4tzliche 1\/4\u2033-20-Gewinde und einen Cold Shoe-Empf\u00e4nger, perfekt f\u00fcr einen externen Monitor \u00fcber unsere Cold Shoe-Zubeh\u00f6rhalterung. (nicht enthalten)<\/p>\n<\/div>\n","protected":false},"excerpt":{"rendered":"<p>Wir stellen das Camera Cage Base Kit f\u00fcr die Sony a1 II und a9 III vor Die Grundlage dieses Kits ist der vollst\u00e4ndige Kamerak\u00e4fig, der zus\u00e4tzlichen Schutz f\u00fcr das Kamerageh\u00e4use bietet und gleichzeitig die Befestigungsm\u00f6glichkeiten f\u00fcr diverses Zubeh\u00f6r erweitert. Der [&hellip;]<\/p>\n","protected":false},"featured_media":2201775,"comment_status":"open","ping_status":"closed","template":"","meta":[],"product_cat":[3890],"product_tag":[],"acf":[],"gallery_images":[2201781,2201787,2201793,2201598,2201610,2201604],"_links":{"self":[{"href":"https:\/\/eu.tilta.com\/de\/wp-json\/wp\/v2\/product\/2233594"}],"collection":[{"href":"https:\/\/eu.tilta.com\/de\/wp-json\/wp\/v2\/product"}],"about":[{"href":"https:\/\/eu.tilta.com\/de\/wp-json\/wp\/v2\/types\/product"}],"replies":[{"embeddable":true,"href":"https:\/\/eu.tilta.com\/de\/wp-json\/wp\/v2\/comments?post=2233594"}],"wp:featuredmedia":[{"embeddable":true,"href":"https:\/\/eu.tilta.com\/de\/wp-json\/wp\/v2\/media\/2201775"}],"wp:attachment":[{"href":"https:\/\/eu.tilta.com\/de\/wp-json\/wp\/v2\/media?parent=2233594"}],"wp:term":[{"taxonomy":"product_cat","embeddable":true,"href":"https:\/\/eu.tilta.com\/de\/wp-json\/wp\/v2\/product_cat?post=2233594"},{"taxonomy":"product_tag","embeddable":true,"href":"https:\/\/eu.tilta.com\/de\/wp-json\/wp\/v2\/product_tag?post=2233594"}],"curies":[{"name":"wp","href":"https:\/\/api.w.org\/{rel}","templated":true}]}}