{"id":2233608,"date":"2025-03-22T18:28:22","date_gmt":"2025-03-22T17:28:22","guid":{"rendered":"https:\/\/eu.tilta.com\/shop\/vollstaendiger-kamerakaefig-fuer-sony-a1-ii-a9-iii-schwarz\/"},"modified":"2025-12-05T14:19:55","modified_gmt":"2025-12-05T13:19:55","slug":"full-camera-cage-for-sony-a1-ii-a9-iii-black","status":"publish","type":"product","link":"https:\/\/eu.tilta.com\/de\/shop\/full-camera-cage-for-sony-a1-ii-a9-iii-black\/","title":{"rendered":"Vollst\u00e4ndiger Kamerak\u00e4fig f\u00fcr Sony a1 II\/a9 III &#8211; Schwarz"},"content":{"rendered":"<div class=\"overview-text\">\n<p><em>Wir stellen das Full Camera Cage f\u00fcr die Sony a1 II und a9 III vor<\/em><\/p>\n<p>Dieser Kamerak\u00e4fig bietet zus\u00e4tzlichen Schutz f\u00fcr das Kamerageh\u00e4use und erweitert gleichzeitig die Befestigungsm\u00f6glichkeiten f\u00fcr diverses Zubeh\u00f6r.<\/p>\n<p>Der Full Cage verf\u00fcgt \u00fcber eine Cold Shoe-Aufnahme, M3-Gewinde, 1\/4\u2033-20-Gewinde mit Fixierpunkten und einen 3\/8\u2033-16 auf 1\/4\u2033-20 Gewindeadapter.<\/p>\n<p>Dieser K\u00e4fig verf\u00fcgt \u00fcber ein modulares Design, das es dem Benutzer erm\u00f6glicht, mit wenigen Schrauben von einem vollen K\u00e4fig zu einem halben K\u00e4fig zu wechseln.<\/p>\n<p>Die mitgelieferten HDMI-Kabelklemmen sorgen daf\u00fcr, dass ein HDMI-Kabel, das mit einem der beiden Kamerageh\u00e4use verwendet wird, sicher bleibt.<\/p>\n<\/div>\n","protected":false},"excerpt":{"rendered":"<p>Wir stellen das Full Camera Cage f\u00fcr die Sony a1 II und a9 III vor Dieser Kamerak\u00e4fig bietet zus\u00e4tzlichen Schutz f\u00fcr das Kamerageh\u00e4use und erweitert gleichzeitig die Befestigungsm\u00f6glichkeiten f\u00fcr diverses Zubeh\u00f6r. Der Full Cage verf\u00fcgt \u00fcber eine Cold Shoe-Aufnahme, M3-Gewinde, [&hellip;]<\/p>\n","protected":false},"featured_media":2201726,"comment_status":"open","ping_status":"closed","template":"","meta":[],"product_cat":[3890],"product_tag":[],"acf":[],"gallery_images":[2201732,2201738,2201744,2201598,2201610,2201604],"_links":{"self":[{"href":"https:\/\/eu.tilta.com\/de\/wp-json\/wp\/v2\/product\/2233608"}],"collection":[{"href":"https:\/\/eu.tilta.com\/de\/wp-json\/wp\/v2\/product"}],"about":[{"href":"https:\/\/eu.tilta.com\/de\/wp-json\/wp\/v2\/types\/product"}],"replies":[{"embeddable":true,"href":"https:\/\/eu.tilta.com\/de\/wp-json\/wp\/v2\/comments?post=2233608"}],"wp:featuredmedia":[{"embeddable":true,"href":"https:\/\/eu.tilta.com\/de\/wp-json\/wp\/v2\/media\/2201726"}],"wp:attachment":[{"href":"https:\/\/eu.tilta.com\/de\/wp-json\/wp\/v2\/media?parent=2233608"}],"wp:term":[{"taxonomy":"product_cat","embeddable":true,"href":"https:\/\/eu.tilta.com\/de\/wp-json\/wp\/v2\/product_cat?post=2233608"},{"taxonomy":"product_tag","embeddable":true,"href":"https:\/\/eu.tilta.com\/de\/wp-json\/wp\/v2\/product_tag?post=2233608"}],"curies":[{"name":"wp","href":"https:\/\/api.w.org\/{rel}","templated":true}]}}