{"id":2233609,"date":"2025-03-19T04:26:42","date_gmt":"2025-03-19T03:26:42","guid":{"rendered":"https:\/\/eu.tilta.com\/shop\/schockabsorbierender-kopf-fuer-hydra-alien-mini-universal-titanium-grau\/"},"modified":"2025-12-05T14:19:55","modified_gmt":"2025-12-05T13:19:55","slug":"shock-absorbing-head-for-hydra-alien-mini-universal-titanium-grey","status":"publish","type":"product","link":"https:\/\/eu.tilta.com\/de\/shop\/shock-absorbing-head-for-hydra-alien-mini-universal-titanium-grey\/","title":{"rendered":"Schockabsorbierender Kopf f\u00fcr Hydra Alien Mini (Universal) &#8211; Titanium Grau"},"content":{"rendered":"<div class=\"overview-text\">\n<p><strong>Der sto\u00dfd\u00e4mpfende Kopf f\u00fcr den Hydra Alien Mini ist ein unverzichtbares Werkzeug f\u00fcr Filmemacher und Produzenten von Inhalten, die h\u00f6chste Anspr\u00fcche an die Qualit\u00e4t ihrer Aufnahmen stellen.<\/strong>  Dieses Spezialzubeh\u00f6r wurde entwickelt, um Mikrovibrationen entgegenzuwirken, die die Bildstabilit\u00e4t beeintr\u00e4chtigen k\u00f6nnen. Es verbessert die Leistung Ihres Hydra Alien Mini Gimbal-Systems und sorgt f\u00fcr reibungslose, professionelle Ergebnisse auch unter schwierigen Aufnahmebedingungen.<\/p>\n<p><strong>Entwickelt f\u00fcr Leistung<\/strong><br \/>\nDer speziell f\u00fcr den <a href=\"https:\/\/eu.tilta.com\/product-category\/car-mounting-systems\/hydra-alien-mini-car-mounting-system\/\">Hydra Alien Mini<\/a> entwickelte und mit Pr\u00e4zision gefertigte Shock Absorbing Head f\u00fcgt sich nahtlos in Ihr bestehendes Setup ein. Seine robuste Konstruktion aus einer hochwertigen Aluminiumlegierung und Gummi garantiert Strapazierf\u00e4higkeit und Langlebigkeit, w\u00e4hrend sein leichtes Profil nur minimale Auswirkungen auf Ihre Nutzlastkapazit\u00e4t hat.<\/p>\n<p><strong>Anwendungen<\/strong><br \/>\nDieses unverzichtbare Zubeh\u00f6r ist ideal f\u00fcr eine Vielzahl von Filmszenarien, bei denen die Stabilit\u00e4t der Kamera von gr\u00f6\u00dfter Bedeutung ist. Ganz gleich, ob Sie dynamische Action-Sequenzen aufnehmen, durch unebenes Gel\u00e4nde navigieren oder aus fahrenden Fahrzeugen heraus filmen, der Shock Absorbing Head hilft Ihnen, filmische Laufruhe zu erzielen und unerw\u00fcnschte Kameraverwacklungen zu vermeiden.<\/p>\n<p><strong>Kompatibilit\u00e4t und Vielseitigkeit<\/strong><br \/>\nDieser sto\u00dfd\u00e4mpfende Kopf ist vollst\u00e4ndig kompatibel mit Action-Kameras wie der DJI Action Serie, der Insta 360 ACE Serie und der GoPro Hero Serie und erweitert Ihre kreativen M\u00f6glichkeiten mit Handkardanik. Dar\u00fcber hinaus kann er mit dem <a href=\"https:\/\/eu.tilta.com\/shop\/electronic-suction-cup-4-5_\/\">elektronischen Saugnapf<\/a> von Tilta kombiniert werden, um eine Vielzahl von Befestigungsm\u00f6glichkeiten und Aufnahmewinkeln zu erschlie\u00dfen, was Ihnen eine unvergleichliche Flexibilit\u00e4t bei Ihren Filmprojekten bietet.https:\/\/tilta.com\/shop\/electronic-suction-cup-4-5_\/<\/p>\n<p><strong>Erh\u00f6hen Sie Ihr Filmemachen<\/strong><br \/>\nMit dem sto\u00dfd\u00e4mpfenden Kopf f\u00fcr die Hydra Alien Mini k\u00f6nnen Sie in jeder Umgebung sicher sein, dass Sie Aufnahmen in professioneller Qualit\u00e4t machen. Dieses innovative Zubeh\u00f6r erm\u00f6glicht es Ihnen, die Grenzen Ihrer Kreativit\u00e4t zu erweitern und filmische Ergebnisse zu erzielen, die Ihr Publikum fesseln werden.<\/p>\n<\/div>\n","protected":false},"excerpt":{"rendered":"<p>Der sto\u00dfd\u00e4mpfende Kopf f\u00fcr den Hydra Alien Mini ist ein unverzichtbares Werkzeug f\u00fcr Filmemacher und Produzenten von Inhalten, die h\u00f6chste Anspr\u00fcche an die Qualit\u00e4t ihrer Aufnahmen stellen. Dieses Spezialzubeh\u00f6r wurde entwickelt, um Mikrovibrationen entgegenzuwirken, die die Bildstabilit\u00e4t beeintr\u00e4chtigen k\u00f6nnen. Es [&hellip;]<\/p>\n","protected":false},"featured_media":2193070,"comment_status":"open","ping_status":"closed","template":"","meta":[],"product_cat":[3263],"product_tag":[],"acf":[],"gallery_images":[2193064,2193058,2193052,2193046,2193040],"_links":{"self":[{"href":"https:\/\/eu.tilta.com\/de\/wp-json\/wp\/v2\/product\/2233609"}],"collection":[{"href":"https:\/\/eu.tilta.com\/de\/wp-json\/wp\/v2\/product"}],"about":[{"href":"https:\/\/eu.tilta.com\/de\/wp-json\/wp\/v2\/types\/product"}],"replies":[{"embeddable":true,"href":"https:\/\/eu.tilta.com\/de\/wp-json\/wp\/v2\/comments?post=2233609"}],"wp:featuredmedia":[{"embeddable":true,"href":"https:\/\/eu.tilta.com\/de\/wp-json\/wp\/v2\/media\/2193070"}],"wp:attachment":[{"href":"https:\/\/eu.tilta.com\/de\/wp-json\/wp\/v2\/media?parent=2233609"}],"wp:term":[{"taxonomy":"product_cat","embeddable":true,"href":"https:\/\/eu.tilta.com\/de\/wp-json\/wp\/v2\/product_cat?post=2233609"},{"taxonomy":"product_tag","embeddable":true,"href":"https:\/\/eu.tilta.com\/de\/wp-json\/wp\/v2\/product_tag?post=2233609"}],"curies":[{"name":"wp","href":"https:\/\/api.w.org\/{rel}","templated":true}]}}