{"id":2233644,"date":"2025-03-12T11:37:57","date_gmt":"2025-03-12T10:37:57","guid":{"rendered":"https:\/\/eu.tilta.com\/shop\/kamerakaefig-fuer-canon-c80-advanced-kit\/"},"modified":"2025-12-05T14:20:07","modified_gmt":"2025-12-05T13:20:07","slug":"camera-cage-for-canon-c80-advanced-kit","status":"publish","type":"product","link":"https:\/\/eu.tilta.com\/de\/shop\/camera-cage-for-canon-c80-advanced-kit\/","title":{"rendered":"Kamerak\u00e4fig f\u00fcr Canon C80 Advanced Kit"},"content":{"rendered":"<p><em>Wir stellen das Kamerageh\u00e4use f\u00fcr das Canon C80 Advanced Kit vor<\/em><\/p>\n<p>Dieser Kamerak\u00e4fig bietet zus\u00e4tzlichen Schutz f\u00fcr das Kamerageh\u00e4use und erweitert gleichzeitig die Befestigungsm\u00f6glichkeiten f\u00fcr diverses Zubeh\u00f6r. Der Full Cage verf\u00fcgt \u00fcber einen Cold Shoe Receiver, eine NATO-Schiene, eine Halterung f\u00fcr den Handgelenkgurt, 1\/4\u2033-20 und 3\/8\u2033-16 Gewinde, beide mit Fixierpunkten.<\/p>\n<p>Einzigartig an diesem K\u00e4fig ist die Seitenplatte mit integrierten Tastenerweiterungen f\u00fcr das Kamerageh\u00e4use, die ein taktiles Feedback und einen einfachen Zugriff erm\u00f6glichen. Die gegen\u00fcberliegende Seitenplatte ist mit Gewinden versehen, die schnell eine vertikale Konfiguration erm\u00f6glichen.<\/p>\n<p>Die Top Plate ist so konstruiert, dass sie ungehinderten Zugang zum originalen C80 Top Handle Montagepunkt erm\u00f6glicht. Damit ist dieser K\u00e4fig eine ideale Option f\u00fcr Benutzer, die den originalen Griff behalten m\u00f6chten.<\/p>\n<p>Ebenfalls im Lieferumfang enthalten ist der Xeno Side Handle, der \u00fcber einen NATO-Anschluss an der linken Seite des K\u00e4figs befestigt wird. Mit einer einstellbaren H\u00f6he von 40 mm k\u00f6nnen Sie Ihre bevorzugte Position einstellen und so bequem aus der Hand fotografieren.<\/p>\n<p>Der Griff besteht aus rutschfestem Silikon, das einen strukturierten Griff bietet, der die Stabilit\u00e4t verbessert, und verf\u00fcgt \u00fcber Befestigungspunkte wie eine Cold Shoe-Aufnahme und ein 1\/4\u2033-20-Gewinde mit Fixierpunkten f\u00fcr zus\u00e4tzliches Zubeh\u00f6r.<\/p>\n<p>Zu diesem Kit geh\u00f6rt auch eine 15 mm LWS-Grundplatte, auf der Sie verschiedene Zubeh\u00f6rteile mit Stangen befestigen k\u00f6nnen, wie z.B. Follow Focus Systeme oder Matte Boxes.<\/p>\n<p>Die Grundplatte ist mit den Tilta Standardschwalbenschw\u00e4nzen kompatibel und kann durch 1\/4\u2033-20 und 3\/8\u2033-16 Gewinde an der Unterseite eine breite Palette von Schnellwechselplatten aufnehmen.<\/p>\n","protected":false},"excerpt":{"rendered":"<p>Wir stellen das Kamerageh\u00e4use f\u00fcr das Canon C80 Advanced Kit vor Dieser Kamerak\u00e4fig bietet zus\u00e4tzlichen Schutz f\u00fcr das Kamerageh\u00e4use und erweitert gleichzeitig die Befestigungsm\u00f6glichkeiten f\u00fcr diverses Zubeh\u00f6r. Der Full Cage verf\u00fcgt \u00fcber einen Cold Shoe Receiver, eine NATO-Schiene, eine Halterung [&hellip;]<\/p>\n","protected":false},"featured_media":2176344,"comment_status":"open","ping_status":"closed","template":"","meta":[],"product_cat":[3897],"product_tag":[],"acf":[],"gallery_images":[2176350,2176356,2176362,2176369,2176107,2176119,2176132],"_links":{"self":[{"href":"https:\/\/eu.tilta.com\/de\/wp-json\/wp\/v2\/product\/2233644"}],"collection":[{"href":"https:\/\/eu.tilta.com\/de\/wp-json\/wp\/v2\/product"}],"about":[{"href":"https:\/\/eu.tilta.com\/de\/wp-json\/wp\/v2\/types\/product"}],"replies":[{"embeddable":true,"href":"https:\/\/eu.tilta.com\/de\/wp-json\/wp\/v2\/comments?post=2233644"}],"wp:featuredmedia":[{"embeddable":true,"href":"https:\/\/eu.tilta.com\/de\/wp-json\/wp\/v2\/media\/2176344"}],"wp:attachment":[{"href":"https:\/\/eu.tilta.com\/de\/wp-json\/wp\/v2\/media?parent=2233644"}],"wp:term":[{"taxonomy":"product_cat","embeddable":true,"href":"https:\/\/eu.tilta.com\/de\/wp-json\/wp\/v2\/product_cat?post=2233644"},{"taxonomy":"product_tag","embeddable":true,"href":"https:\/\/eu.tilta.com\/de\/wp-json\/wp\/v2\/product_tag?post=2233644"}],"curies":[{"name":"wp","href":"https:\/\/api.w.org\/{rel}","templated":true}]}}