{"id":2233646,"date":"2025-03-12T11:27:34","date_gmt":"2025-03-12T10:27:34","guid":{"rendered":"https:\/\/eu.tilta.com\/shop\/kamerakaefig-fuer-canon-c80-base-kit\/"},"modified":"2025-12-05T14:20:08","modified_gmt":"2025-12-05T13:20:08","slug":"camera-cage-for-canon-c80-base-kit","status":"publish","type":"product","link":"https:\/\/eu.tilta.com\/de\/shop\/camera-cage-for-canon-c80-base-kit\/","title":{"rendered":"Kamerak\u00e4fig f\u00fcr Canon C80 Base Kit"},"content":{"rendered":"<p><em>Wir stellen vor: Kamerak\u00e4fig f\u00fcr Canon C80 Base Kit<\/em><\/p>\n<p>Dieser Kamerak\u00e4fig bietet zus\u00e4tzlichen Schutz f\u00fcr das Kamerageh\u00e4use und erweitert gleichzeitig die Befestigungsm\u00f6glichkeiten f\u00fcr diverses Zubeh\u00f6r.<\/p>\n<p>Der Full Cage verf\u00fcgt \u00fcber einen Cold Shoe Receiver, eine NATO-Schiene, eine Halterung f\u00fcr den Handgelenkgurt, 1\/4\u2033-20 und 3\/8\u2033-16 Gewinde, beide mit Fixierpunkten.<\/p>\n<p>Einzigartig an diesem K\u00e4fig ist die Seitenplatte mit integrierten Tastenerweiterungen f\u00fcr das Kamerageh\u00e4use, die ein taktiles Feedback und einen einfachen Zugriff erm\u00f6glichen.<\/p>\n<p>Die gegen\u00fcberliegende Seitenplatte verf\u00fcgt \u00fcber speziell ausgerichtete Befestigungspunkte, die es dem Benutzer erm\u00f6glichen, eine Schnellwechselplatte zu montieren und die Kamera in eine vertikale Konfiguration zu kippen.<\/p>\n<p>Die Top Plate ist so konstruiert, dass sie ungehinderten Zugang zum originalen C80 Top Handle Montagepunkt erm\u00f6glicht. Damit ist dieser K\u00e4fig eine ideale Option f\u00fcr Benutzer, die den originalen Griff behalten m\u00f6chten.<\/p>\n","protected":false},"excerpt":{"rendered":"<p>Wir stellen vor: Kamerak\u00e4fig f\u00fcr Canon C80 Base Kit Dieser Kamerak\u00e4fig bietet zus\u00e4tzlichen Schutz f\u00fcr das Kamerageh\u00e4use und erweitert gleichzeitig die Befestigungsm\u00f6glichkeiten f\u00fcr diverses Zubeh\u00f6r. Der Full Cage verf\u00fcgt \u00fcber einen Cold Shoe Receiver, eine NATO-Schiene, eine Halterung f\u00fcr den [&hellip;]<\/p>\n","protected":false},"featured_media":2176113,"comment_status":"open","ping_status":"closed","template":"","meta":[],"product_cat":[3897],"product_tag":[],"acf":[],"gallery_images":[2176125,2176140,2176148,2176154,2176107,2176119,2176132],"_links":{"self":[{"href":"https:\/\/eu.tilta.com\/de\/wp-json\/wp\/v2\/product\/2233646"}],"collection":[{"href":"https:\/\/eu.tilta.com\/de\/wp-json\/wp\/v2\/product"}],"about":[{"href":"https:\/\/eu.tilta.com\/de\/wp-json\/wp\/v2\/types\/product"}],"replies":[{"embeddable":true,"href":"https:\/\/eu.tilta.com\/de\/wp-json\/wp\/v2\/comments?post=2233646"}],"wp:featuredmedia":[{"embeddable":true,"href":"https:\/\/eu.tilta.com\/de\/wp-json\/wp\/v2\/media\/2176113"}],"wp:attachment":[{"href":"https:\/\/eu.tilta.com\/de\/wp-json\/wp\/v2\/media?parent=2233646"}],"wp:term":[{"taxonomy":"product_cat","embeddable":true,"href":"https:\/\/eu.tilta.com\/de\/wp-json\/wp\/v2\/product_cat?post=2233646"},{"taxonomy":"product_tag","embeddable":true,"href":"https:\/\/eu.tilta.com\/de\/wp-json\/wp\/v2\/product_tag?post=2233646"}],"curies":[{"name":"wp","href":"https:\/\/api.w.org\/{rel}","templated":true}]}}