{"id":2233679,"date":"2025-03-11T03:39:59","date_gmt":"2025-03-11T02:39:59","guid":{"rendered":"https:\/\/eu.tilta.com\/shop\/15mm-lws-dual-rosette-adapter-schwarz\/"},"modified":"2026-03-18T11:29:38","modified_gmt":"2026-03-18T10:29:38","slug":"15mm-lws-dual-rosette-adapter-black","status":"publish","type":"product","link":"https:\/\/eu.tilta.com\/de\/shop\/15mm-lws-dual-rosette-adapter-black\/","title":{"rendered":"15mm LWS Dual Rosette Adapter &#8211; Schwarz"},"content":{"rendered":"<p><em>Wir stellen den 15mm LWS Dual Rosette Adapter vor  <\/em><\/p>\n<p>Dieser Adapter im Br\u00fcckenstil wird \u00fcber 15 mm LWS-Stangen befestigt und erm\u00f6glicht die Montage von Zubeh\u00f6r \u00fcber Rosettenanschl\u00fcsse.<\/p>\n<p>Dies ist ideal f\u00fcr Benutzer, die Rosettenverl\u00e4ngerungsarme und Handgriffe anbringen m\u00f6chten, um ein Schulter-Rig-Setup ohne ein eigenst\u00e4ndiges Schulter-Rig zu erreichen.<\/p>\n<p>In dieser Mitte der Stangenhalterung befindet sich ein 3\/8\u2033-16 Gewinde mit einem 1\/4\u2033-20 Reduzierst\u00fcck, das eine Reihe von zus\u00e4tzlichem Zubeh\u00f6r aufnehmen kann.<\/p>\n<p>Dies ist eine perfekte Befestigungsm\u00f6glichkeit f\u00fcr verschiedene Objektivhalterungen oder Entfernungsmesser wie den DJI LiDAR.<\/p>\n","protected":false},"excerpt":{"rendered":"<p>Wir stellen den 15mm LWS Dual Rosette Adapter vor Dieser Adapter im Br\u00fcckenstil wird \u00fcber 15 mm LWS-Stangen befestigt und erm\u00f6glicht die Montage von Zubeh\u00f6r \u00fcber Rosettenanschl\u00fcsse. Dies ist ideal f\u00fcr Benutzer, die Rosettenverl\u00e4ngerungsarme und Handgriffe anbringen m\u00f6chten, um ein [&hellip;]<\/p>\n","protected":false},"featured_media":2171881,"comment_status":"open","ping_status":"closed","template":"","meta":[],"product_cat":[1067],"product_tag":[],"acf":[],"gallery_images":[2171887,2171893,2171899],"_links":{"self":[{"href":"https:\/\/eu.tilta.com\/de\/wp-json\/wp\/v2\/product\/2233679"}],"collection":[{"href":"https:\/\/eu.tilta.com\/de\/wp-json\/wp\/v2\/product"}],"about":[{"href":"https:\/\/eu.tilta.com\/de\/wp-json\/wp\/v2\/types\/product"}],"replies":[{"embeddable":true,"href":"https:\/\/eu.tilta.com\/de\/wp-json\/wp\/v2\/comments?post=2233679"}],"wp:featuredmedia":[{"embeddable":true,"href":"https:\/\/eu.tilta.com\/de\/wp-json\/wp\/v2\/media\/2171881"}],"wp:attachment":[{"href":"https:\/\/eu.tilta.com\/de\/wp-json\/wp\/v2\/media?parent=2233679"}],"wp:term":[{"taxonomy":"product_cat","embeddable":true,"href":"https:\/\/eu.tilta.com\/de\/wp-json\/wp\/v2\/product_cat?post=2233679"},{"taxonomy":"product_tag","embeddable":true,"href":"https:\/\/eu.tilta.com\/de\/wp-json\/wp\/v2\/product_tag?post=2233679"}],"curies":[{"name":"wp","href":"https:\/\/api.w.org\/{rel}","templated":true}]}}