{"id":2233680,"date":"2025-03-08T09:41:41","date_gmt":"2025-03-08T08:41:41","guid":{"rendered":"https:\/\/eu.tilta.com\/shop\/montagegrundplatte-mit-holzgriff-fuer-fujifilm-x-m5\/"},"modified":"2025-12-05T14:20:44","modified_gmt":"2025-12-05T13:20:44","slug":"mounting-baseplate-with-wooden-grip-for-fujifilm-x-m5","status":"publish","type":"product","link":"https:\/\/eu.tilta.com\/de\/shop\/mounting-baseplate-with-wooden-grip-for-fujifilm-x-m5\/","title":{"rendered":"Montagegrundplatte mit Holzgriff f\u00fcr Fujifilm X-M5"},"content":{"rendered":"<p><em>Wir stellen die Montageplatte mit Holzgriff f\u00fcr die Fujifilm X-M5 vor<\/em><\/p>\n<p>Dieses Zubeh\u00f6r in Form eines L-B\u00fcgels verf\u00fcgt \u00fcber einen aus Walnussholz gefertigten Holzgriff, mit dem Sie die Kamera noch bequemer bedienen und handhaben k\u00f6nnen.<\/p>\n<p>Die Bodenplatte kann problemlos eine ARCA-Schnellwechselplatte (nicht im Lieferumfang enthalten) aufnehmen, mit der das System problemlos an Ronin Gimbals der S-Serie oder leichten Stativen wie unserem <a href=\"https:\/\/eu.tilta.com\/shop\/tilta-vt05-travel-video-fluid-head-with-3-stage-carbon-fiber-tripod-legs-5kg\/\">VT-05 Travel Fluid Head Stativ<\/a> befestigt werden kann.<\/p>\n","protected":false},"excerpt":{"rendered":"<p>Wir stellen die Montageplatte mit Holzgriff f\u00fcr die Fujifilm X-M5 vor Dieses Zubeh\u00f6r in Form eines L-B\u00fcgels verf\u00fcgt \u00fcber einen aus Walnussholz gefertigten Holzgriff, mit dem Sie die Kamera noch bequemer bedienen und handhaben k\u00f6nnen. Die Bodenplatte kann problemlos eine [&hellip;]<\/p>\n","protected":false},"featured_media":2166480,"comment_status":"open","ping_status":"closed","template":"","meta":[],"product_cat":[3902],"product_tag":[],"acf":[],"gallery_images":[2166456,2166486,2166492],"_links":{"self":[{"href":"https:\/\/eu.tilta.com\/de\/wp-json\/wp\/v2\/product\/2233680"}],"collection":[{"href":"https:\/\/eu.tilta.com\/de\/wp-json\/wp\/v2\/product"}],"about":[{"href":"https:\/\/eu.tilta.com\/de\/wp-json\/wp\/v2\/types\/product"}],"replies":[{"embeddable":true,"href":"https:\/\/eu.tilta.com\/de\/wp-json\/wp\/v2\/comments?post=2233680"}],"wp:featuredmedia":[{"embeddable":true,"href":"https:\/\/eu.tilta.com\/de\/wp-json\/wp\/v2\/media\/2166480"}],"wp:attachment":[{"href":"https:\/\/eu.tilta.com\/de\/wp-json\/wp\/v2\/media?parent=2233680"}],"wp:term":[{"taxonomy":"product_cat","embeddable":true,"href":"https:\/\/eu.tilta.com\/de\/wp-json\/wp\/v2\/product_cat?post=2233680"},{"taxonomy":"product_tag","embeddable":true,"href":"https:\/\/eu.tilta.com\/de\/wp-json\/wp\/v2\/product_tag?post=2233680"}],"curies":[{"name":"wp","href":"https:\/\/api.w.org\/{rel}","templated":true}]}}