{"id":2233681,"date":"2025-03-08T08:38:44","date_gmt":"2025-03-08T07:38:44","guid":{"rendered":"https:\/\/eu.tilta.com\/shop\/vintage-kamerakaefig-fuer-fujifilm-x-m5-base-kit\/"},"modified":"2026-02-16T09:03:45","modified_gmt":"2026-02-16T08:03:45","slug":"vintage-camera-cage-for-fujifilm-x-m5-base-kit","status":"publish","type":"product","link":"https:\/\/eu.tilta.com\/de\/shop\/vintage-camera-cage-for-fujifilm-x-m5-base-kit\/","title":{"rendered":"Vintage Kamerak\u00e4fig f\u00fcr Fujifilm X-M5 Base Kit"},"content":{"rendered":"<p>Wir stellen vor: Vintage-Kamerak\u00e4fig f\u00fcr Fujifilm X-M5 Base Kit<\/p>\n<p>Dieses Kit enth\u00e4lt einige ausgew\u00e4hlte Zubeh\u00f6rteile, die die Funktionalit\u00e4t des X-M5 verbessern und das System gleichzeitig handlich und tragbar machen.<\/p>\n<p>Die Basis dieses Kits ist ein L-Bracket mit einem Holzgriff aus Walnussholz, der eine komfortablere Bedienung und Handhabung der Kamera erm\u00f6glicht.<\/p>\n<p>Der Blitzschuh-Daumengriff wird an der Blitzschuhhalterung der Kamera befestigt und verbessert die Stabilit\u00e4t aus der Hand f\u00fcr fl\u00fcssigere Aufnahmen.<\/p>\n<p>Die Riemenbefestigungen aus echtem Leder bieten eine bequemere M\u00f6glichkeit, einen Kameragurt an das System anzuschlie\u00dfen oder abzunehmen.<\/p>\n<p>Die Bodenplatte kann problemlos eine ARCA-Schnellwechselplatte aufnehmen, mit der das System problemlos an Ronin-Kardans der S-Serie oder leichten Stativen wie unserem <a href=\"https:\/\/eu.tilta.com\/shop\/tilta-vt05-travel-video-fluid-head-with-3-stage-carbon-fiber-tripod-legs-5kg\/\">VT-05 Travel Fluid Head Stativ<\/a> befestigt werden kann.<\/p>\n","protected":false},"excerpt":{"rendered":"<p>Wir stellen vor: Vintage-Kamerak\u00e4fig f\u00fcr Fujifilm X-M5 Base Kit Dieses Kit enth\u00e4lt einige ausgew\u00e4hlte Zubeh\u00f6rteile, die die Funktionalit\u00e4t des X-M5 verbessern und das System gleichzeitig handlich und tragbar machen. Die Basis dieses Kits ist ein L-Bracket mit einem Holzgriff aus [&hellip;]<\/p>\n","protected":false},"featured_media":2166085,"comment_status":"open","ping_status":"closed","template":"","meta":[],"product_cat":[4448,3902],"product_tag":[],"acf":[],"gallery_images":[2166097,2166109,2166121,2166215,2166221,2166227],"_links":{"self":[{"href":"https:\/\/eu.tilta.com\/de\/wp-json\/wp\/v2\/product\/2233681"}],"collection":[{"href":"https:\/\/eu.tilta.com\/de\/wp-json\/wp\/v2\/product"}],"about":[{"href":"https:\/\/eu.tilta.com\/de\/wp-json\/wp\/v2\/types\/product"}],"replies":[{"embeddable":true,"href":"https:\/\/eu.tilta.com\/de\/wp-json\/wp\/v2\/comments?post=2233681"}],"wp:featuredmedia":[{"embeddable":true,"href":"https:\/\/eu.tilta.com\/de\/wp-json\/wp\/v2\/media\/2166085"}],"wp:attachment":[{"href":"https:\/\/eu.tilta.com\/de\/wp-json\/wp\/v2\/media?parent=2233681"}],"wp:term":[{"taxonomy":"product_cat","embeddable":true,"href":"https:\/\/eu.tilta.com\/de\/wp-json\/wp\/v2\/product_cat?post=2233681"},{"taxonomy":"product_tag","embeddable":true,"href":"https:\/\/eu.tilta.com\/de\/wp-json\/wp\/v2\/product_tag?post=2233681"}],"curies":[{"name":"wp","href":"https:\/\/api.w.org\/{rel}","templated":true}]}}