{"id":2233731,"date":"2025-03-10T07:39:48","date_gmt":"2025-03-10T06:39:48","guid":{"rendered":"https:\/\/eu.tilta.com\/shop\/blitzschuh-halterung-fuer-fujifilm-x-m5\/"},"modified":"2026-03-02T12:25:19","modified_gmt":"2026-03-02T11:25:19","slug":"hot-shoe-thumb-bracket-for-fujifilm-x-m5","status":"publish","type":"product","link":"https:\/\/eu.tilta.com\/de\/shop\/hot-shoe-thumb-bracket-for-fujifilm-x-m5\/","title":{"rendered":"Blitzschuh-Halterung f\u00fcr Fujifilm X-M5"},"content":{"rendered":"<p>Der Hot Shoe Thumb Bracket ist ein leichtes mechanisches Zubeh\u00f6r f\u00fcr die Fujifilm X-M5.<\/p>\n<p>Dieser Daumengriff wird am Blitzschuh der Kamera befestigt, um dem Bediener eine bequeme und sichere Position f\u00fcr seinen Daumen zu bieten.<\/p>\n<p>Dadurch wird die Stabilit\u00e4t der Hand verbessert, was zu fl\u00fcssigeren Aufnahmen und einer insgesamt angenehmeren Bedienung f\u00fchren kann.<\/p>\n","protected":false},"excerpt":{"rendered":"<p>Der Hot Shoe Thumb Bracket ist ein leichtes mechanisches Zubeh\u00f6r f\u00fcr die Fujifilm X-M5. Dieser Daumengriff wird am Blitzschuh der Kamera befestigt, um dem Bediener eine bequeme und sichere Position f\u00fcr seinen Daumen zu bieten. Dadurch wird die Stabilit\u00e4t der [&hellip;]<\/p>\n","protected":false},"featured_media":2169490,"comment_status":"open","ping_status":"closed","template":"","meta":[],"product_cat":[3902],"product_tag":[],"acf":[],"gallery_images":[2169481],"_links":{"self":[{"href":"https:\/\/eu.tilta.com\/de\/wp-json\/wp\/v2\/product\/2233731"}],"collection":[{"href":"https:\/\/eu.tilta.com\/de\/wp-json\/wp\/v2\/product"}],"about":[{"href":"https:\/\/eu.tilta.com\/de\/wp-json\/wp\/v2\/types\/product"}],"replies":[{"embeddable":true,"href":"https:\/\/eu.tilta.com\/de\/wp-json\/wp\/v2\/comments?post=2233731"}],"wp:featuredmedia":[{"embeddable":true,"href":"https:\/\/eu.tilta.com\/de\/wp-json\/wp\/v2\/media\/2169490"}],"wp:attachment":[{"href":"https:\/\/eu.tilta.com\/de\/wp-json\/wp\/v2\/media?parent=2233731"}],"wp:term":[{"taxonomy":"product_cat","embeddable":true,"href":"https:\/\/eu.tilta.com\/de\/wp-json\/wp\/v2\/product_cat?post=2233731"},{"taxonomy":"product_tag","embeddable":true,"href":"https:\/\/eu.tilta.com\/de\/wp-json\/wp\/v2\/product_tag?post=2233731"}],"curies":[{"name":"wp","href":"https:\/\/api.w.org\/{rel}","templated":true}]}}