{"id":2233736,"date":"2025-01-08T07:57:12","date_gmt":"2025-01-08T06:57:12","guid":{"rendered":"https:\/\/eu.tilta.com\/shop\/leder-kameratasche-fuer-fujifilm-x-m5\/"},"modified":"2026-02-16T09:03:47","modified_gmt":"2026-02-16T08:03:47","slug":"leather-camera-case-for-fujifilm-x-m5","status":"publish","type":"product","link":"https:\/\/eu.tilta.com\/de\/shop\/leather-camera-case-for-fujifilm-x-m5\/","title":{"rendered":"Leder-Kameratasche f\u00fcr Fujifilm X-M5"},"content":{"rendered":"<p><em>Wir stellen die Ledertasche f\u00fcr die Fujifilm X-M5 vor<\/em><\/p>\n<p>Dieses Geh\u00e4use wird mit einer 1\/4\u2033-20-Schraube befestigt und bietet dem Benutzer \u00fcber den integrierten Handgriff eine komfortablere M\u00f6glichkeit, das Kamerageh\u00e4use zu bedienen und zu handhaben.<\/p>\n<p>Das Design bietet au\u00dferdem zus\u00e4tzlichen Schutz f\u00fcr die Unterseite des Kamerageh\u00e4uses, was besonders beim Ablegen der Kamera n\u00fctzlich ist.<\/p>\n<p>Eine kleine Klappe an der Unterseite erm\u00f6glicht den einfachen Zugriff auf das Batteriefach.<\/p>\n","protected":false},"excerpt":{"rendered":"<p>Wir stellen die Ledertasche f\u00fcr die Fujifilm X-M5 vor Dieses Geh\u00e4use wird mit einer 1\/4\u2033-20-Schraube befestigt und bietet dem Benutzer \u00fcber den integrierten Handgriff eine komfortablere M\u00f6glichkeit, das Kamerageh\u00e4use zu bedienen und zu handhaben. Das Design bietet au\u00dferdem zus\u00e4tzlichen Schutz [&hellip;]<\/p>\n","protected":false},"featured_media":2166320,"comment_status":"open","ping_status":"closed","template":"","meta":[],"product_cat":[4448,3902],"product_tag":[],"acf":[],"gallery_images":[2166332,2166345,2166357,2166387,2166393],"_links":{"self":[{"href":"https:\/\/eu.tilta.com\/de\/wp-json\/wp\/v2\/product\/2233736"}],"collection":[{"href":"https:\/\/eu.tilta.com\/de\/wp-json\/wp\/v2\/product"}],"about":[{"href":"https:\/\/eu.tilta.com\/de\/wp-json\/wp\/v2\/types\/product"}],"replies":[{"embeddable":true,"href":"https:\/\/eu.tilta.com\/de\/wp-json\/wp\/v2\/comments?post=2233736"}],"wp:featuredmedia":[{"embeddable":true,"href":"https:\/\/eu.tilta.com\/de\/wp-json\/wp\/v2\/media\/2166320"}],"wp:attachment":[{"href":"https:\/\/eu.tilta.com\/de\/wp-json\/wp\/v2\/media?parent=2233736"}],"wp:term":[{"taxonomy":"product_cat","embeddable":true,"href":"https:\/\/eu.tilta.com\/de\/wp-json\/wp\/v2\/product_cat?post=2233736"},{"taxonomy":"product_tag","embeddable":true,"href":"https:\/\/eu.tilta.com\/de\/wp-json\/wp\/v2\/product_tag?post=2233736"}],"curies":[{"name":"wp","href":"https:\/\/api.w.org\/{rel}","templated":true}]}}