{"id":2233745,"date":"2025-03-08T07:34:07","date_gmt":"2025-03-08T06:34:07","guid":{"rendered":"https:\/\/eu.tilta.com\/shop\/tilta-reisekugelkopf-mit-3-stufigen-stativbeinen-aus-kohlefaser-5kg\/"},"modified":"2025-12-05T14:21:33","modified_gmt":"2025-12-05T13:21:33","slug":"tilta-travel-ball-head-with-3-stage-carbon-fiber-tripod-legs-5kg","status":"publish","type":"product","link":"https:\/\/eu.tilta.com\/de\/shop\/tilta-travel-ball-head-with-3-stage-carbon-fiber-tripod-legs-5kg\/","title":{"rendered":"Tilta Reisekugelkopf mit 3-stufigen Stativbeinen aus Kohlefaser (5KG)"},"content":{"rendered":"<p class=\"p1\"><i>Wir stellen Ihnen den Tilta Reisekugelkopf mit 3-stufigen Stativbeinen aus Kohlefaser (5 kg) vor, ein vielseitiges und robustes Stativ, das f\u00fcr Pr\u00e4zision und Tragbarkeit entwickelt wurde.<\/i><\/p>\n<p class=\"p1\">Die BT05 ist mit einem robusten Kugelkopf ausgestattet, der bis zu 20 kg tragen kann und \u00fcber einen Schlitz f\u00fcr vertikale 90\u00b0-Aufnahmen verf\u00fcgt, was nahtlose \u00dcberg\u00e4nge zwischen horizontalen, vertikalen und \u00dcberkopf-Konfigurationen erm\u00f6glicht.<\/p>\n<p class=\"p1\">Die Arca Schnellwechselplatte l\u00e4sst sich mit einer 1\/4\u2033-20 Schraube sicher an den meisten Kameras und Kamerak\u00e4figen befestigen. Viele unserer Kamerak\u00e4fige sind von Haus aus kompatibel und das neue, erweiterte Design macht den Empf\u00e4nger mit fast jeder Arca Plate auf dem Markt kompatibel.<\/p>\n<p class=\"p1\">Mit seinem schlanken Design ohne Mittels\u00e4ule eignet sich dieses Stativ hervorragend f\u00fcr enge R\u00e4ume und Aufnahmen aus niedrigen Winkeln. Die ultratiefen Aufnahmem\u00f6glichkeiten des Stativs werden durch drei verstellbare Beinwinkel erweitert, die kreative Perspektiven aus verschiedenen Blickwinkeln erm\u00f6glichen<\/p>\n<p class=\"p1\">Diese Stativbeine aus hochfester, 10-lagiger, diamantgekreuzter Kohlefaser sorgen f\u00fcr robuste Stabilit\u00e4t und sind gleichzeitig au\u00dfergew\u00f6hnlich leicht.<\/p>\n<p class=\"p1\">Ob auf unebenem Gel\u00e4nde oder glatten Oberfl\u00e4chen, wechseln Sie mit einer einfachen Drehung zwischen Gummif\u00fc\u00dfen und Metallspikes, f\u00fcr optimalen Halt in jeder Umgebung.<\/p>\n<p class=\"p1\">Dieses Stativ wurde mit Blick auf Flexibilit\u00e4t entwickelt und verf\u00fcgt \u00fcber mehrere Befestigungspunkte f\u00fcr die nahtlose Integration von zus\u00e4tzlichem Zubeh\u00f6r wie Smartphone-Klemmen, iPad-Halterungen oder Gelenkarmen \u00fcber mehrere 1\/4\u2033-20-Gewinde mit Fixierpunkten.<\/p>\n<p class=\"p1\">Innovative Funktionen wie ein halbautomatisches Winkelverstellsystem und eine abnehmbare Kohlefasers\u00e4ule erm\u00f6glichen eine schnelle Einrichtung und anpassbare Aufnahmewinkel.<\/p>\n<p class=\"p1\">Mit einem H\u00f6henbereich von knapp 10 Zoll bis zu einer maximalen H\u00f6he von 62,99 Zoll bieten diese Beine extreme Flexibilit\u00e4t, wenn es darum geht, Ihren gew\u00fcnschten Aufnahmewinkel zu erreichen.<\/p>\n","protected":false},"excerpt":{"rendered":"<p>Wir stellen Ihnen den Tilta Reisekugelkopf mit 3-stufigen Stativbeinen aus Kohlefaser (5 kg) vor, ein vielseitiges und robustes Stativ, das f\u00fcr Pr\u00e4zision und Tragbarkeit entwickelt wurde. Die BT05 ist mit einem robusten Kugelkopf ausgestattet, der bis zu 20 kg tragen [&hellip;]<\/p>\n","protected":false},"featured_media":2165679,"comment_status":"open","ping_status":"closed","template":"","meta":[],"product_cat":[3902,3908],"product_tag":[],"acf":[],"gallery_images":[2165691,2165703,2165715,2165721,2165841,2165847,2165835],"_links":{"self":[{"href":"https:\/\/eu.tilta.com\/de\/wp-json\/wp\/v2\/product\/2233745"}],"collection":[{"href":"https:\/\/eu.tilta.com\/de\/wp-json\/wp\/v2\/product"}],"about":[{"href":"https:\/\/eu.tilta.com\/de\/wp-json\/wp\/v2\/types\/product"}],"replies":[{"embeddable":true,"href":"https:\/\/eu.tilta.com\/de\/wp-json\/wp\/v2\/comments?post=2233745"}],"wp:featuredmedia":[{"embeddable":true,"href":"https:\/\/eu.tilta.com\/de\/wp-json\/wp\/v2\/media\/2165679"}],"wp:attachment":[{"href":"https:\/\/eu.tilta.com\/de\/wp-json\/wp\/v2\/media?parent=2233745"}],"wp:term":[{"taxonomy":"product_cat","embeddable":true,"href":"https:\/\/eu.tilta.com\/de\/wp-json\/wp\/v2\/product_cat?post=2233745"},{"taxonomy":"product_tag","embeddable":true,"href":"https:\/\/eu.tilta.com\/de\/wp-json\/wp\/v2\/product_tag?post=2233745"}],"curies":[{"name":"wp","href":"https:\/\/api.w.org\/{rel}","templated":true}]}}