{"id":2243861,"date":"2025-04-04T18:00:49","date_gmt":"2025-04-04T16:00:49","guid":{"rendered":"https:\/\/eu.tilta.com\/shop\/nucleus-m-ii-drahtloses-objektivsteuerungssystem-ultimate-kit\/"},"modified":"2026-01-14T19:03:25","modified_gmt":"2026-01-14T18:03:25","slug":"nucleus-m-ii-wireless-lens-control-system-ultimate-kit","status":"publish","type":"product","link":"https:\/\/eu.tilta.com\/de\/shop\/nucleus-m-ii-wireless-lens-control-system-ultimate-kit\/","title":{"rendered":"Nucleus-M II Drahtloses Objektivsteuerungssystem Ultimate Kit"},"content":{"rendered":"<p><i>Das Nucleus-M II Wireless Lens Control System ist der hochmoderne Nachfolger des <\/i><i>System, das die erschwingliche kabellose Sch\u00e4rfenachf\u00fchrung revolutioniert hat.<\/i><\/p>\n<p>Der Nucleus-M II wurde sowohl f\u00fcr unabh\u00e4ngige Filmemacher als auch f\u00fcr professionelle Produktionen entwickelt. Er bietet High-End-Funktionen zu einem erschwinglichen Preis und schlie\u00dft die L\u00fccke zwischen Erschwinglichkeit und erstklassiger Leistung.<\/p>\n<p>Dieses System unterst\u00fctzt bis zu vier drahtlose Motoren gleichzeitig und erm\u00f6glicht die vollst\u00e4ndige Fernsteuerung von manuellen Kinoobjektiven.<\/p>\n<p>Der vierte Motor kann an einem variablen ND-Filter f\u00fcr die Mirage Pro Matte Box befestigt werden und erm\u00f6glicht so Belichtungsanpassungen in Echtzeit, ohne dass Sie die Kamera ber\u00fchren m\u00fcssen. Dies ist eine wichtige Funktion f\u00fcr komplexe Aufnahmen, Gimbal-Setups, Steadicams oder Handheld-Rigs, bei denen herk\u00f6mmliche physische Objektiveinstellungen nicht ideal sind.<\/p>\n<p>Das Herzst\u00fcck des Nucleus-M II ist die FIZ Hand Unit, ein vielseitiger Controller, der eine punktgenaue Anpassung der Objektiveinstellungen erm\u00f6glicht und jetzt noch einfacher als bisher \u00fcber NP-F550 Batterien mit Strom versorgt werden kann.<\/p>\n<p>Das Handrad verf\u00fcgt jetzt \u00fcber eine einstellbare Spannung f\u00fcr fein abgestimmte Fokusz\u00fcge, eine integrierte Objektivabbildung f\u00fcr eine pr\u00e4zise Motorpositionierung und eine klare Anzeige von Fokusentfernung, Blende und Zoom-Informationen auf bis zu 4 verschiedenen Displays, von denen das bemerkenswerteste die elektronische Fokusmarkierungsscheibe ist, die Fokusinformationen aus einer normalen Betriebsposition anzeigt.<\/p>\n<p>Die FIZ Handeinheit bietet verschiedene Optionen f\u00fcr die drahtlose Kamerasteuerung, mit der Sie Einstellungen wie ISO, Wei\u00dfabgleich, Verschlusszeit und mehr vornehmen k\u00f6nnen.<\/p>\n<p>Die neu gestalteten kabellosen Motoren verf\u00fcgen \u00fcber eine optimierte Benutzeroberfl\u00e4che, farbkodierte LED-Anzeigen und ein kompaktes, drehmomentstarkes Design, das sie perfekt f\u00fcr Gimbals, Drohnen und Handheld-Rigs macht.<\/p>\n<p>Eine der gr\u00f6\u00dften Innovationen des Nucleus-M II ist seine F\u00e4higkeit, gemappte Objektivdaten zu speichern und zu laden. So kann ein 1stAC schnell und einfach den Fokus auf eine bestimmte Entfernung, die Blende auf eine Standard-T-Stop oder den Zoom auf eine exakte Brennweite einstellen.<\/p>\n<p>Filmemacher, die von fr\u00fcheren Systemen aufr\u00fcsten, finden volle Kompatibilit\u00e4t mit den vorhandenen drahtlosen Controllern und Motoren der Nucleus-Serie vor, so dass ein schrittweises Aufr\u00fcsten f\u00fcr Benutzer m\u00f6glich ist, die nicht alles auf einmal aufr\u00fcsten k\u00f6nnen.<\/p>\n<p>Da die Nachfrage nach klassischen manuellen Objektiven und kabellosen Filmproduktionswerkzeugen weiter steigt, bietet der Nucleus-M II eine erschwingliche L\u00f6sung in Profiqualit\u00e4t. Egal, ob Sie ein unabh\u00e4ngiger Filmemacher, Content Creator oder professioneller Kameraassistent sind, dieses System bietet branchenf\u00fchrende Pr\u00e4zision, Anpassungsf\u00e4higkeit und Erschwinglichkeit.<\/p>\n<p><em><i>Lieferung von Big-Budget<\/i><\/em><em><i> <\/i><\/em><em><i>Funktionen bei<\/i><\/em><em><i> <\/i><\/em><em><i>einen Bruchteil von<\/i><\/em><em><i> <\/i><\/em><em><i>die Kosten, definiert der Nucleus-MII neu, was ein<\/i><\/em><i> <\/i><em><i>m\u00f6glich in drahtlos folgen<\/i><\/em><em><i> <\/i><\/em><em><i>Fokus Technologie.<\/i><\/em><\/p>\n","protected":false},"excerpt":{"rendered":"<p>Das Nucleus-M II Wireless Lens Control System ist der hochmoderne Nachfolger des System, das die erschwingliche kabellose Sch\u00e4rfenachf\u00fchrung revolutioniert hat. Der Nucleus-M II wurde sowohl f\u00fcr unabh\u00e4ngige Filmemacher als auch f\u00fcr professionelle Produktionen entwickelt. Er bietet High-End-Funktionen zu einem erschwinglichen [&hellip;]<\/p>\n","protected":false},"featured_media":2238657,"comment_status":"open","ping_status":"closed","template":"","meta":[],"product_cat":[3921],"product_tag":[],"acf":[],"gallery_images":[3006173,3006179,3006108,3006093,2238672,2238679,3006100,2238686,2238695,2238701,2238707],"_links":{"self":[{"href":"https:\/\/eu.tilta.com\/de\/wp-json\/wp\/v2\/product\/2243861"}],"collection":[{"href":"https:\/\/eu.tilta.com\/de\/wp-json\/wp\/v2\/product"}],"about":[{"href":"https:\/\/eu.tilta.com\/de\/wp-json\/wp\/v2\/types\/product"}],"replies":[{"embeddable":true,"href":"https:\/\/eu.tilta.com\/de\/wp-json\/wp\/v2\/comments?post=2243861"}],"wp:featuredmedia":[{"embeddable":true,"href":"https:\/\/eu.tilta.com\/de\/wp-json\/wp\/v2\/media\/2238657"}],"wp:attachment":[{"href":"https:\/\/eu.tilta.com\/de\/wp-json\/wp\/v2\/media?parent=2243861"}],"wp:term":[{"taxonomy":"product_cat","embeddable":true,"href":"https:\/\/eu.tilta.com\/de\/wp-json\/wp\/v2\/product_cat?post=2243861"},{"taxonomy":"product_tag","embeddable":true,"href":"https:\/\/eu.tilta.com\/de\/wp-json\/wp\/v2\/product_tag?post=2243861"}],"curies":[{"name":"wp","href":"https:\/\/api.w.org\/{rel}","templated":true}]}}