{"id":2441529,"date":"2025-05-28T08:20:53","date_gmt":"2025-05-28T06:20:53","guid":{"rendered":"https:\/\/eu.tilta.com\/shop\/objektivdeckel-fuer-leica-q3-schwarz\/"},"modified":"2026-02-16T09:01:30","modified_gmt":"2026-02-16T08:01:30","slug":"lens-cap-for-leica-q3-black","status":"publish","type":"product","link":"https:\/\/eu.tilta.com\/de\/shop\/lens-cap-for-leica-q3-black\/","title":{"rendered":"Objektivdeckel f\u00fcr Leica Q3 &#8211; Schwarz"},"content":{"rendered":"<p><em>Einf\u00fchrung des Objektivdeckels f\u00fcr Leica Q3<\/em><\/p>\n<p>Sch\u00fctzen Sie Ihre Leica Q3 stilvoll mit unserem hochwertigen Objektivdeckel, bei dem moderne Handwerkskunst auf Vintage-Charme trifft.<\/p>\n<p>Diese leichte und dennoch robuste Kappe ist so konzipiert, dass sie sich nahtlos an das Objektiv Ihrer Kamera anpasst und es sch\u00fctzt.<\/p>\n<p>Ganz gleich, ob Sie Ihre Kamera in der Tasche tragen oder unterwegs fotografieren, dieser Objektivdeckel bietet unverzichtbaren Schutz mit einer nostalgischen Anspielung auf die goldene \u00c4ra der Fotografie.<\/p>\n","protected":false},"excerpt":{"rendered":"<p>Einf\u00fchrung des Objektivdeckels f\u00fcr Leica Q3 Sch\u00fctzen Sie Ihre Leica Q3 stilvoll mit unserem hochwertigen Objektivdeckel, bei dem moderne Handwerkskunst auf Vintage-Charme trifft. Diese leichte und dennoch robuste Kappe ist so konzipiert, dass sie sich nahtlos an das Objektiv Ihrer [&hellip;]<\/p>\n","protected":false},"featured_media":2417091,"comment_status":"open","ping_status":"closed","template":"","meta":[],"product_cat":[4448,3956],"product_tag":[],"acf":[],"gallery_images":[],"_links":{"self":[{"href":"https:\/\/eu.tilta.com\/de\/wp-json\/wp\/v2\/product\/2441529"}],"collection":[{"href":"https:\/\/eu.tilta.com\/de\/wp-json\/wp\/v2\/product"}],"about":[{"href":"https:\/\/eu.tilta.com\/de\/wp-json\/wp\/v2\/types\/product"}],"replies":[{"embeddable":true,"href":"https:\/\/eu.tilta.com\/de\/wp-json\/wp\/v2\/comments?post=2441529"}],"wp:featuredmedia":[{"embeddable":true,"href":"https:\/\/eu.tilta.com\/de\/wp-json\/wp\/v2\/media\/2417091"}],"wp:attachment":[{"href":"https:\/\/eu.tilta.com\/de\/wp-json\/wp\/v2\/media?parent=2441529"}],"wp:term":[{"taxonomy":"product_cat","embeddable":true,"href":"https:\/\/eu.tilta.com\/de\/wp-json\/wp\/v2\/product_cat?post=2441529"},{"taxonomy":"product_tag","embeddable":true,"href":"https:\/\/eu.tilta.com\/de\/wp-json\/wp\/v2\/product_tag?post=2441529"}],"curies":[{"name":"wp","href":"https:\/\/api.w.org\/{rel}","templated":true}]}}