{"id":2441530,"date":"2025-05-23T09:23:41","date_gmt":"2025-05-23T07:23:41","guid":{"rendered":"https:\/\/eu.tilta.com\/shop\/tilta-fe-multifunktions-schultergurt\/"},"modified":"2026-04-15T03:56:47","modified_gmt":"2026-04-15T01:56:47","slug":"tilta-fe-multi-functional-shoulder-strap","status":"publish","type":"product","link":"https:\/\/eu.tilta.com\/de\/shop\/tilta-fe-multi-functional-shoulder-strap\/","title":{"rendered":"Tilta Fe Multifunktions-Schultergurt"},"content":{"rendered":"<p><em>Wir pr\u00e4sentieren den Tilta Fe Multifunktions-Schultergurt<\/em><\/p>\n<p>Dieser Schultergurt besteht aus einem Hochleistungs-Polyester-Gurtband mit erh\u00f6hter Dicke f\u00fcr \u00fcberragende Haltbarkeit.<\/p>\n<p>Er verf\u00fcgt \u00fcber ein professionelles UTX Duraflex Dual Drawstring Lock System f\u00fcr verbesserte Sicherheit.<\/p>\n<p>Er ist au\u00dferdem mit taktischen UTX Duraflex-Karabinern ausgestattet, mit denen sich dieser Gurt an einer Vielzahl von Kameras, Zubeh\u00f6r und mehr befestigen l\u00e4sst.<\/p>\n<p>Sein hochwertiges Design f\u00fcgt sich nahtlos in die vielen unserer Kamerak\u00e4fige ein und macht ihn zu einer idealen Erg\u00e4nzung f\u00fcr Ihr mobiles Produktionssetup.<\/p>\n","protected":false},"excerpt":{"rendered":"<p>Wir pr\u00e4sentieren den Tilta Fe Multifunktions-Schultergurt Dieser Schultergurt besteht aus einem Hochleistungs-Polyester-Gurtband mit erh\u00f6hter Dicke f\u00fcr \u00fcberragende Haltbarkeit. Er verf\u00fcgt \u00fcber ein professionelles UTX Duraflex Dual Drawstring Lock System f\u00fcr verbesserte Sicherheit. Er ist au\u00dferdem mit taktischen UTX Duraflex-Karabinern ausgestattet, [&hellip;]<\/p>\n","protected":false},"featured_media":2400875,"comment_status":"open","ping_status":"closed","template":"","meta":[],"product_cat":[4493,1254],"product_tag":[],"acf":[],"gallery_images":[2400893,2400919,2400926],"_links":{"self":[{"href":"https:\/\/eu.tilta.com\/de\/wp-json\/wp\/v2\/product\/2441530"}],"collection":[{"href":"https:\/\/eu.tilta.com\/de\/wp-json\/wp\/v2\/product"}],"about":[{"href":"https:\/\/eu.tilta.com\/de\/wp-json\/wp\/v2\/types\/product"}],"replies":[{"embeddable":true,"href":"https:\/\/eu.tilta.com\/de\/wp-json\/wp\/v2\/comments?post=2441530"}],"wp:featuredmedia":[{"embeddable":true,"href":"https:\/\/eu.tilta.com\/de\/wp-json\/wp\/v2\/media\/2400875"}],"wp:attachment":[{"href":"https:\/\/eu.tilta.com\/de\/wp-json\/wp\/v2\/media?parent=2441530"}],"wp:term":[{"taxonomy":"product_cat","embeddable":true,"href":"https:\/\/eu.tilta.com\/de\/wp-json\/wp\/v2\/product_cat?post=2441530"},{"taxonomy":"product_tag","embeddable":true,"href":"https:\/\/eu.tilta.com\/de\/wp-json\/wp\/v2\/product_tag?post=2441530"}],"curies":[{"name":"wp","href":"https:\/\/api.w.org\/{rel}","templated":true}]}}