{"id":2441561,"date":"2025-05-13T11:00:17","date_gmt":"2025-05-13T09:00:17","guid":{"rendered":"https:\/\/eu.tilta.com\/shop\/fe-messenger-bag\/"},"modified":"2026-04-17T10:00:18","modified_gmt":"2026-04-17T08:00:18","slug":"fe-messenger-bag","status":"publish","type":"product","link":"https:\/\/eu.tilta.com\/de\/shop\/fe-messenger-bag\/","title":{"rendered":"Fe Messenger Bag"},"content":{"rendered":"<p><em>Wir stellen die Fe Messenger Bag vor, die f\u00fcr Kreative, Filmemacher und alle, die mehr von ihrer Ausr\u00fcstung verlangen, entwickelt wurde.<\/em><\/p>\n<p>Die Fe Messenger Bag wurde entwickelt, um mit dem Tempo des modernen Lebens Schritt zu halten. Sie bietet taktisch hochwertige Leistung in einer raffinierten, vertrauten Form.<\/p>\n<p>In den Innenf\u00e4chern lassen sich Laptops, kleine Kameras, Powerbanks und andere Dinge des t\u00e4glichen Bedarfs sicher verstauen, w\u00e4hrend strategisch platzierte Taschen Ausweise, Karten und Wertsachen m\u00fchelos sch\u00fctzen.<\/p>\n<p>Das PSIGEAR-Schnellverschluss-System in Milit\u00e4rqualit\u00e4t erm\u00f6glicht einen unglaublich schnellen Zugriff auf die Kuriertasche, so dass Ihre Ausr\u00fcstung immer sofort zur Hand ist.<\/p>\n<p>Die Fe Messenger Bag ist mit wetterfesten YKK-Rei\u00dfverschl\u00fcssen und einem strapazierf\u00e4higen Au\u00dfenmaterial ausgestattet, das den Elementen trotzt.<\/p>\n<p>Die taktischen DURAFLEX-Schnellverschl\u00fcsse an den Seiten erm\u00f6glichen eine sofortige Kapazit\u00e4tserweiterung, w\u00e4hrend die vielseitigen Befestigungspunkte an der Klappe Platz f\u00fcr zus\u00e4tzliche Taschen oder EDC-Tools bieten und so f\u00fcr ultimative Flexibilit\u00e4t beim Tragen sorgen. Die magnetische FIDLOCK Smart-Release-Technologie erm\u00f6glicht einen reibungslosen, einh\u00e4ndigen Zugriff unterwegs.<\/p>\n","protected":false},"excerpt":{"rendered":"<p>Wir stellen die Fe Messenger Bag vor, die f\u00fcr Kreative, Filmemacher und alle, die mehr von ihrer Ausr\u00fcstung verlangen, entwickelt wurde. Die Fe Messenger Bag wurde entwickelt, um mit dem Tempo des modernen Lebens Schritt zu halten. Sie bietet taktisch [&hellip;]<\/p>\n","protected":false},"featured_media":2372239,"comment_status":"open","ping_status":"closed","template":"","meta":[],"product_cat":[1254],"product_tag":[],"acf":[],"gallery_images":[2372259,2372277],"_links":{"self":[{"href":"https:\/\/eu.tilta.com\/de\/wp-json\/wp\/v2\/product\/2441561"}],"collection":[{"href":"https:\/\/eu.tilta.com\/de\/wp-json\/wp\/v2\/product"}],"about":[{"href":"https:\/\/eu.tilta.com\/de\/wp-json\/wp\/v2\/types\/product"}],"replies":[{"embeddable":true,"href":"https:\/\/eu.tilta.com\/de\/wp-json\/wp\/v2\/comments?post=2441561"}],"wp:featuredmedia":[{"embeddable":true,"href":"https:\/\/eu.tilta.com\/de\/wp-json\/wp\/v2\/media\/2372239"}],"wp:attachment":[{"href":"https:\/\/eu.tilta.com\/de\/wp-json\/wp\/v2\/media?parent=2441561"}],"wp:term":[{"taxonomy":"product_cat","embeddable":true,"href":"https:\/\/eu.tilta.com\/de\/wp-json\/wp\/v2\/product_cat?post=2441561"},{"taxonomy":"product_tag","embeddable":true,"href":"https:\/\/eu.tilta.com\/de\/wp-json\/wp\/v2\/product_tag?post=2441561"}],"curies":[{"name":"wp","href":"https:\/\/api.w.org\/{rel}","templated":true}]}}