{"id":2441579,"date":"2025-05-28T08:27:37","date_gmt":"2025-05-28T06:27:37","guid":{"rendered":"https:\/\/eu.tilta.com\/shop\/montagegrundplatte-mit-holzgriff-fuer-leica-q3-schwarz\/"},"modified":"2025-12-05T14:23:55","modified_gmt":"2025-12-05T13:23:55","slug":"mounting-baseplate-with-wooden-grip-for-leica-q3-black","status":"publish","type":"product","link":"https:\/\/eu.tilta.com\/de\/shop\/mounting-baseplate-with-wooden-grip-for-leica-q3-black\/","title":{"rendered":"Montagegrundplatte mit Holzgriff f\u00fcr Leica Q3 &#8211; Schwarz"},"content":{"rendered":"<p><em>Wir stellen die Montagegrundplatte mit Holzgriff f\u00fcr Leica Q3 vor<\/em><\/p>\n<p>Dieses Zubeh\u00f6r in Form eines L-B\u00fcgels verf\u00fcgt \u00fcber einen aus Walnussholz gefertigten Holzgriff, mit dem Sie die Kamera noch bequemer bedienen und handhaben k\u00f6nnen.<\/p>\n<p>Die Bodenplatte kann problemlos einen ARCA Quick Release Plate Adapter aufnehmen (nicht im Lieferumfang enthalten).<\/p>\n<p>Dadurch l\u00e4sst sich das System leicht an Ronin Gimbals der S-Serie oder an einem leichten Stativ wie unserem VT-05 Travel Fluid Head Stativ befestigen.<\/p>\n","protected":false},"excerpt":{"rendered":"<p>Wir stellen die Montagegrundplatte mit Holzgriff f\u00fcr Leica Q3 vor Dieses Zubeh\u00f6r in Form eines L-B\u00fcgels verf\u00fcgt \u00fcber einen aus Walnussholz gefertigten Holzgriff, mit dem Sie die Kamera noch bequemer bedienen und handhaben k\u00f6nnen. Die Bodenplatte kann problemlos einen ARCA [&hellip;]<\/p>\n","protected":false},"featured_media":2417123,"comment_status":"open","ping_status":"closed","template":"","meta":[],"product_cat":[3956],"product_tag":[],"acf":[],"gallery_images":[2417130],"_links":{"self":[{"href":"https:\/\/eu.tilta.com\/de\/wp-json\/wp\/v2\/product\/2441579"}],"collection":[{"href":"https:\/\/eu.tilta.com\/de\/wp-json\/wp\/v2\/product"}],"about":[{"href":"https:\/\/eu.tilta.com\/de\/wp-json\/wp\/v2\/types\/product"}],"replies":[{"embeddable":true,"href":"https:\/\/eu.tilta.com\/de\/wp-json\/wp\/v2\/comments?post=2441579"}],"wp:featuredmedia":[{"embeddable":true,"href":"https:\/\/eu.tilta.com\/de\/wp-json\/wp\/v2\/media\/2417123"}],"wp:attachment":[{"href":"https:\/\/eu.tilta.com\/de\/wp-json\/wp\/v2\/media?parent=2441579"}],"wp:term":[{"taxonomy":"product_cat","embeddable":true,"href":"https:\/\/eu.tilta.com\/de\/wp-json\/wp\/v2\/product_cat?post=2441579"},{"taxonomy":"product_tag","embeddable":true,"href":"https:\/\/eu.tilta.com\/de\/wp-json\/wp\/v2\/product_tag?post=2441579"}],"curies":[{"name":"wp","href":"https:\/\/api.w.org\/{rel}","templated":true}]}}