{"id":2441623,"date":"2025-05-13T05:50:58","date_gmt":"2025-05-13T03:50:58","guid":{"rendered":"https:\/\/eu.tilta.com\/shop\/fe-guerteltasche\/"},"modified":"2026-04-17T10:00:19","modified_gmt":"2026-04-17T08:00:19","slug":"fe-waist-pouch","status":"publish","type":"product","link":"https:\/\/eu.tilta.com\/de\/shop\/fe-waist-pouch\/","title":{"rendered":"Fe G\u00fcrteltasche"},"content":{"rendered":"<p><em>Wir stellen die Fe Waist Pouch vor, eine elegante, taktisch inspirierte G\u00fcrteltasche, die Sie jeden Tag tragen k\u00f6nnen.<\/em><\/p>\n<p>Das auf Anpassungsf\u00e4higkeit ausgelegte r\u00fcckw\u00e4rtige Mehrfachbefestigungssystem erm\u00f6glicht es Ihnen, die Art und Weise, wie und wo Sie ihn tragen, individuell anzupassen, z. B. um die Taille, \u00fcber der Brust oder an Ihrer Ausr\u00fcstung befestigt.<\/p>\n<p>Ausgestattet mit erstklassigen YKK\u00ae-Rei\u00dfverschl\u00fcssen mit wasserdichter Beschichtung bleiben Ihre Utensilien auch bei unvorhersehbarem Wetter gesch\u00fctzt.<\/p>\n<p>Eine versteckte Rei\u00dfverschlusstasche auf der R\u00fcckseite bietet diskrete, sichere Aufbewahrung f\u00fcr Wertsachen wie Smartphones oder P\u00e4sse.<\/p>\n<p>Die DURAFLEX\u00ae-Schnallen erm\u00f6glichen modulare Konfigurationen, w\u00e4hrend die magnetische FIDLOCK\u00ae-Schnellverschlussschnalle am Schultergurt einen schnellen, einh\u00e4ndigen Zugriff erm\u00f6glicht, wenn Sie den Rucksack schnell abnehmen m\u00f6chten.<\/p>\n<p>Die Fe Waist Pouch ist ideal f\u00fcr Filmemacher, die viel unterwegs sind. Sie bietet eine kompakte, sichere L\u00f6sung f\u00fcr den Transport wichtiger Utensilien wie der Khronos iPhone 16 Tasche und diversem Zubeh\u00f6r.<\/p>\n","protected":false},"excerpt":{"rendered":"<p>Wir stellen die Fe Waist Pouch vor, eine elegante, taktisch inspirierte G\u00fcrteltasche, die Sie jeden Tag tragen k\u00f6nnen. Das auf Anpassungsf\u00e4higkeit ausgelegte r\u00fcckw\u00e4rtige Mehrfachbefestigungssystem erm\u00f6glicht es Ihnen, die Art und Weise, wie und wo Sie ihn tragen, individuell anzupassen, z. [&hellip;]<\/p>\n","protected":false},"featured_media":2371277,"comment_status":"open","ping_status":"closed","template":"","meta":[],"product_cat":[1254],"product_tag":[],"acf":[],"gallery_images":[2371295,2371313],"_links":{"self":[{"href":"https:\/\/eu.tilta.com\/de\/wp-json\/wp\/v2\/product\/2441623"}],"collection":[{"href":"https:\/\/eu.tilta.com\/de\/wp-json\/wp\/v2\/product"}],"about":[{"href":"https:\/\/eu.tilta.com\/de\/wp-json\/wp\/v2\/types\/product"}],"replies":[{"embeddable":true,"href":"https:\/\/eu.tilta.com\/de\/wp-json\/wp\/v2\/comments?post=2441623"}],"wp:featuredmedia":[{"embeddable":true,"href":"https:\/\/eu.tilta.com\/de\/wp-json\/wp\/v2\/media\/2371277"}],"wp:attachment":[{"href":"https:\/\/eu.tilta.com\/de\/wp-json\/wp\/v2\/media?parent=2441623"}],"wp:term":[{"taxonomy":"product_cat","embeddable":true,"href":"https:\/\/eu.tilta.com\/de\/wp-json\/wp\/v2\/product_cat?post=2441623"},{"taxonomy":"product_tag","embeddable":true,"href":"https:\/\/eu.tilta.com\/de\/wp-json\/wp\/v2\/product_tag?post=2441623"}],"curies":[{"name":"wp","href":"https:\/\/api.w.org\/{rel}","templated":true}]}}