{"id":2441629,"date":"2025-05-28T08:32:47","date_gmt":"2025-05-28T06:32:47","guid":{"rendered":"https:\/\/eu.tilta.com\/shop\/obere-schutzplatte-mit-daumenhalterung-fuer-leica-q3-schwarz\/"},"modified":"2026-02-16T09:01:30","modified_gmt":"2026-02-16T08:01:30","slug":"top-protection-plate-with-thumb-bracket-for-leica-q3-black","status":"publish","type":"product","link":"https:\/\/eu.tilta.com\/de\/shop\/top-protection-plate-with-thumb-bracket-for-leica-q3-black\/","title":{"rendered":"Obere Schutzplatte mit Daumenhalterung f\u00fcr Leica Q3 &#8211; Schwarz"},"content":{"rendered":"<p><em>Wir stellen die obere Schutzplatte mit Daumenhalterung f\u00fcr Leica Q3 vor  <\/em><\/p>\n<p>Die Schutzplatte wird an der Oberseite des Leica Q3 Kamerageh\u00e4uses befestigt, um einen leichten und robusten Schutz f\u00fcr die Kamera zu bieten.<\/p>\n<p>Dieses Zubeh\u00f6r ist besonders hilfreich, wenn Sie auf Reisen sind oder die Kamera unter extremeren Bedingungen verwenden.<\/p>\n<p>Der Daumengriff wird am Blitzschuh der Kamera befestigt, um dem Bediener eine bequeme und kompakte Position f\u00fcr seinen Daumen zu bieten.<\/p>\n<p>Dadurch wird die Stabilit\u00e4t der Hand verbessert, was zu fl\u00fcssigeren Aufnahmen und einer insgesamt angenehmeren Bedienung f\u00fchren kann.<\/p>\n","protected":false},"excerpt":{"rendered":"<p>Wir stellen die obere Schutzplatte mit Daumenhalterung f\u00fcr Leica Q3 vor Die Schutzplatte wird an der Oberseite des Leica Q3 Kamerageh\u00e4uses befestigt, um einen leichten und robusten Schutz f\u00fcr die Kamera zu bieten. Dieses Zubeh\u00f6r ist besonders hilfreich, wenn Sie [&hellip;]<\/p>\n","protected":false},"featured_media":2417178,"comment_status":"open","ping_status":"closed","template":"","meta":[],"product_cat":[3956],"product_tag":[],"acf":[],"gallery_images":[2417172],"_links":{"self":[{"href":"https:\/\/eu.tilta.com\/de\/wp-json\/wp\/v2\/product\/2441629"}],"collection":[{"href":"https:\/\/eu.tilta.com\/de\/wp-json\/wp\/v2\/product"}],"about":[{"href":"https:\/\/eu.tilta.com\/de\/wp-json\/wp\/v2\/types\/product"}],"replies":[{"embeddable":true,"href":"https:\/\/eu.tilta.com\/de\/wp-json\/wp\/v2\/comments?post=2441629"}],"wp:featuredmedia":[{"embeddable":true,"href":"https:\/\/eu.tilta.com\/de\/wp-json\/wp\/v2\/media\/2417178"}],"wp:attachment":[{"href":"https:\/\/eu.tilta.com\/de\/wp-json\/wp\/v2\/media?parent=2441629"}],"wp:term":[{"taxonomy":"product_cat","embeddable":true,"href":"https:\/\/eu.tilta.com\/de\/wp-json\/wp\/v2\/product_cat?post=2441629"},{"taxonomy":"product_tag","embeddable":true,"href":"https:\/\/eu.tilta.com\/de\/wp-json\/wp\/v2\/product_tag?post=2441629"}],"curies":[{"name":"wp","href":"https:\/\/api.w.org\/{rel}","templated":true}]}}