{"id":2441631,"date":"2025-06-05T11:30:51","date_gmt":"2025-06-05T09:30:51","guid":{"rendered":"https:\/\/eu.tilta.com\/shop\/tilta-travel-video-fluid-kopf-mit-flachem-fuss-5kg\/"},"modified":"2025-12-05T14:24:55","modified_gmt":"2025-12-05T13:24:55","slug":"tilta-travel-video-fluid-head-with-flat-base-5kg","status":"publish","type":"product","link":"https:\/\/eu.tilta.com\/de\/shop\/tilta-travel-video-fluid-head-with-flat-base-5kg\/","title":{"rendered":"Tilta Travel Video Fluid Kopf mit flachem Fu\u00df (5KG)"},"content":{"rendered":"<div class=\"overview-text\">\n<p><em>Wir pr\u00e4sentieren den Travel Video Fluid Head mit flachem Fu\u00df (5KG)<\/em><\/p>\n<p>Dieser pr\u00e4zisionsgefertigte Fluidkopf tr\u00e4gt bis zu 5 kg (11 lbs) und sorgt f\u00fcr reibungslose, pr\u00e4zise Bewegungen f\u00fcr professionelle Aufnahmen.<\/p>\n<p>Durch den ARCA-Empf\u00e4nger und die mitgelieferte Schnellwechselplatte ist der Fluidkopf mit den meisten Kamerasystemen oder K\u00e4figen kompatibel.<\/p>\n<p>Kompakt und tragbar, passt es m\u00fchelos in Ihren Koffer oder Ihre Kameratasche und ist bereit f\u00fcr jeden Drehort.<\/p>\n<p>Dank der langj\u00e4hrigen Erfahrung von Tilta in der Herstellung von erstklassigem Bildgebungszubeh\u00f6r setzt dieses System neue Ma\u00dfst\u00e4be in Sachen Stabilit\u00e4t, Vielseitigkeit und Benutzerfreundlichkeit.<\/p>\n<p>Dieser Videokopf ist ideal f\u00fcr Videofilmer und Filmemacher, die \u00fcberlegene Leistung in einem leichten Format suchen.<\/p>\n<\/div>\n","protected":false},"excerpt":{"rendered":"<p>Wir pr\u00e4sentieren den Travel Video Fluid Head mit flachem Fu\u00df (5KG) Dieser pr\u00e4zisionsgefertigte Fluidkopf tr\u00e4gt bis zu 5 kg (11 lbs) und sorgt f\u00fcr reibungslose, pr\u00e4zise Bewegungen f\u00fcr professionelle Aufnahmen. Durch den ARCA-Empf\u00e4nger und die mitgelieferte Schnellwechselplatte ist der Fluidkopf [&hellip;]<\/p>\n","protected":false},"featured_media":2441091,"comment_status":"open","ping_status":"closed","template":"","meta":[],"product_cat":[3908],"product_tag":[],"acf":[],"gallery_images":[2441123,2441107,2441137,2441149,2441155,2441168,2441161,2441174],"_links":{"self":[{"href":"https:\/\/eu.tilta.com\/de\/wp-json\/wp\/v2\/product\/2441631"}],"collection":[{"href":"https:\/\/eu.tilta.com\/de\/wp-json\/wp\/v2\/product"}],"about":[{"href":"https:\/\/eu.tilta.com\/de\/wp-json\/wp\/v2\/types\/product"}],"replies":[{"embeddable":true,"href":"https:\/\/eu.tilta.com\/de\/wp-json\/wp\/v2\/comments?post=2441631"}],"wp:featuredmedia":[{"embeddable":true,"href":"https:\/\/eu.tilta.com\/de\/wp-json\/wp\/v2\/media\/2441091"}],"wp:attachment":[{"href":"https:\/\/eu.tilta.com\/de\/wp-json\/wp\/v2\/media?parent=2441631"}],"wp:term":[{"taxonomy":"product_cat","embeddable":true,"href":"https:\/\/eu.tilta.com\/de\/wp-json\/wp\/v2\/product_cat?post=2441631"},{"taxonomy":"product_tag","embeddable":true,"href":"https:\/\/eu.tilta.com\/de\/wp-json\/wp\/v2\/product_tag?post=2441631"}],"curies":[{"name":"wp","href":"https:\/\/api.w.org\/{rel}","templated":true}]}}