{"id":2441657,"date":"2025-05-07T05:01:48","date_gmt":"2025-05-07T03:01:48","guid":{"rendered":"https:\/\/eu.tilta.com\/shop\/voller-kamerakaefig-fuer-panasonic-s1r-ii-schwarz\/"},"modified":"2026-02-06T00:15:53","modified_gmt":"2026-02-05T23:15:53","slug":"full-camera-cage-for-panasonic-s1r-ii-black","status":"publish","type":"product","link":"https:\/\/eu.tilta.com\/de\/shop\/full-camera-cage-for-panasonic-s1r-ii-black\/","title":{"rendered":"Voller Kamerak\u00e4fig f\u00fcr Panasonic S1R II &#8211; Schwarz"},"content":{"rendered":"<p><em>Wir stellen Ihnen das Full Camera Cage f\u00fcr die Panasonic S1R II vor.<\/em><\/p>\n<p>Dieses vollst\u00e4ndige Kamerageh\u00e4use bietet Schutz und erweitert die Befestigungsm\u00f6glichkeiten f\u00fcr die S1R II, Lumix S5 II, S5 IIX und G9 II.<\/p>\n<p>Dieser Kamerak\u00e4fig verf\u00fcgt \u00fcber Halterungen f\u00fcr Handgelenkgurte, 1\/4\u2033-20 Gewinde mit Fixierpunkten und einen 3\/8\u2033-16 auf 1\/4\u2033-20 Gewindeadapter.<\/p>\n<p>Es verf\u00fcgt \u00fcber eine ARCA-Bodenplatte, mit der Sie das System problemlos an verschiedenen Stativen, Tr\u00e4gersystemen und DJI Ronin Gimbals wie dem RS4 Pro befestigen k\u00f6nnen.<\/p>\n<p>Die Befestigungspunkte am Seitenarm erm\u00f6glichen die einfache Montage einer ARCA-Schnellwechselplatte (nicht im Lieferumfang enthalten), die einen schnellen \u00dcbergang zu vertikalen Aufstellungen erm\u00f6glicht.<\/p>\n<p>Die mitgelieferte HDMI- und USB-C-Kabelklemme sorgt daf\u00fcr, dass beide Kabel sicher mit dem Kamerageh\u00e4use verbunden bleiben.<\/p>\n<p>Drei Kontaktpunkte zwischen Kamera und K\u00e4fig sorgen f\u00fcr eine solide Verbindung mit dem Kamerageh\u00e4use und eine starke Basis f\u00fcr die Montage von zus\u00e4tzlichem Zubeh\u00f6r.<\/p>\n","protected":false},"excerpt":{"rendered":"<p>Wir stellen Ihnen das Full Camera Cage f\u00fcr die Panasonic S1R II vor. Dieses vollst\u00e4ndige Kamerageh\u00e4use bietet Schutz und erweitert die Befestigungsm\u00f6glichkeiten f\u00fcr die S1R II, Lumix S5 II, S5 IIX und G9 II. Dieser Kamerak\u00e4fig verf\u00fcgt \u00fcber Halterungen f\u00fcr [&hellip;]<\/p>\n","protected":false},"featured_media":2355780,"comment_status":"open","ping_status":"closed","template":"","meta":[],"product_cat":[4009],"product_tag":[],"acf":[],"gallery_images":[2355786,2355792,2355707,2355719,2355713],"_links":{"self":[{"href":"https:\/\/eu.tilta.com\/de\/wp-json\/wp\/v2\/product\/2441657"}],"collection":[{"href":"https:\/\/eu.tilta.com\/de\/wp-json\/wp\/v2\/product"}],"about":[{"href":"https:\/\/eu.tilta.com\/de\/wp-json\/wp\/v2\/types\/product"}],"replies":[{"embeddable":true,"href":"https:\/\/eu.tilta.com\/de\/wp-json\/wp\/v2\/comments?post=2441657"}],"wp:featuredmedia":[{"embeddable":true,"href":"https:\/\/eu.tilta.com\/de\/wp-json\/wp\/v2\/media\/2355780"}],"wp:attachment":[{"href":"https:\/\/eu.tilta.com\/de\/wp-json\/wp\/v2\/media?parent=2441657"}],"wp:term":[{"taxonomy":"product_cat","embeddable":true,"href":"https:\/\/eu.tilta.com\/de\/wp-json\/wp\/v2\/product_cat?post=2441657"},{"taxonomy":"product_tag","embeddable":true,"href":"https:\/\/eu.tilta.com\/de\/wp-json\/wp\/v2\/product_tag?post=2441657"}],"curies":[{"name":"wp","href":"https:\/\/api.w.org\/{rel}","templated":true}]}}