{"id":2441680,"date":"2025-05-07T04:55:57","date_gmt":"2025-05-07T02:55:57","guid":{"rendered":"https:\/\/eu.tilta.com\/shop\/kamerakaefig-fuer-panasonic-s1r-ii-base-kit-schwarz\/"},"modified":"2025-12-05T14:25:23","modified_gmt":"2025-12-05T13:25:23","slug":"camera-cage-for-panasonic-s1r-ii-base-kit-black","status":"publish","type":"product","link":"https:\/\/eu.tilta.com\/de\/shop\/camera-cage-for-panasonic-s1r-ii-base-kit-black\/","title":{"rendered":"Kamerak\u00e4fig f\u00fcr Panasonic S1R II Base Kit &#8211; Schwarz"},"content":{"rendered":"<p><em>Wir stellen Ihnen das Full Camera Cage Base Kit f\u00fcr die Panasonic S1R II vor.<\/em><\/p>\n<p>Die Grundlage dieses Kits ist der Full Camera Cage, der Schutz bietet und die Befestigungsm\u00f6glichkeiten f\u00fcr die S1R II, Lumix S5 II, S5 IIX und G9 II erweitert.<\/p>\n<p>Dieser Kamerak\u00e4fig verf\u00fcgt \u00fcber Halterungen f\u00fcr Handgelenkgurte, 1\/4\u2033-20 Gewinde mit Fixierpunkten und einen 3\/8\u2033-16 auf 1\/4\u2033-20 Gewindeadapter.<\/p>\n<p>Es verf\u00fcgt \u00fcber eine ARCA-Bodenplatte, mit der Sie das System problemlos an verschiedenen Stativen, Tr\u00e4gersystemen und DJI Ronin Gimbals wie dem RS4 Pro befestigen k\u00f6nnen. Die Befestigungspunkte am Seitenarm erm\u00f6glichen die einfache Montage einer ARCA-Schnellwechselplatte (nicht im Lieferumfang enthalten), die einen schnellen \u00dcbergang zu vertikalen Aufstellungen erm\u00f6glicht.<\/p>\n<p>Die mitgelieferte HDMI- und USB-C-Kabelklemme sorgt daf\u00fcr, dass beide Kabel sicher mit dem Kamerageh\u00e4use verbunden bleiben. Drei Kontaktpunkte zwischen Kamera und K\u00e4fig sorgen f\u00fcr eine solide Verbindung mit dem Kamerageh\u00e4use und eine starke Basis f\u00fcr die Montage von zus\u00e4tzlichem Zubeh\u00f6r.<\/p>\n<p>Mit der h\u00f6henverstellbaren 15-mm-LWS-Grundplatte von Arca k\u00f6nnen Sie die H\u00f6he Ihrer Kamera im Verh\u00e4ltnis zu den mitgelieferten 15-mm-Stangen einstellen. Das bedeutet, dass die Benutzer den LWS 85mm Standard beibehalten k\u00f6nnen, um die Kompatibilit\u00e4t mit einer Reihe von verschiedenen Zubeh\u00f6rteilen und Kamerageh\u00e4usen zu gew\u00e4hrleisten.<\/p>\n<p>Der mitgelieferte 1\/4-20\u2033 Top Handle erweitert die M\u00f6glichkeiten bei der Bedienung, besonders n\u00fctzlich f\u00fcr Aufnahmen aus niedrigen Winkeln. Dieser Griff bietet au\u00dferdem zus\u00e4tzliche Befestigungsm\u00f6glichkeiten wie 1\/4\u2033-20 Gewinde und einen Cold Shoe-Empf\u00e4nger, perfekt f\u00fcr einen externen Monitor.<\/p>\n","protected":false},"excerpt":{"rendered":"<p>Wir stellen Ihnen das Full Camera Cage Base Kit f\u00fcr die Panasonic S1R II vor. Die Grundlage dieses Kits ist der Full Camera Cage, der Schutz bietet und die Befestigungsm\u00f6glichkeiten f\u00fcr die S1R II, Lumix S5 II, S5 IIX und [&hellip;]<\/p>\n","protected":false},"featured_media":2355688,"comment_status":"open","ping_status":"closed","template":"","meta":[],"product_cat":[4009],"product_tag":[],"acf":[],"gallery_images":[2355695,2355701,2355707,2355719,2355713],"_links":{"self":[{"href":"https:\/\/eu.tilta.com\/de\/wp-json\/wp\/v2\/product\/2441680"}],"collection":[{"href":"https:\/\/eu.tilta.com\/de\/wp-json\/wp\/v2\/product"}],"about":[{"href":"https:\/\/eu.tilta.com\/de\/wp-json\/wp\/v2\/types\/product"}],"replies":[{"embeddable":true,"href":"https:\/\/eu.tilta.com\/de\/wp-json\/wp\/v2\/comments?post=2441680"}],"wp:featuredmedia":[{"embeddable":true,"href":"https:\/\/eu.tilta.com\/de\/wp-json\/wp\/v2\/media\/2355688"}],"wp:attachment":[{"href":"https:\/\/eu.tilta.com\/de\/wp-json\/wp\/v2\/media?parent=2441680"}],"wp:term":[{"taxonomy":"product_cat","embeddable":true,"href":"https:\/\/eu.tilta.com\/de\/wp-json\/wp\/v2\/product_cat?post=2441680"},{"taxonomy":"product_tag","embeddable":true,"href":"https:\/\/eu.tilta.com\/de\/wp-json\/wp\/v2\/product_tag?post=2441680"}],"curies":[{"name":"wp","href":"https:\/\/api.w.org\/{rel}","templated":true}]}}