{"id":2441682,"date":"2025-05-13T09:04:25","date_gmt":"2025-05-13T07:04:25","guid":{"rendered":"https:\/\/eu.tilta.com\/shop\/tilta-fe-wetterfeste-outdoor-jacke\/"},"modified":"2026-04-15T03:57:40","modified_gmt":"2026-04-15T01:57:40","slug":"tilta-fe-weatherproof-outdoor-jacket","status":"publish","type":"product","link":"https:\/\/eu.tilta.com\/de\/shop\/tilta-fe-weatherproof-outdoor-jacket\/","title":{"rendered":"Tilta Fe Wetterfeste Outdoor Jacke"},"content":{"rendered":"<p><em>Wir stellen Ihnen die Tilta Fe Weatherproof Outdoor Jacket vor, die f\u00fcr maximale Funktionalit\u00e4t und Komfort in der freien Natur entwickelt wurde.  <\/em><\/p>\n<p>Diese Hochleistungsjacke verf\u00fcgt \u00fcber wasserdichte Unterarmrei\u00dfverschl\u00fcsse mit regulierbarer Bel\u00fcftung, damit Sie bei einer Vielzahl von Aktivit\u00e4ten k\u00fchl und trocken bleiben.<\/p>\n<p>Die anpassungsf\u00e4hige Drei-Punkt-Kapuze bietet zuverl\u00e4ssigen Schutz bei allen Wetterbedingungen, w\u00e4hrend die Kapuzenverstellung bei Bedarf f\u00fcr einen sicheren Sitz sorgt.<\/p>\n<p>Verl\u00e4ngerte \u00c4rmel mit Klettverschlussb\u00fcndchen halten Wind und Schnee effektiv ab und bieten zus\u00e4tzlichen Schutz, wenn das Wetter rau wird.<\/p>\n<p>Ein Zwei-Wege-Frontrei\u00dfverschluss bietet zus\u00e4tzliche Optionen und erh\u00f6hte Mobilit\u00e4t, w\u00e4hrend eine versteckte Rei\u00dfverschlusstasche eine einzigartige Aufbewahrungsm\u00f6glichkeit f\u00fcr Ihre Essentials darstellt.<\/p>\n<p>Ob Sie nun wandern, snowboarden oder filmen, die Tilta Fe Jacke kombiniert robusten Schutz mit durchdachtem Design f\u00fcr alles, was die Elemente Ihnen vorsetzen.<\/p>\n","protected":false},"excerpt":{"rendered":"<p>Wir stellen Ihnen die Tilta Fe Weatherproof Outdoor Jacket vor, die f\u00fcr maximale Funktionalit\u00e4t und Komfort in der freien Natur entwickelt wurde. Diese Hochleistungsjacke verf\u00fcgt \u00fcber wasserdichte Unterarmrei\u00dfverschl\u00fcsse mit regulierbarer Bel\u00fcftung, damit Sie bei einer Vielzahl von Aktivit\u00e4ten k\u00fchl und [&hellip;]<\/p>\n","protected":false},"featured_media":2371653,"comment_status":"open","ping_status":"closed","template":"","meta":[],"product_cat":[4493,1254],"product_tag":[],"acf":[],"gallery_images":[2371673],"_links":{"self":[{"href":"https:\/\/eu.tilta.com\/de\/wp-json\/wp\/v2\/product\/2441682"}],"collection":[{"href":"https:\/\/eu.tilta.com\/de\/wp-json\/wp\/v2\/product"}],"about":[{"href":"https:\/\/eu.tilta.com\/de\/wp-json\/wp\/v2\/types\/product"}],"replies":[{"embeddable":true,"href":"https:\/\/eu.tilta.com\/de\/wp-json\/wp\/v2\/comments?post=2441682"}],"wp:featuredmedia":[{"embeddable":true,"href":"https:\/\/eu.tilta.com\/de\/wp-json\/wp\/v2\/media\/2371653"}],"wp:attachment":[{"href":"https:\/\/eu.tilta.com\/de\/wp-json\/wp\/v2\/media?parent=2441682"}],"wp:term":[{"taxonomy":"product_cat","embeddable":true,"href":"https:\/\/eu.tilta.com\/de\/wp-json\/wp\/v2\/product_cat?post=2441682"},{"taxonomy":"product_tag","embeddable":true,"href":"https:\/\/eu.tilta.com\/de\/wp-json\/wp\/v2\/product_tag?post=2441682"}],"curies":[{"name":"wp","href":"https:\/\/api.w.org\/{rel}","templated":true}]}}