{"id":2441717,"date":"2025-05-28T07:49:22","date_gmt":"2025-05-28T05:49:22","guid":{"rendered":"https:\/\/eu.tilta.com\/shop\/vintage-kamerakaefig-fuer-leica-q3-basis-kit-schwarz\/"},"modified":"2025-12-05T14:25:53","modified_gmt":"2025-12-05T13:25:53","slug":"vintage-camera-cage-for-leica-q3-base-kit-black","status":"publish","type":"product","link":"https:\/\/eu.tilta.com\/de\/shop\/vintage-camera-cage-for-leica-q3-base-kit-black\/","title":{"rendered":"Vintage Kamerak\u00e4fig f\u00fcr Leica Q3 Basis Kit &#8211; Schwarz"},"content":{"rendered":"<p><em>Wir pr\u00e4sentieren den Vintage-Kamerak\u00e4fig f\u00fcr das Leica Q3 Base Kit<\/em><\/p>\n<p>Dieses Kit enth\u00e4lt einige ausgew\u00e4hlte Zubeh\u00f6rteile, die die Funktionalit\u00e4t der Leica Q3 verbessern und das System gleichzeitig handlich und tragbar machen.<\/p>\n<p>Die Basis dieses Kits ist ein L-Bracket mit einem Lederhandgriff, der eine komfortablere Bedienung und Handhabung der Kamera erm\u00f6glicht.<\/p>\n<p>Der Blitzschuh-Daumengriff wird an der Blitzschuhhalterung der Kamera befestigt und verbessert die Stabilit\u00e4t aus der Hand f\u00fcr fl\u00fcssigere Aufnahmen.<\/p>\n<p>Der mitgelieferte, leichte und dennoch robuste Objektivdeckel ist so konzipiert, dass er sich nahtlos an das Objektiv Ihrer Kamera anpasst und es sch\u00fctzt.<\/p>\n<p>Die Bodenplatte kann problemlos eine ARCA-Schnellwechselplatte (nicht im Lieferumfang enthalten) aufnehmen, mit der das System problemlos an Ronin Gimbals der S-Serie oder leichten Stativen wie unserem VT-05 Travel Fluid Head Stativ befestigt werden kann.<\/p>\n","protected":false},"excerpt":{"rendered":"<p>Wir pr\u00e4sentieren den Vintage-Kamerak\u00e4fig f\u00fcr das Leica Q3 Base Kit Dieses Kit enth\u00e4lt einige ausgew\u00e4hlte Zubeh\u00f6rteile, die die Funktionalit\u00e4t der Leica Q3 verbessern und das System gleichzeitig handlich und tragbar machen. Die Basis dieses Kits ist ein L-Bracket mit einem [&hellip;]<\/p>\n","protected":false},"featured_media":2416935,"comment_status":"open","ping_status":"closed","template":"","meta":[],"product_cat":[3956],"product_tag":[],"acf":[],"gallery_images":[2416941,2416947,2416773,2416767],"_links":{"self":[{"href":"https:\/\/eu.tilta.com\/de\/wp-json\/wp\/v2\/product\/2441717"}],"collection":[{"href":"https:\/\/eu.tilta.com\/de\/wp-json\/wp\/v2\/product"}],"about":[{"href":"https:\/\/eu.tilta.com\/de\/wp-json\/wp\/v2\/types\/product"}],"replies":[{"embeddable":true,"href":"https:\/\/eu.tilta.com\/de\/wp-json\/wp\/v2\/comments?post=2441717"}],"wp:featuredmedia":[{"embeddable":true,"href":"https:\/\/eu.tilta.com\/de\/wp-json\/wp\/v2\/media\/2416935"}],"wp:attachment":[{"href":"https:\/\/eu.tilta.com\/de\/wp-json\/wp\/v2\/media?parent=2441717"}],"wp:term":[{"taxonomy":"product_cat","embeddable":true,"href":"https:\/\/eu.tilta.com\/de\/wp-json\/wp\/v2\/product_cat?post=2441717"},{"taxonomy":"product_tag","embeddable":true,"href":"https:\/\/eu.tilta.com\/de\/wp-json\/wp\/v2\/product_tag?post=2441717"}],"curies":[{"name":"wp","href":"https:\/\/api.w.org\/{rel}","templated":true}]}}