{"id":2441725,"date":"2025-05-28T07:39:54","date_gmt":"2025-05-28T05:39:54","guid":{"rendered":"https:\/\/eu.tilta.com\/shop\/vintage-kamerakaefig-fuer-leica-q3-travel-kit-schwarz\/"},"modified":"2025-12-05T14:26:08","modified_gmt":"2025-12-05T13:26:08","slug":"vintage-camera-cage-for-leica-q3-travel-kit-black","status":"publish","type":"product","link":"https:\/\/eu.tilta.com\/de\/shop\/vintage-camera-cage-for-leica-q3-travel-kit-black\/","title":{"rendered":"Vintage Kamerak\u00e4fig f\u00fcr Leica Q3 Travel Kit &#8211; Schwarz"},"content":{"rendered":"<p><em>Wir pr\u00e4sentieren den Vintage-Kamerak\u00e4fig f\u00fcr das Leica Q3 Travel Kit<\/em><\/p>\n<p>Dieses Kit enth\u00e4lt einige ausgew\u00e4hlte Zubeh\u00f6rteile, die die Funktionalit\u00e4t der Leica Q3 verbessern und das System gleichzeitig handlich und tragbar machen.<\/p>\n<p>Die Basis dieses Kits ist ein L-Bracket mit einem Lederhandgriff, der eine komfortablere Bedienung und Handhabung der Kamera erm\u00f6glicht.<\/p>\n<p>Die Schutzplatte wird an der Oberseite des Leica Q3 Kamerageh\u00e4uses befestigt, um einen leichten und robusten Schutz f\u00fcr die Kamera zu bieten.<\/p>\n<p>Dieses Zubeh\u00f6r ist besonders hilfreich, wenn Sie auf Reisen sind oder die Kamera unter extremeren Bedingungen verwenden.<\/p>\n<p>Der Blitzschuh-Daumengriff wird an der Blitzschuhhalterung der Kamera befestigt und verbessert die Stabilit\u00e4t aus der Hand f\u00fcr fl\u00fcssigere Aufnahmen.<\/p>\n<p>Mit der ARCA-Schnellwechselplatte l\u00e4sst sich das System problemlos an den meisten ARCA-Empf\u00e4ngern befestigen, wie z.B. an einem Gimbal der Ronin S-Serie oder an vielen leichten Stativen wie unserem VT-05 Travel Fluid Head Stativ.<\/p>\n<p>Au\u00dferdem ist in diesem Kit ein Schultergurt enthalten, der an den Gurtbefestigungen des K\u00e4figs befestigt wird, damit Sie Ihre Kamera sicher tragen und handhaben k\u00f6nnen.<\/p>\n<p>Der mitgelieferte, leichte und dennoch robuste Objektivdeckel ist so konzipiert, dass er sich nahtlos an das Objektiv der Kamera anpasst und es sch\u00fctzt.<\/p>\n","protected":false},"excerpt":{"rendered":"<p>Wir pr\u00e4sentieren den Vintage-Kamerak\u00e4fig f\u00fcr das Leica Q3 Travel Kit Dieses Kit enth\u00e4lt einige ausgew\u00e4hlte Zubeh\u00f6rteile, die die Funktionalit\u00e4t der Leica Q3 verbessern und das System gleichzeitig handlich und tragbar machen. Die Basis dieses Kits ist ein L-Bracket mit einem [&hellip;]<\/p>\n","protected":false},"featured_media":2416659,"comment_status":"open","ping_status":"closed","template":"","meta":[],"product_cat":[3956],"product_tag":[],"acf":[],"gallery_images":[2416663,2416669,2416675,2416681,2416765,2416771],"_links":{"self":[{"href":"https:\/\/eu.tilta.com\/de\/wp-json\/wp\/v2\/product\/2441725"}],"collection":[{"href":"https:\/\/eu.tilta.com\/de\/wp-json\/wp\/v2\/product"}],"about":[{"href":"https:\/\/eu.tilta.com\/de\/wp-json\/wp\/v2\/types\/product"}],"replies":[{"embeddable":true,"href":"https:\/\/eu.tilta.com\/de\/wp-json\/wp\/v2\/comments?post=2441725"}],"wp:featuredmedia":[{"embeddable":true,"href":"https:\/\/eu.tilta.com\/de\/wp-json\/wp\/v2\/media\/2416659"}],"wp:attachment":[{"href":"https:\/\/eu.tilta.com\/de\/wp-json\/wp\/v2\/media?parent=2441725"}],"wp:term":[{"taxonomy":"product_cat","embeddable":true,"href":"https:\/\/eu.tilta.com\/de\/wp-json\/wp\/v2\/product_cat?post=2441725"},{"taxonomy":"product_tag","embeddable":true,"href":"https:\/\/eu.tilta.com\/de\/wp-json\/wp\/v2\/product_tag?post=2441725"}],"curies":[{"name":"wp","href":"https:\/\/api.w.org\/{rel}","templated":true}]}}