{"id":2441734,"date":"2025-05-19T03:23:56","date_gmt":"2025-05-19T01:23:56","guid":{"rendered":"https:\/\/eu.tilta.com\/shop\/kabelloses-ueberwachungsmodul-fuer-hydra-elektroniksauger\/"},"modified":"2025-12-05T14:26:12","modified_gmt":"2025-12-05T13:26:12","slug":"wireless-monitoring-module-for-hydra-electronic-suction-cup","status":"publish","type":"product","link":"https:\/\/eu.tilta.com\/de\/shop\/wireless-monitoring-module-for-hydra-electronic-suction-cup\/","title":{"rendered":"Kabelloses \u00dcberwachungsmodul f\u00fcr Hydra Elektroniksauger"},"content":{"rendered":"<p class=\"ds-markdown-paragraph\">Wir stellen Ihnen das drahtlose \u00dcberwachungsmodul f\u00fcr Hydra Elektrosauger vor, ein unverzichtbares Zubeh\u00f6r f\u00fcr die Echtzeit\u00fcberwachung Ihrer Elektrosauger.<\/p>\n<p class=\"ds-markdown-paragraph\">Dieses Modul wurde entwickelt, um nahtlos mit dem Tilta 4,5&#8243; Elektrosauger und anderen zuk\u00fcnftigen Versionen zusammenzuarbeiten. Es zeigt den Saugdruck (KPA) und den Batteriestand aller kabellos verbundenen Sauger an.<\/p>\n<p class=\"ds-markdown-paragraph\">Ein akustischer und optischer Alarm warnt den Benutzer, sobald ein Saugkraftverlust festgestellt wird. So k\u00f6nnen Sie sich bei kritischen Aufnahmen beruhigt zur\u00fccklehnen und werden in der Sekunde, in der das Problem auftritt, darauf aufmerksam gemacht.<\/p>\n<p>Ganz gleich, ob Sie einen einzelnen Saugnapf oder mehrere \u00fcberwachen, dieses Modul liefert individuelle Statusinformationen f\u00fcr jedes Ger\u00e4t und gew\u00e4hrleistet so maximale Sicherheit.<\/p>\n<p class=\"ds-markdown-paragraph\">Ausgestattet mit einem Prozessor in Automobilqualit\u00e4t, liefert er sofortige Statusaktualisierungen, 50ms Zyklusgeschwindigkeit bei der \u00dcberwachung von 1-6 Saugern und 100ms f\u00fcr bis zu 12 Einheiten gleichzeitig.<\/p>\n<p class=\"ds-markdown-paragraph\">Er ist f\u00fcr extreme Bedingungen ausgelegt und arbeitet zuverl\u00e4ssig bei Temperaturen von -20\u00b0C bis 90\u00b0C. Damit ist er sowohl f\u00fcr den Innen- als auch f\u00fcr den Au\u00dfeneinsatz geeignet.<\/p>\n<p class=\"ds-markdown-paragraph\">Mit Plug-and-Play-USB-C-Stromversorgung und einem 1\/4\u2033-20-Gewinde f\u00fcr die Montage ist die Einrichtung m\u00fchelos und eine manuelle Kopplung ist nicht erforderlich.<\/p>\n","protected":false},"excerpt":{"rendered":"<p>Wir stellen Ihnen das drahtlose \u00dcberwachungsmodul f\u00fcr Hydra Elektrosauger vor, ein unverzichtbares Zubeh\u00f6r f\u00fcr die Echtzeit\u00fcberwachung Ihrer Elektrosauger. Dieses Modul wurde entwickelt, um nahtlos mit dem Tilta 4,5&#8243; Elektrosauger und anderen zuk\u00fcnftigen Versionen zusammenzuarbeiten. Es zeigt den Saugdruck (KPA) und [&hellip;]<\/p>\n","protected":false},"featured_media":2388309,"comment_status":"open","ping_status":"closed","template":"","meta":[],"product_cat":[4025],"product_tag":[],"acf":[],"gallery_images":[2388319,2388325,2388331,2388404,2388337],"_links":{"self":[{"href":"https:\/\/eu.tilta.com\/de\/wp-json\/wp\/v2\/product\/2441734"}],"collection":[{"href":"https:\/\/eu.tilta.com\/de\/wp-json\/wp\/v2\/product"}],"about":[{"href":"https:\/\/eu.tilta.com\/de\/wp-json\/wp\/v2\/types\/product"}],"replies":[{"embeddable":true,"href":"https:\/\/eu.tilta.com\/de\/wp-json\/wp\/v2\/comments?post=2441734"}],"wp:featuredmedia":[{"embeddable":true,"href":"https:\/\/eu.tilta.com\/de\/wp-json\/wp\/v2\/media\/2388309"}],"wp:attachment":[{"href":"https:\/\/eu.tilta.com\/de\/wp-json\/wp\/v2\/media?parent=2441734"}],"wp:term":[{"taxonomy":"product_cat","embeddable":true,"href":"https:\/\/eu.tilta.com\/de\/wp-json\/wp\/v2\/product_cat?post=2441734"},{"taxonomy":"product_tag","embeddable":true,"href":"https:\/\/eu.tilta.com\/de\/wp-json\/wp\/v2\/product_tag?post=2441734"}],"curies":[{"name":"wp","href":"https:\/\/api.w.org\/{rel}","templated":true}]}}