{"id":2441744,"date":"2025-05-23T09:50:41","date_gmt":"2025-05-23T07:50:41","guid":{"rendered":"https:\/\/eu.tilta.com\/shop\/tilta-fe-schultergurt-und-schnallen-set\/"},"modified":"2026-04-15T03:57:58","modified_gmt":"2026-04-15T01:57:58","slug":"tilta-fe-shoulder-strap-and-buckle-kit","status":"publish","type":"product","link":"https:\/\/eu.tilta.com\/de\/shop\/tilta-fe-shoulder-strap-and-buckle-kit\/","title":{"rendered":"Tilta Fe Schultergurt und Schnallen-Set"},"content":{"rendered":"<p><em>Wir pr\u00e4sentieren das Tilta Fe Schultergurt- und Schnallen-Kit<\/em><\/p>\n<p>Dieser Schultergurt besteht aus einem Hochleistungs-Polyester-Gurtband mit erh\u00f6hter Dicke f\u00fcr \u00fcberragende Haltbarkeit.<\/p>\n<p>Er verf\u00fcgt \u00fcber ein professionelles UTX Duraflex Dual Drawstring Lock System f\u00fcr verbesserte Sicherheit und taktische UTX Duraflex Karabinerhaken erm\u00f6glichen es, diesen Gurt mit einer Vielzahl von Kameras, Zubeh\u00f6r und mehr zu verbinden.<\/p>\n<p>Mit der intuitiven Schnalle l\u00e4sst sich die L\u00e4nge einfach und schnell f\u00fcr verschiedene Konfigurationen anpassen. Die fortschrittlichen Magnetschnellverschl\u00fcsse mit Fidlock HOOK-Schnellverschlusstechnik sorgen f\u00fcr extreme Flexibilit\u00e4t.<\/p>\n<p>Das ged\u00e4mpfte Schnallensystem sorgt f\u00fcr eine reibungslose, nahtlose Drehung, so dass Sie Ihr Telefon w\u00e4hrend des Gebrauchs m\u00fchelos einstellen k\u00f6nnen. Dieses Kit ist f\u00fcr die Verwendung mit Smartphones konzipiert und erfordert eine Smartphone-H\u00fclle zur sicheren Befestigung.<\/p>\n<p>Sein hochwertiges Design f\u00fcgt sich nahtlos in das Khronos Phone Case und Ecosystem ein und ist damit eine ideale Erg\u00e4nzung f\u00fcr Ihre mobile Produktion.<\/p>\n","protected":false},"excerpt":{"rendered":"<p>Wir pr\u00e4sentieren das Tilta Fe Schultergurt- und Schnallen-Kit Dieser Schultergurt besteht aus einem Hochleistungs-Polyester-Gurtband mit erh\u00f6hter Dicke f\u00fcr \u00fcberragende Haltbarkeit. Er verf\u00fcgt \u00fcber ein professionelles UTX Duraflex Dual Drawstring Lock System f\u00fcr verbesserte Sicherheit und taktische UTX Duraflex Karabinerhaken erm\u00f6glichen [&hellip;]<\/p>\n","protected":false},"featured_media":2401203,"comment_status":"open","ping_status":"closed","template":"","meta":[],"product_cat":[4493,1254],"product_tag":[],"acf":[],"gallery_images":[2401023,2401073,2401054,2401169,2401132,2401175],"_links":{"self":[{"href":"https:\/\/eu.tilta.com\/de\/wp-json\/wp\/v2\/product\/2441744"}],"collection":[{"href":"https:\/\/eu.tilta.com\/de\/wp-json\/wp\/v2\/product"}],"about":[{"href":"https:\/\/eu.tilta.com\/de\/wp-json\/wp\/v2\/types\/product"}],"replies":[{"embeddable":true,"href":"https:\/\/eu.tilta.com\/de\/wp-json\/wp\/v2\/comments?post=2441744"}],"wp:featuredmedia":[{"embeddable":true,"href":"https:\/\/eu.tilta.com\/de\/wp-json\/wp\/v2\/media\/2401203"}],"wp:attachment":[{"href":"https:\/\/eu.tilta.com\/de\/wp-json\/wp\/v2\/media?parent=2441744"}],"wp:term":[{"taxonomy":"product_cat","embeddable":true,"href":"https:\/\/eu.tilta.com\/de\/wp-json\/wp\/v2\/product_cat?post=2441744"},{"taxonomy":"product_tag","embeddable":true,"href":"https:\/\/eu.tilta.com\/de\/wp-json\/wp\/v2\/product_tag?post=2441744"}],"curies":[{"name":"wp","href":"https:\/\/api.w.org\/{rel}","templated":true}]}}