{"id":2441794,"date":"2025-04-30T09:32:36","date_gmt":"2025-04-30T07:32:36","guid":{"rendered":"https:\/\/eu.tilta.com\/shop\/objektivdeckel-fuer-fujifilm-x100vi\/"},"modified":"2026-02-16T09:03:48","modified_gmt":"2026-02-16T08:03:48","slug":"lens-cap-for-fujifilm-x100vi","status":"publish","type":"product","link":"https:\/\/eu.tilta.com\/de\/shop\/lens-cap-for-fujifilm-x100vi\/","title":{"rendered":"Objektivdeckel f\u00fcr Fujifilm X100VI"},"content":{"rendered":"<p><em>Einf\u00fchrung des Objektivdeckels f\u00fcr die Fujifilm X100VI  <\/em><\/p>\n<p>Sch\u00fctzen Sie Ihre Fujifilm X100VI oder X100V stilvoll mit unserem hochwertigen Objektivdeckel, bei dem moderne Handwerkskunst auf Vintage-Charme trifft.<\/p>\n<p>Mit einem Gewicht von nur 19 g (0,67 oz) ist dieser leichte und dennoch robuste Deckel so konzipiert, dass er sich nahtlos an das Objektiv Ihrer Kamera anpasst und es sch\u00fctzt.<\/p>\n<p>Dieser mit CNC-Pr\u00e4zisionsmaschinen gefertigte Objektivdeckel weist fein detaillierte konzentrische Rillen auf, die sich angenehm anf\u00fchlen und an die klassische Eleganz von alten Filmkameras erinnern.<\/p>\n<p>Es ist sowohl in elegantem Schwarz als auch in zeitlosem Silber erh\u00e4ltlich und erg\u00e4nzt die \u00c4sthetik Ihrer Kamera und verleiht ihr einen raffinierten Touch.<\/p>\n<p>Ganz gleich, ob Sie Ihre Kamera in der Tasche tragen oder unterwegs fotografieren, dieser Objektivdeckel bietet unverzichtbaren Schutz mit einer nostalgischen Anspielung auf die goldene \u00c4ra der Fotografie.<\/p>\n","protected":false},"excerpt":{"rendered":"<p>Einf\u00fchrung des Objektivdeckels f\u00fcr die Fujifilm X100VI Sch\u00fctzen Sie Ihre Fujifilm X100VI oder X100V stilvoll mit unserem hochwertigen Objektivdeckel, bei dem moderne Handwerkskunst auf Vintage-Charme trifft. Mit einem Gewicht von nur 19 g (0,67 oz) ist dieser leichte und dennoch [&hellip;]<\/p>\n","protected":false},"featured_media":2339358,"comment_status":"open","ping_status":"closed","template":"","meta":[],"product_cat":[4448,3373],"product_tag":[],"acf":[],"gallery_images":[2339304,2339352],"_links":{"self":[{"href":"https:\/\/eu.tilta.com\/de\/wp-json\/wp\/v2\/product\/2441794"}],"collection":[{"href":"https:\/\/eu.tilta.com\/de\/wp-json\/wp\/v2\/product"}],"about":[{"href":"https:\/\/eu.tilta.com\/de\/wp-json\/wp\/v2\/types\/product"}],"replies":[{"embeddable":true,"href":"https:\/\/eu.tilta.com\/de\/wp-json\/wp\/v2\/comments?post=2441794"}],"wp:featuredmedia":[{"embeddable":true,"href":"https:\/\/eu.tilta.com\/de\/wp-json\/wp\/v2\/media\/2339358"}],"wp:attachment":[{"href":"https:\/\/eu.tilta.com\/de\/wp-json\/wp\/v2\/media?parent=2441794"}],"wp:term":[{"taxonomy":"product_cat","embeddable":true,"href":"https:\/\/eu.tilta.com\/de\/wp-json\/wp\/v2\/product_cat?post=2441794"},{"taxonomy":"product_tag","embeddable":true,"href":"https:\/\/eu.tilta.com\/de\/wp-json\/wp\/v2\/product_tag?post=2441794"}],"curies":[{"name":"wp","href":"https:\/\/api.w.org\/{rel}","templated":true}]}}