{"id":2441803,"date":"2025-05-06T09:38:34","date_gmt":"2025-05-06T07:38:34","guid":{"rendered":"https:\/\/eu.tilta.com\/shop\/tilta-schulterriemen-aus-leder\/"},"modified":"2025-12-05T14:26:47","modified_gmt":"2025-12-05T13:26:47","slug":"tilta-leather-shoulder-strap","status":"publish","type":"product","link":"https:\/\/eu.tilta.com\/de\/shop\/tilta-leather-shoulder-strap\/","title":{"rendered":"Tilta Schulterriemen aus Leder"},"content":{"rendered":"<p>Der Tilta Schultergurt ist das perfekte Zubeh\u00f6r f\u00fcr Fotografen und Videofilmer, die unterwegs sind.<\/p>\n<p>Dieses leichte Zubeh\u00f6rteil l\u00e4sst sich an den Gurtbefestigungen der meisten Kamerageh\u00e4use befestigen, damit Sie Ihre Kamera sicher tragen und handhaben k\u00f6nnen.<\/p>\n<p>Die verstellbare L\u00e4nge macht dies f\u00fcr eine Vielzahl von Systemen und Bedienern bequem.<\/p>\n<p>Dieser kann auch mit unseren Leder-Schultergurtschnallen verwendet werden, um den Gurt schnell zu befestigen oder zu entfernen.<\/p>\n","protected":false},"excerpt":{"rendered":"<p>Der Tilta Schultergurt ist das perfekte Zubeh\u00f6r f\u00fcr Fotografen und Videofilmer, die unterwegs sind. Dieses leichte Zubeh\u00f6rteil l\u00e4sst sich an den Gurtbefestigungen der meisten Kamerageh\u00e4use befestigen, damit Sie Ihre Kamera sicher tragen und handhaben k\u00f6nnen. Die verstellbare L\u00e4nge macht dies [&hellip;]<\/p>\n","protected":false},"featured_media":2352875,"comment_status":"open","ping_status":"closed","template":"","meta":[],"product_cat":[1299],"product_tag":[],"acf":[],"gallery_images":[2352869,2352887,2352881],"_links":{"self":[{"href":"https:\/\/eu.tilta.com\/de\/wp-json\/wp\/v2\/product\/2441803"}],"collection":[{"href":"https:\/\/eu.tilta.com\/de\/wp-json\/wp\/v2\/product"}],"about":[{"href":"https:\/\/eu.tilta.com\/de\/wp-json\/wp\/v2\/types\/product"}],"replies":[{"embeddable":true,"href":"https:\/\/eu.tilta.com\/de\/wp-json\/wp\/v2\/comments?post=2441803"}],"wp:featuredmedia":[{"embeddable":true,"href":"https:\/\/eu.tilta.com\/de\/wp-json\/wp\/v2\/media\/2352875"}],"wp:attachment":[{"href":"https:\/\/eu.tilta.com\/de\/wp-json\/wp\/v2\/media?parent=2441803"}],"wp:term":[{"taxonomy":"product_cat","embeddable":true,"href":"https:\/\/eu.tilta.com\/de\/wp-json\/wp\/v2\/product_cat?post=2441803"},{"taxonomy":"product_tag","embeddable":true,"href":"https:\/\/eu.tilta.com\/de\/wp-json\/wp\/v2\/product_tag?post=2441803"}],"curies":[{"name":"wp","href":"https:\/\/api.w.org\/{rel}","templated":true}]}}