{"id":2441850,"date":"2025-04-26T11:41:01","date_gmt":"2025-04-26T09:41:01","guid":{"rendered":"https:\/\/eu.tilta.com\/shop\/tilta-portable-ladestation-fuer-nikon-en-el15c-akku-4-kanaele-gruen\/"},"modified":"2026-04-15T03:58:20","modified_gmt":"2026-04-15T01:58:20","slug":"tilta-portable-charging-station-for-nikon-en-el15c-battery-4-channel-green","status":"publish","type":"product","link":"https:\/\/eu.tilta.com\/de\/shop\/tilta-portable-charging-station-for-nikon-en-el15c-battery-4-channel-green\/","title":{"rendered":"Tilta Portable Ladestation f\u00fcr Nikon EN-EL15C Akku (4 Kan\u00e4le) &#8211; Gr\u00fcn"},"content":{"rendered":"<p><em>Wir stellen vor: die tragbare Tilta Ladestation f\u00fcr EN-EL15C (4 Kan\u00e4le)<\/em><\/p>\n<p>Diese kompakte Ladestation ist f\u00fcr EN-EL15C-Akkus von Nikon und anderen Herstellern geeignet und bietet vier Steckpl\u00e4tze f\u00fcr einfaches Aufladen und praktische Aufbewahrung.<\/p>\n<p>Ausgestattet mit 45W PD Fast Charging, liefert es eine beeindruckende, 68% schnellere Ladegeschwindigkeit als ein Standard-Einzel-Ladeger\u00e4t und sorgt daf\u00fcr, dass Ihre Akkus in nur 3 Stunden einsatzbereit sind.<\/p>\n<p>Echtzeit-Ladestatusanzeigen halten Sie \u00fcber den Status der einzelnen Akkus auf dem Laufenden und das leichte Design bedeutet, dass das Ger\u00e4t nur 176 Gramm wiegt, so dass Sie es problemlos mitnehmen k\u00f6nnen.<\/p>\n<p>Mit der M\u00f6glichkeit, vier EN-EL15C-Akkus vollst\u00e4ndig aufzuladen, sind Sie bereit f\u00fcr bis zu 13 Stunden Videoaufnahmen oder genug Energie f\u00fcr 2.400 Fotos &#8211; perfekt f\u00fcr lange Aufnahmesessions.<\/p>\n<p>Die tragbare Ladestation von Tilta zeichnet sich durch ein Design im EDC-Stil mit der charakteristischen \u00c4sthetik von Tilta aus und ist damit eine stilvolle und funktionelle Erg\u00e4nzung Ihrer Ausr\u00fcstung.<\/p>\n<p>Ganz gleich, ob Sie eine professionelle Aufnahme machen oder private Momente festhalten, dieses vielseitige Ladeger\u00e4t bietet Ihnen die n\u00f6tige Energie in einem praktischen, tragbaren Paket.<\/p>\n<p>Bitte beachten Sie: Diese Ladestation verf\u00fcgt nicht \u00fcber einen internen Akku und kann nur zum Laden von Akkus verwendet werden, wenn sie an eine externe Stromquelle angeschlossen ist.<\/p>\n","protected":false},"excerpt":{"rendered":"<p>Wir stellen vor: die tragbare Tilta Ladestation f\u00fcr EN-EL15C (4 Kan\u00e4le) Diese kompakte Ladestation ist f\u00fcr EN-EL15C-Akkus von Nikon und anderen Herstellern geeignet und bietet vier Steckpl\u00e4tze f\u00fcr einfaches Aufladen und praktische Aufbewahrung. Ausgestattet mit 45W PD Fast Charging, liefert [&hellip;]<\/p>\n","protected":false},"featured_media":2327787,"comment_status":"open","ping_status":"closed","template":"","meta":[],"product_cat":[4495,3837],"product_tag":[],"acf":[],"gallery_images":[2327793,2327800,2327838,2327819,2327825,2327832],"_links":{"self":[{"href":"https:\/\/eu.tilta.com\/de\/wp-json\/wp\/v2\/product\/2441850"}],"collection":[{"href":"https:\/\/eu.tilta.com\/de\/wp-json\/wp\/v2\/product"}],"about":[{"href":"https:\/\/eu.tilta.com\/de\/wp-json\/wp\/v2\/types\/product"}],"replies":[{"embeddable":true,"href":"https:\/\/eu.tilta.com\/de\/wp-json\/wp\/v2\/comments?post=2441850"}],"wp:featuredmedia":[{"embeddable":true,"href":"https:\/\/eu.tilta.com\/de\/wp-json\/wp\/v2\/media\/2327787"}],"wp:attachment":[{"href":"https:\/\/eu.tilta.com\/de\/wp-json\/wp\/v2\/media?parent=2441850"}],"wp:term":[{"taxonomy":"product_cat","embeddable":true,"href":"https:\/\/eu.tilta.com\/de\/wp-json\/wp\/v2\/product_cat?post=2441850"},{"taxonomy":"product_tag","embeddable":true,"href":"https:\/\/eu.tilta.com\/de\/wp-json\/wp\/v2\/product_tag?post=2441850"}],"curies":[{"name":"wp","href":"https:\/\/api.w.org\/{rel}","templated":true}]}}