{"id":2441873,"date":"2025-04-26T09:52:56","date_gmt":"2025-04-26T07:52:56","guid":{"rendered":"https:\/\/eu.tilta.com\/shop\/tilta-np-w235-akku-mit-usb-c-eingang-2400mah-fuer-fujifilm-kameras-gruen\/"},"modified":"2026-04-15T03:58:08","modified_gmt":"2026-04-15T01:58:08","slug":"tilta-np-w235-battery-with-usb-c-input-2400mah-for-fujifilm-cameras-green","status":"publish","type":"product","link":"https:\/\/eu.tilta.com\/de\/shop\/tilta-np-w235-battery-with-usb-c-input-2400mah-for-fujifilm-cameras-green\/","title":{"rendered":"Tilta NP-W235 Akku mit USB-C Eingang (2400mAh) f\u00fcr Fujifilm Kameras &#8211; Gr\u00fcn"},"content":{"rendered":"<p>Der Akku NP-W235 mit hoher Kapazit\u00e4t liefert zuverl\u00e4ssige, lang anhaltende Energie f\u00fcr Ihre Kamera und sorgt daf\u00fcr, dass Sie l\u00e4nger ohne Unterbrechungen fotografieren k\u00f6nnen.<\/p>\n<p>Mit einer innovativen Akkuzelle mit hoher Energiedichte bietet dieser Akku eine l\u00e4ngere Ausdauer und ist damit ideal f\u00fcr Foto- und Videosessions.<\/p>\n<p>Der integrierte USB-C-Anschluss unterst\u00fctzt PD-Schnellladung, so dass Sie Ihren Akku bequem direkt aufladen k\u00f6nnen, ohne eine Ladestation zu ben\u00f6tigen.<\/p>\n<p>Dank seines Dekodierungschips bietet der NP-W235 genaue Akkustandsanzeigen ohne unzul\u00e4ssige Akkuwarnungen. Dieser professionell nach CIPA-Standards getestete Akku erm\u00f6glicht es Ihnen, mit einer einzigen Ladung bis zu 414 Fotos zu schie\u00dfen oder \u00fcber 1,38 Stunden Video aufzunehmen.<\/p>\n<p>Mit Abmessungen, die denen des Originals entsprechen, passt es nahtlos in Ihre Kamera und gew\u00e4hrleistet perfekte Kompatibilit\u00e4t. Au\u00dferdem ist es mit mehreren internationalen Sicherheitszertifikaten (CCC, FCC, CE, PSE, KC, UL, BSMI) ausgestattet und bietet Ihnen somit ein sicheres Gef\u00fchl und zuverl\u00e4ssigen Schutz.<\/p>\n<p>Ob Sie nun ein Profi oder ein Enthusiast sind, der NP-W235 ist eine intelligente, effiziente und sichere Energiel\u00f6sung f\u00fcr all Ihre Bed\u00fcrfnisse in der Fotografie und Videografie.<\/p>\n","protected":false},"excerpt":{"rendered":"<p>Der Akku NP-W235 mit hoher Kapazit\u00e4t liefert zuverl\u00e4ssige, lang anhaltende Energie f\u00fcr Ihre Kamera und sorgt daf\u00fcr, dass Sie l\u00e4nger ohne Unterbrechungen fotografieren k\u00f6nnen. Mit einer innovativen Akkuzelle mit hoher Energiedichte bietet dieser Akku eine l\u00e4ngere Ausdauer und ist damit [&hellip;]<\/p>\n","protected":false},"featured_media":2327213,"comment_status":"open","ping_status":"closed","template":"","meta":[],"product_cat":[3837],"product_tag":[],"acf":[],"gallery_images":[2327219,2327231,2327244],"_links":{"self":[{"href":"https:\/\/eu.tilta.com\/de\/wp-json\/wp\/v2\/product\/2441873"}],"collection":[{"href":"https:\/\/eu.tilta.com\/de\/wp-json\/wp\/v2\/product"}],"about":[{"href":"https:\/\/eu.tilta.com\/de\/wp-json\/wp\/v2\/types\/product"}],"replies":[{"embeddable":true,"href":"https:\/\/eu.tilta.com\/de\/wp-json\/wp\/v2\/comments?post=2441873"}],"wp:featuredmedia":[{"embeddable":true,"href":"https:\/\/eu.tilta.com\/de\/wp-json\/wp\/v2\/media\/2327213"}],"wp:attachment":[{"href":"https:\/\/eu.tilta.com\/de\/wp-json\/wp\/v2\/media?parent=2441873"}],"wp:term":[{"taxonomy":"product_cat","embeddable":true,"href":"https:\/\/eu.tilta.com\/de\/wp-json\/wp\/v2\/product_cat?post=2441873"},{"taxonomy":"product_tag","embeddable":true,"href":"https:\/\/eu.tilta.com\/de\/wp-json\/wp\/v2\/product_tag?post=2441873"}],"curies":[{"name":"wp","href":"https:\/\/api.w.org\/{rel}","templated":true}]}}